{"id":750346,"date":"2025-03-03T22:48:12","date_gmt":"2025-03-03T21:48:12","guid":{"rendered":"https:\/\/stoic-curie.212-227-153-4.plesk.page\/producto\/carregador-de-bateria-quick-sbc-950-nrg-24v-40a\/"},"modified":"2026-02-25T00:28:13","modified_gmt":"2026-02-25T00:28:13","slug":"carregador-de-bateria-quick-sbc-950-nrg-24v-40a","status":"publish","type":"product","link":"https:\/\/stoic-curie.212-227-153-4.plesk.page\/pt\/product\/carregador-de-bateria-quick-sbc-950-nrg-24v-40a\/","title":{"rendered":"Carregador de Bateria Quick SBC 950 NRG+ 24V 40A"},"content":{"rendered":"<p>Carregador de Bateria Quick SBC 950 NRG+ 24V 40A &#8211; <\/p>\n<p style=\"color: rgb(34, 34, 34); font-family: Arial, Helvetica, sans-serif; font-size: small;\">Apresentamos o Carregador de Bateria Quick SBC 950 NRG+ 24V 40Amp. Este carregador de bateria de alta efici\u00eancia possui um sistema de carregamento IUoU em tr\u00eas est\u00e1gios, garantindo desempenho ideal. Inclui indicadores LED de estado atual e erro, juntamente com uma interface CAN bus para f\u00e1cil transfer\u00eancia de dados. O carregador \u00e9 projetado com um separador de carga MOSFET interno, permitindo o carregamento diferenciado de baterias abertas, seladas, GEL ou AGM. Ele pode fornecer pot\u00eancia total de sa\u00edda, mesmo com baixa tens\u00e3o de alimenta\u00e7\u00e3o, e pode funcionar como uma fonte de alimenta\u00e7\u00e3o sem baterias.<\/p>\n<p style=\"color: rgb(34, 34, 34); font-family: Arial, Helvetica, sans-serif; font-size: small;\">O SBC NRG+ \u00e9 compat\u00edvel com todos os tipos de geradores e possui uma entrada universal de alimenta\u00e7\u00e3o AC com conectores f\u00e1ceis de usar. Tamb\u00e9m inclui v\u00e1rios recursos de seguran\u00e7a, como prote\u00e7\u00e3o contra polaridade reversa, sobrecarga, curto-circuitos na sa\u00edda, sobretens\u00e3o na sa\u00edda e superaquecimento.<\/p>\n<p style=\"color: rgb(34, 34, 34); font-family: Arial, Helvetica, sans-serif; font-size: small;\">Para maior comodidade, um painel remoto LCD RDS 1562 12\/24V opcional com interface CAN bus est\u00e1 dispon\u00edvel para monitorar o estado de carregamento \u00e0 dist\u00e2ncia. Os novos carregadores de bateria SBC NRG+ s\u00e3o mais compactos e equipados com conectores f\u00e1ceis de usar, tornando a instala\u00e7\u00e3o simples. Com um \u00edndice de efici\u00eancia de at\u00e9 92%, esses carregadores consomem menos energia, geram menos calor e melhoram a confiabilidade do sistema.<\/p>\n<p style=\"color: rgb(34, 34, 34); font-family: Arial, Helvetica, sans-serif; font-size: small;\">Especifica\u00e7\u00f5es:<\/p>\n<ul style=\"color: rgb(34, 34, 34); font-family: Arial, Helvetica, sans-serif; font-size: small;\">\n<li>Tipo de Pot\u00eancia: Tens\u00e3o Constante<\/li>\n<li>Fonte de Luz: 1 x Power LED<\/li>\n<li>Tens\u00e3o de Fornecimento: 10 a 30 V<\/li>\n<li>Consumo de Energia: 4 W<\/li>\n<li>Consumo de Corrente: 0.17 A @ 24 V<\/li>\n<li>Vida \u00datil M\u00e9dia: 50.000 Horas<\/li>\n<li>Classifica\u00e7\u00e3o de Seguran\u00e7a IP: 40<\/li>\n<li>Temperatura de Cor da Luz Diurna: 3800 &#8211; 4100 \u00b0K<\/li>\n<li>Sa\u00edda de Luz: 186 l\u00famens<\/li>\n<li>Efici\u00eancia: 47 l\u00famens\/Watt<\/li>\n<\/ul>\n<p style=\"color: rgb(34, 34, 34); font-family: Arial, Helvetica, sans-serif; font-size: small;\">Este carregador de bateria \u00e9 uma excelente op\u00e7\u00e3o para entusiastas de barcos que procuram confiabilidade e efici\u00eancia em seu equipamento.<\/p>\n","protected":false},"excerpt":{"rendered":"<p>Carregador de Bateria Quick SBC 950 NRG+ 24V 40A &#8211; Apresentamos o Carregador de Bateria Quick SBC 950 NRG+ 24V<\/p>\n","protected":false},"featured_media":5945453,"comment_status":"open","ping_status":"closed","template":"","meta":[],"product_brand":[3282],"product_cat":[2024],"product_tag":[],"class_list":{"0":"post-750346","1":"product","2":"type-product","3":"status-publish","4":"has-post-thumbnail","6":"product_brand-quick-pt","7":"product_cat-carregadores-de-bateria","9":"first","10":"instock","11":"shipping-taxable","12":"purchasable","13":"product-type-simple"},"_links":{"self":[{"href":"https:\/\/stoic-curie.212-227-153-4.plesk.page\/pt\/wp-json\/wp\/v2\/product\/750346","targetHints":{"allow":["GET"]}}],"collection":[{"href":"https:\/\/stoic-curie.212-227-153-4.plesk.page\/pt\/wp-json\/wp\/v2\/product"}],"about":[{"href":"https:\/\/stoic-curie.212-227-153-4.plesk.page\/pt\/wp-json\/wp\/v2\/types\/product"}],"replies":[{"embeddable":true,"href":"https:\/\/stoic-curie.212-227-153-4.plesk.page\/pt\/wp-json\/wp\/v2\/comments?post=750346"}],"version-history":[{"count":0,"href":"https:\/\/stoic-curie.212-227-153-4.plesk.page\/pt\/wp-json\/wp\/v2\/product\/750346\/revisions"}],"wp:featuredmedia":[{"embeddable":true,"href":"https:\/\/stoic-curie.212-227-153-4.plesk.page\/pt\/wp-json\/wp\/v2\/media\/5945453"}],"wp:attachment":[{"href":"https:\/\/stoic-curie.212-227-153-4.plesk.page\/pt\/wp-json\/wp\/v2\/media?parent=750346"}],"wp:term":[{"taxonomy":"product_brand","embeddable":true,"href":"https:\/\/stoic-curie.212-227-153-4.plesk.page\/pt\/wp-json\/wp\/v2\/product_brand?post=750346"},{"taxonomy":"product_cat","embeddable":true,"href":"https:\/\/stoic-curie.212-227-153-4.plesk.page\/pt\/wp-json\/wp\/v2\/product_cat?post=750346"},{"taxonomy":"product_tag","embeddable":true,"href":"https:\/\/stoic-curie.212-227-153-4.plesk.page\/pt\/wp-json\/wp\/v2\/product_tag?post=750346"}],"curies":[{"name":"wp","href":"https:\/\/api.w.org\/{rel}","templated":true}]}}