{"id":750347,"date":"2025-03-03T22:48:12","date_gmt":"2025-03-03T21:48:12","guid":{"rendered":"https:\/\/stoic-curie.212-227-153-4.plesk.page\/producto\/carregador-de-bateria-quick-sbc-1200-nrg-12v-100a\/"},"modified":"2026-02-25T00:28:13","modified_gmt":"2026-02-25T00:28:13","slug":"carregador-de-bateria-quick-sbc-1200-nrg-12v-100a","status":"publish","type":"product","link":"https:\/\/stoic-curie.212-227-153-4.plesk.page\/pt\/product\/carregador-de-bateria-quick-sbc-1200-nrg-12v-100a\/","title":{"rendered":"Carregador de Bateria Quick SBC 1200 NRG+ 12V 100A"},"content":{"rendered":"<p>Carregador de Bateria Quick SBC 1200 NRG+ 12V 100A &#8211; <\/p>\n<p style=\"color: rgb(34, 34, 34); font-family: Arial, Helvetica, sans-serif; font-size: small;\"><strong>SBC NRG+ 1200<\/strong><strong>\u00a0Carregadores de Bateria de Alta Efici\u00eancia<\/strong><\/p>\n<p style=\"color: rgb(34, 34, 34); font-family: Arial, Helvetica, sans-serif; font-size: small;\">Apresentamos\u00a0\u00a0<strong>SBC NRG+ 1200<\/strong>\u00a0Carregadores de bateria de alta pot\u00eancia, projetados para efici\u00eancia \u00f3tima com um processo de carregamento de tr\u00eas est\u00e1gios IUoU. Estes carregadores apresentam indicadores LED de status e erro, juntamente com uma interface CAN bus para transfer\u00eancia de dados sem interrup\u00e7\u00f5es. O inovador separador de carga MOSFET interno permite carregamento diferenciado, acomodando baterias abertas, seladas, GEL ou AGM.<\/p>\n<p style=\"color: rgb(34, 34, 34); font-family: Arial, Helvetica, sans-serif; font-size: small;\">Uma das caracter\u00edsticas mais not\u00e1veis do SBC NRG+ \u00e9 sua capacidade de fornecer pot\u00eancia total de sa\u00edda mesmo em baixa tens\u00e3o de alimenta\u00e7\u00e3o. Al\u00e9m disso, pode funcionar como uma fonte de alimenta\u00e7\u00e3o sem a necessidade de baterias. O carregador \u00e9 compat\u00edvel com v\u00e1rios geradores e inclui uma entrada de alimenta\u00e7\u00e3o AC universal com conectores amig\u00e1veis ao usu\u00e1rio.<\/p>\n<p style=\"color: rgb(34, 34, 34); font-family: Arial, Helvetica, sans-serif; font-size: small;\">A seguran\u00e7a \u00e9 primordial, e o SBC NRG+ \u00e9 equipado com prote\u00e7\u00f5es contra polaridade reversa, sobrecarga, curto-circuito de sa\u00edda, sobretens\u00e3o e superaquecimento. Para monitoramento aprimorado, um painel remoto LCD RDS 1562 de 12\/24V opcional com interface CAN bus est\u00e1 dispon\u00edvel, permitindo que os usu\u00e1rios monitoram remotamente o status de carga.<\/p>\n<p style=\"color: rgb(34, 34, 34); font-family: Arial, Helvetica, sans-serif; font-size: small;\"><strong>Caracter\u00edsticas Principais:<\/strong><\/p>\n<ul style=\"color: rgb(34, 34, 34); font-family: Arial, Helvetica, sans-serif; font-size: small;\">\n<li>Carga de bateria em tr\u00eas est\u00e1gios IUoU<\/li>\n<li>Alta efici\u00eancia<\/li>\n<li>Carga diferenciada para v\u00e1rios tipos de bateria: eletr\u00f3lito l\u00edquido aberto, eletr\u00f3lito l\u00edquido selado, GEL ou AGM<\/li>\n<li>Sistema de conex\u00e3o de sa\u00edda amig\u00e1vel ao usu\u00e1rio<\/li>\n<li>Design compacto e leve<\/li>\n<\/ul>\n<p style=\"color: rgb(34, 34, 34); font-family: Arial, Helvetica, sans-serif; font-size: small;\"><strong>Especifica\u00e7\u00f5es para SBC NRG+ 1200:<\/strong><\/p>\n<ul style=\"color: rgb(34, 34, 34); font-family: Arial, Helvetica, sans-serif; font-size: small;\">\n<li><strong>Tens\u00e3o da Bateria:<\/strong>\u00a012 V<\/li>\n<li><strong>Corrente de Sa\u00edda M\u00e1xima:<\/strong>\u00a0100 A<\/li>\n<li><strong>Tens\u00e3o de Absor\u00e7\u00e3o:<\/strong>\n<ul>\n<li>14.1 V (L\u00edquido Aberto)<\/li>\n<li>14.4 V (Selada\/GEL\/AGM)<\/li>\n<li>14.7 V (Optima)<\/li>\n<li>14.2 V (Li-ion)<\/li>\n<\/ul>\n<\/li>\n<li><strong>Tens\u00e3o de Flutua\u00e7\u00e3o:<\/strong>\n<ul>\n<li>13.4 V (L\u00edquido Aberto)<\/li>\n<li>13.6 V (AGM)<\/li>\n<li>13.8 V (Selada\/GEL\/Optima)<\/li>\n<li>13.5 V (Li-ion)<\/li>\n<\/ul>\n<\/li>\n<li><strong>Capacidade da Bateria:<\/strong>\u00a0270 A.h a 600 A.h<\/li>\n<li><strong>N\u00famero de Sa\u00eddas:<\/strong>\u00a03<\/li>\n<li><strong>Tens\u00e3o de Entrada:<\/strong>\u00a083 V a 264 V<\/li>\n<li><strong>Frequ\u00eancia:<\/strong>\u00a045 Hz a 66 Hz<\/li>\n<li><strong>Refrigera\u00e7\u00e3o:<\/strong>\u00a0Refrigera\u00e7\u00e3o for\u00e7ada com ventilador de velocidade vari\u00e1vel<\/li>\n<li><strong>Dimens\u00f5es (LxAxP):<\/strong>\u00a0170 x 481 x 82 mm<\/li>\n<li><strong>Peso:<\/strong>\u00a03.1 kg<\/li>\n<\/ul>\n<p style=\"color: rgb(34, 34, 34); font-family: Arial, Helvetica, sans-serif; font-size: small;\">Os carregadores de bateria de alta pot\u00eancia SBC NRG+ s\u00e3o uma excelente escolha para os propriet\u00e1rios de barcos que procuram solu\u00e7\u00f5es de carregamento confi\u00e1veis e de alta qualidade. Com seus recursos avan\u00e7ados e robustas medidas de seguran\u00e7a, esses carregadores garantem que suas baterias sejam mantidas de maneira eficaz e eficiente.<\/p>\n","protected":false},"excerpt":{"rendered":"<p>Carregador de Bateria Quick SBC 1200 NRG+ 12V 100A &#8211; SBC NRG+ 1200\u00a0Carregadores de Bateria de Alta Efici\u00eancia Apresentamos\u00a0\u00a0SBC NRG+<\/p>\n","protected":false},"featured_media":5945457,"comment_status":"open","ping_status":"closed","template":"","meta":[],"product_brand":[3282],"product_cat":[2024],"product_tag":[],"class_list":{"0":"post-750347","1":"product","2":"type-product","3":"status-publish","4":"has-post-thumbnail","6":"product_brand-quick-pt","7":"product_cat-carregadores-de-bateria","9":"first","10":"instock","11":"shipping-taxable","12":"purchasable","13":"product-type-simple"},"_links":{"self":[{"href":"https:\/\/stoic-curie.212-227-153-4.plesk.page\/pt\/wp-json\/wp\/v2\/product\/750347","targetHints":{"allow":["GET"]}}],"collection":[{"href":"https:\/\/stoic-curie.212-227-153-4.plesk.page\/pt\/wp-json\/wp\/v2\/product"}],"about":[{"href":"https:\/\/stoic-curie.212-227-153-4.plesk.page\/pt\/wp-json\/wp\/v2\/types\/product"}],"replies":[{"embeddable":true,"href":"https:\/\/stoic-curie.212-227-153-4.plesk.page\/pt\/wp-json\/wp\/v2\/comments?post=750347"}],"version-history":[{"count":0,"href":"https:\/\/stoic-curie.212-227-153-4.plesk.page\/pt\/wp-json\/wp\/v2\/product\/750347\/revisions"}],"wp:featuredmedia":[{"embeddable":true,"href":"https:\/\/stoic-curie.212-227-153-4.plesk.page\/pt\/wp-json\/wp\/v2\/media\/5945457"}],"wp:attachment":[{"href":"https:\/\/stoic-curie.212-227-153-4.plesk.page\/pt\/wp-json\/wp\/v2\/media?parent=750347"}],"wp:term":[{"taxonomy":"product_brand","embeddable":true,"href":"https:\/\/stoic-curie.212-227-153-4.plesk.page\/pt\/wp-json\/wp\/v2\/product_brand?post=750347"},{"taxonomy":"product_cat","embeddable":true,"href":"https:\/\/stoic-curie.212-227-153-4.plesk.page\/pt\/wp-json\/wp\/v2\/product_cat?post=750347"},{"taxonomy":"product_tag","embeddable":true,"href":"https:\/\/stoic-curie.212-227-153-4.plesk.page\/pt\/wp-json\/wp\/v2\/product_tag?post=750347"}],"curies":[{"name":"wp","href":"https:\/\/api.w.org\/{rel}","templated":true}]}}