{"id":750351,"date":"2025-03-03T22:48:13","date_gmt":"2025-03-03T21:48:13","guid":{"rendered":"https:\/\/stoic-curie.212-227-153-4.plesk.page\/producto\/painel-digital-com-6-interruptores-tateis-91-x-a75-mm\/"},"modified":"2026-02-25T00:28:13","modified_gmt":"2026-02-25T00:28:13","slug":"painel-digital-com-6-interruptores-tateis-91-x-a75-mm","status":"publish","type":"product","link":"https:\/\/stoic-curie.212-227-153-4.plesk.page\/pt\/product\/painel-digital-com-6-interruptores-tateis-91-x-a75-mm\/","title":{"rendered":"Painel Digital com 6 interruptores t\u00e1teis 91 x A75 mm"},"content":{"rendered":"<p>Painel Digital com 6 interruptores t\u00e1teis 91 x A75 mm &#8211; <\/p>\n<p>Painel digital compacto IP67 \u00e0 prova d&#8217;\u00e1gua para 12\/24V. Inclui painel em PET com interruptores de toque retroiluminados dotados de luzes piloto LED, um cabo de conex\u00e3o de 1 metro e 60 etiquetas pr\u00e9-impressas. Equipado com fus\u00edveis reset\u00e1veis embutidos que funcionam como disjuntores. Todos os bot\u00f5es podem ser configurados para (LIGADO)-DESLIGADO para a buzina.<\/p>\n","protected":false},"excerpt":{"rendered":"<p>Painel Digital com 6 interruptores t\u00e1teis 91 x A75 mm &#8211; Painel digital compacto IP67 \u00e0 prova d&#8217;\u00e1gua para 12\/24V.<\/p>\n","protected":false},"featured_media":5945471,"comment_status":"open","ping_status":"closed","template":"","meta":[],"product_brand":[2832],"product_cat":[2033],"product_tag":[],"class_list":{"0":"post-750351","1":"product","2":"type-product","3":"status-publish","4":"has-post-thumbnail","6":"product_brand-blue-sea-systems-pt","7":"product_cat-quadros-eletricos","9":"first","10":"instock","11":"shipping-taxable","12":"purchasable","13":"product-type-simple"},"_links":{"self":[{"href":"https:\/\/stoic-curie.212-227-153-4.plesk.page\/pt\/wp-json\/wp\/v2\/product\/750351","targetHints":{"allow":["GET"]}}],"collection":[{"href":"https:\/\/stoic-curie.212-227-153-4.plesk.page\/pt\/wp-json\/wp\/v2\/product"}],"about":[{"href":"https:\/\/stoic-curie.212-227-153-4.plesk.page\/pt\/wp-json\/wp\/v2\/types\/product"}],"replies":[{"embeddable":true,"href":"https:\/\/stoic-curie.212-227-153-4.plesk.page\/pt\/wp-json\/wp\/v2\/comments?post=750351"}],"version-history":[{"count":0,"href":"https:\/\/stoic-curie.212-227-153-4.plesk.page\/pt\/wp-json\/wp\/v2\/product\/750351\/revisions"}],"wp:featuredmedia":[{"embeddable":true,"href":"https:\/\/stoic-curie.212-227-153-4.plesk.page\/pt\/wp-json\/wp\/v2\/media\/5945471"}],"wp:attachment":[{"href":"https:\/\/stoic-curie.212-227-153-4.plesk.page\/pt\/wp-json\/wp\/v2\/media?parent=750351"}],"wp:term":[{"taxonomy":"product_brand","embeddable":true,"href":"https:\/\/stoic-curie.212-227-153-4.plesk.page\/pt\/wp-json\/wp\/v2\/product_brand?post=750351"},{"taxonomy":"product_cat","embeddable":true,"href":"https:\/\/stoic-curie.212-227-153-4.plesk.page\/pt\/wp-json\/wp\/v2\/product_cat?post=750351"},{"taxonomy":"product_tag","embeddable":true,"href":"https:\/\/stoic-curie.212-227-153-4.plesk.page\/pt\/wp-json\/wp\/v2\/product_tag?post=750351"}],"curies":[{"name":"wp","href":"https:\/\/api.w.org\/{rel}","templated":true}]}}