{"id":750354,"date":"2025-03-03T22:48:14","date_gmt":"2025-03-03T21:48:14","guid":{"rendered":"https:\/\/stoic-curie.212-227-153-4.plesk.page\/producto\/lampada-led-dhr-14053-4-12-24v\/"},"modified":"2026-02-25T00:28:13","modified_gmt":"2026-02-25T00:28:13","slug":"lampada-led-dhr-14053-4-12-24v","status":"publish","type":"product","link":"https:\/\/stoic-curie.212-227-153-4.plesk.page\/pt\/product\/lampada-led-dhr-14053-4-12-24v\/","title":{"rendered":"L\u00e2mpada LED sobressalente para DHR 150"},"content":{"rendered":"<p>L\u00e2mpada LED sobressalente para DHR 150 &#8211; <\/p>\n<p>Bulbo LED sobressalente para DHR 150. O holofote da s\u00e9rie DHR150 \u00e9 um recurso atemporal que tem sido amado no mundo da navega\u00e7\u00e3o recreativa desde o seu lan\u00e7amento inicial na d\u00e9cada de 1960. Com a evolu\u00e7\u00e3o da tecnologia LED, a DHR introduziu uma substitui\u00e7\u00e3o de LED PAR46 que se encaixa perfeitamente no modelo da s\u00e9rie 150, sem a necessidade de altera\u00e7\u00f5es especiais para a instala\u00e7\u00e3o. Voc\u00ea pode conectar facilmente a fia\u00e7\u00e3o existente ao inserto LED, sem precisar de ferramentas adicionais.<\/p>\n<p>Este substituto LED possui uma intensidade luminosa impressionante de 200.000 candelas enquanto consome apenas 10 watts de energia, superando o desempenho das l\u00e2mpadas incandescentes tradicionais que consomem entre 100 e 250 watts. Ele funciona de maneira eficiente dentro de uma faixa de tens\u00e3o de 10-32 VDC. A DHR tamb\u00e9m projetou um sistema \u00f3ptico distinto que produz um feixe claro e concentrado, ao mesmo tempo reduzindo a luz dispersa. O padr\u00e3o de feixe estreito coloca a substitui\u00e7\u00e3o 150LED como um dos holofotes marinhos compactos de melhor desempenho em sua categoria.<\/p>\n<p><strong>Substitui\u00e7\u00f5es diretas para as seguintes l\u00e2mpadas de feixe selado GE:<\/strong><\/p>\n<ul>\n<li>PAR46 Feixe Selado GE4537-2<\/li>\n<li>PAR46 Feixe Selado GE4553<\/li>\n<\/ul>\n<p><strong>Materiais:<\/strong><\/p>\n<ul>\n<li>Habita\u00e7\u00e3o em a\u00e7o inoxid\u00e1vel escovado 316L<\/li>\n<li>Todos os outros componentes s\u00e3o resistentes \u00e0 corros\u00e3o e n\u00e3o magn\u00e9ticos<\/li>\n<\/ul>\n<p><strong>Peso:<\/strong><\/p>\n<ul>\n<li>1,00 kg<\/li>\n<\/ul>\n<p><strong>Aplica\u00e7\u00e3o:<\/strong><\/p>\n<ul>\n<li>Adequado para holofotes da s\u00e9rie DHR150.<\/li>\n<\/ul>\n<p><strong>\u00d3ptica:<\/strong><\/p>\n<ul>\n<li>Inserto LED<\/li>\n<\/ul>\n<p><strong>Classe de Prote\u00e7\u00e3o:<\/strong><\/p>\n<ul>\n<li>IP66<\/li>\n<\/ul>\n<p><strong>Especifica\u00e7\u00f5es:<\/strong><\/p>\n<ul>\n<li><strong>Modelo:<\/strong> inserto LED<\/li>\n<li><strong>Tens\u00e3o:<\/strong> 10-32 VDC<\/li>\n<li><strong>Base da L\u00e2mpada:<\/strong> terminal de encaixe<\/li>\n<li><strong>Poder:<\/strong> 10W<\/li>\n<li><strong>Alcance a 1 Lux:<\/strong> 447m<\/li>\n<li><strong>Diverg\u00eancia a 50%:<\/strong> 3,5\u00b0 x 2,5\u00b0<\/li>\n<li><strong>Intensidade da Luz:<\/strong> 200.000 cd<\/li>\n<li><strong>C\u00f3digo do Artigo:<\/strong> 150LED-INSERT<\/li>\n<\/ul>\n","protected":false},"excerpt":{"rendered":"<p>L\u00e2mpada LED sobressalente para DHR 150 &#8211; Bulbo LED sobressalente para DHR 150. O holofote da s\u00e9rie DHR150 \u00e9 um<\/p>\n","protected":false},"featured_media":5945484,"comment_status":"open","ping_status":"closed","template":"","meta":[],"product_brand":[2882],"product_cat":[2021],"product_tag":[],"class_list":{"0":"post-750354","1":"product","2":"type-product","3":"status-publish","4":"has-post-thumbnail","6":"product_brand-dhr-pt","7":"product_cat-projetores-e-holofotes","9":"first","10":"instock","11":"shipping-taxable","12":"purchasable","13":"product-type-simple"},"_links":{"self":[{"href":"https:\/\/stoic-curie.212-227-153-4.plesk.page\/pt\/wp-json\/wp\/v2\/product\/750354","targetHints":{"allow":["GET"]}}],"collection":[{"href":"https:\/\/stoic-curie.212-227-153-4.plesk.page\/pt\/wp-json\/wp\/v2\/product"}],"about":[{"href":"https:\/\/stoic-curie.212-227-153-4.plesk.page\/pt\/wp-json\/wp\/v2\/types\/product"}],"replies":[{"embeddable":true,"href":"https:\/\/stoic-curie.212-227-153-4.plesk.page\/pt\/wp-json\/wp\/v2\/comments?post=750354"}],"version-history":[{"count":0,"href":"https:\/\/stoic-curie.212-227-153-4.plesk.page\/pt\/wp-json\/wp\/v2\/product\/750354\/revisions"}],"wp:featuredmedia":[{"embeddable":true,"href":"https:\/\/stoic-curie.212-227-153-4.plesk.page\/pt\/wp-json\/wp\/v2\/media\/5945484"}],"wp:attachment":[{"href":"https:\/\/stoic-curie.212-227-153-4.plesk.page\/pt\/wp-json\/wp\/v2\/media?parent=750354"}],"wp:term":[{"taxonomy":"product_brand","embeddable":true,"href":"https:\/\/stoic-curie.212-227-153-4.plesk.page\/pt\/wp-json\/wp\/v2\/product_brand?post=750354"},{"taxonomy":"product_cat","embeddable":true,"href":"https:\/\/stoic-curie.212-227-153-4.plesk.page\/pt\/wp-json\/wp\/v2\/product_cat?post=750354"},{"taxonomy":"product_tag","embeddable":true,"href":"https:\/\/stoic-curie.212-227-153-4.plesk.page\/pt\/wp-json\/wp\/v2\/product_tag?post=750354"}],"curies":[{"name":"wp","href":"https:\/\/api.w.org\/{rel}","templated":true}]}}