{"id":750356,"date":"2025-03-03T22:48:15","date_gmt":"2025-03-03T21:48:15","guid":{"rendered":"https:\/\/stoic-curie.212-227-153-4.plesk.page\/producto\/farol-de-busca-led-9-x-3w-12-24v-com-controlo-remoto\/"},"modified":"2026-02-25T00:28:13","modified_gmt":"2026-02-25T00:28:13","slug":"farol-de-busca-led-9-x-3w-12-24v-com-controlo-remoto","status":"publish","type":"product","link":"https:\/\/stoic-curie.212-227-153-4.plesk.page\/pt\/product\/farol-de-busca-led-9-x-3w-12-24v-com-controlo-remoto\/","title":{"rendered":"Farol de Busca LED 9 x 3W 12-24V com Controlo Remoto"},"content":{"rendered":"<p>Farol de Busca LED 9 x 3W 12-24V com Controlo Remoto &#8211; <\/p>\n<p>Lanterna de busca LED controlada remotamente com alcance de at\u00e9 50 metros e painel de controle sem fio. Carca\u00e7a pl\u00e1stica \u00e0 prova d&#8217;\u00e1gua, base de nylon refor\u00e7ada. Com cabo de 4 metros, tens\u00e3o universal de 12\/24V. Consumo de 20,5W.<\/p>\n","protected":false},"excerpt":{"rendered":"<p>Farol de Busca LED 9 x 3W 12-24V com Controlo Remoto &#8211; Lanterna de busca LED controlada remotamente com alcance<\/p>\n","protected":false},"featured_media":5945497,"comment_status":"open","ping_status":"closed","template":"","meta":[],"product_brand":[3142],"product_cat":[2021],"product_tag":[],"class_list":{"0":"post-750356","1":"product","2":"type-product","3":"status-publish","4":"has-post-thumbnail","6":"product_brand-matromarine-pt","7":"product_cat-projetores-e-holofotes","9":"first","10":"instock","11":"shipping-taxable","12":"purchasable","13":"product-type-simple"},"_links":{"self":[{"href":"https:\/\/stoic-curie.212-227-153-4.plesk.page\/pt\/wp-json\/wp\/v2\/product\/750356","targetHints":{"allow":["GET"]}}],"collection":[{"href":"https:\/\/stoic-curie.212-227-153-4.plesk.page\/pt\/wp-json\/wp\/v2\/product"}],"about":[{"href":"https:\/\/stoic-curie.212-227-153-4.plesk.page\/pt\/wp-json\/wp\/v2\/types\/product"}],"replies":[{"embeddable":true,"href":"https:\/\/stoic-curie.212-227-153-4.plesk.page\/pt\/wp-json\/wp\/v2\/comments?post=750356"}],"version-history":[{"count":0,"href":"https:\/\/stoic-curie.212-227-153-4.plesk.page\/pt\/wp-json\/wp\/v2\/product\/750356\/revisions"}],"wp:featuredmedia":[{"embeddable":true,"href":"https:\/\/stoic-curie.212-227-153-4.plesk.page\/pt\/wp-json\/wp\/v2\/media\/5945497"}],"wp:attachment":[{"href":"https:\/\/stoic-curie.212-227-153-4.plesk.page\/pt\/wp-json\/wp\/v2\/media?parent=750356"}],"wp:term":[{"taxonomy":"product_brand","embeddable":true,"href":"https:\/\/stoic-curie.212-227-153-4.plesk.page\/pt\/wp-json\/wp\/v2\/product_brand?post=750356"},{"taxonomy":"product_cat","embeddable":true,"href":"https:\/\/stoic-curie.212-227-153-4.plesk.page\/pt\/wp-json\/wp\/v2\/product_cat?post=750356"},{"taxonomy":"product_tag","embeddable":true,"href":"https:\/\/stoic-curie.212-227-153-4.plesk.page\/pt\/wp-json\/wp\/v2\/product_tag?post=750356"}],"curies":[{"name":"wp","href":"https:\/\/api.w.org\/{rel}","templated":true}]}}