{"id":750358,"date":"2025-03-03T22:48:15","date_gmt":"2025-03-03T21:48:15","guid":{"rendered":"https:\/\/stoic-curie.212-227-153-4.plesk.page\/producto\/farol-de-busca-led-ajustavel-ocean-pro-12v\/"},"modified":"2026-02-25T00:28:13","modified_gmt":"2026-02-25T00:28:13","slug":"farol-de-busca-led-ajustavel-ocean-pro-12v","status":"publish","type":"product","link":"https:\/\/stoic-curie.212-227-153-4.plesk.page\/pt\/product\/farol-de-busca-led-ajustavel-ocean-pro-12v\/","title":{"rendered":"Farol de Busca LED Ajust\u00e1vel Ocean Pro 12V"},"content":{"rendered":"<p>Farol de Busca LED Ajust\u00e1vel Ocean Pro 12V &#8211; <\/p>\n<p>Lanterna de busca LED ajust\u00e1vel com painel de controle \u00e0 prova d&#8217;\u00e1gua conectado. Corpo \u00e0 prova de choque e resistente a UV em pol\u00edmero \u00e0 prova d&#8217;\u00e1gua. Com combina\u00e7\u00e3o de luz dupla: modo de luz pontual e modo de luz difusa. Dimens\u00f5es: 230 x 185 x H210 mm.<\/p>\n","protected":false},"excerpt":{"rendered":"<p>Farol de Busca LED Ajust\u00e1vel Ocean Pro 12V &#8211; Lanterna de busca LED ajust\u00e1vel com painel de controle \u00e0 prova<\/p>\n","protected":false},"featured_media":5945500,"comment_status":"open","ping_status":"closed","template":"","meta":[],"product_brand":[3142],"product_cat":[2021],"product_tag":[],"class_list":{"0":"post-750358","1":"product","2":"type-product","3":"status-publish","4":"has-post-thumbnail","6":"product_brand-matromarine-pt","7":"product_cat-projetores-e-holofotes","9":"first","10":"instock","11":"shipping-taxable","12":"purchasable","13":"product-type-simple"},"_links":{"self":[{"href":"https:\/\/stoic-curie.212-227-153-4.plesk.page\/pt\/wp-json\/wp\/v2\/product\/750358","targetHints":{"allow":["GET"]}}],"collection":[{"href":"https:\/\/stoic-curie.212-227-153-4.plesk.page\/pt\/wp-json\/wp\/v2\/product"}],"about":[{"href":"https:\/\/stoic-curie.212-227-153-4.plesk.page\/pt\/wp-json\/wp\/v2\/types\/product"}],"replies":[{"embeddable":true,"href":"https:\/\/stoic-curie.212-227-153-4.plesk.page\/pt\/wp-json\/wp\/v2\/comments?post=750358"}],"version-history":[{"count":0,"href":"https:\/\/stoic-curie.212-227-153-4.plesk.page\/pt\/wp-json\/wp\/v2\/product\/750358\/revisions"}],"wp:featuredmedia":[{"embeddable":true,"href":"https:\/\/stoic-curie.212-227-153-4.plesk.page\/pt\/wp-json\/wp\/v2\/media\/5945500"}],"wp:attachment":[{"href":"https:\/\/stoic-curie.212-227-153-4.plesk.page\/pt\/wp-json\/wp\/v2\/media?parent=750358"}],"wp:term":[{"taxonomy":"product_brand","embeddable":true,"href":"https:\/\/stoic-curie.212-227-153-4.plesk.page\/pt\/wp-json\/wp\/v2\/product_brand?post=750358"},{"taxonomy":"product_cat","embeddable":true,"href":"https:\/\/stoic-curie.212-227-153-4.plesk.page\/pt\/wp-json\/wp\/v2\/product_cat?post=750358"},{"taxonomy":"product_tag","embeddable":true,"href":"https:\/\/stoic-curie.212-227-153-4.plesk.page\/pt\/wp-json\/wp\/v2\/product_tag?post=750358"}],"curies":[{"name":"wp","href":"https:\/\/api.w.org\/{rel}","templated":true}]}}