{"id":750363,"date":"2025-03-03T22:48:17","date_gmt":"2025-03-03T21:48:17","guid":{"rendered":"https:\/\/stoic-curie.212-227-153-4.plesk.page\/producto\/luz-led-submersivel-branca-wk-128-x-80-x-a17mm-24-x-5w\/"},"modified":"2026-02-25T00:28:13","modified_gmt":"2026-02-25T00:28:13","slug":"luz-led-submersivel-branca-wk-128-x-80-x-a17mm-24-x-5w","status":"publish","type":"product","link":"https:\/\/stoic-curie.212-227-153-4.plesk.page\/pt\/product\/luz-led-submersivel-branca-wk-128-x-80-x-a17mm-24-x-5w\/","title":{"rendered":"Luz LED Submers\u00edvel Branca WK 128 x 80 x A17mm 24 x 5W"},"content":{"rendered":"<p>Luz LED Submers\u00edvel Branca WK 128 x 80 x A17mm 24 x 5W &#8211; <\/p>\n<p>Fonte de alimenta\u00e7\u00e3o universal 9-32V com luz LED subaqu\u00e1tica de alta luminosidade. Carca\u00e7a estanque em a\u00e7o inoxid\u00e1vel 316 com eletr\u00f4nicos selados em gel de silicone. Com controlador embutido e prote\u00e7\u00e3o contra superaquecimento. Cabo el\u00e9trico de 1,5 m.<\/p>\n","protected":false},"excerpt":{"rendered":"<p>Luz LED Submers\u00edvel Branca WK 128 x 80 x A17mm 24 x 5W &#8211; Fonte de alimenta\u00e7\u00e3o universal 9-32V com<\/p>\n","protected":false},"featured_media":5945510,"comment_status":"open","ping_status":"closed","template":"","meta":[],"product_brand":[3222],"product_cat":[2018],"product_tag":[],"class_list":{"0":"post-750363","1":"product","2":"type-product","3":"status-publish","4":"has-post-thumbnail","6":"product_brand-oceanled-pt","7":"product_cat-luzes-led-submersiveis","9":"first","10":"instock","11":"shipping-taxable","12":"purchasable","13":"product-type-simple"},"_links":{"self":[{"href":"https:\/\/stoic-curie.212-227-153-4.plesk.page\/pt\/wp-json\/wp\/v2\/product\/750363","targetHints":{"allow":["GET"]}}],"collection":[{"href":"https:\/\/stoic-curie.212-227-153-4.plesk.page\/pt\/wp-json\/wp\/v2\/product"}],"about":[{"href":"https:\/\/stoic-curie.212-227-153-4.plesk.page\/pt\/wp-json\/wp\/v2\/types\/product"}],"replies":[{"embeddable":true,"href":"https:\/\/stoic-curie.212-227-153-4.plesk.page\/pt\/wp-json\/wp\/v2\/comments?post=750363"}],"version-history":[{"count":0,"href":"https:\/\/stoic-curie.212-227-153-4.plesk.page\/pt\/wp-json\/wp\/v2\/product\/750363\/revisions"}],"wp:featuredmedia":[{"embeddable":true,"href":"https:\/\/stoic-curie.212-227-153-4.plesk.page\/pt\/wp-json\/wp\/v2\/media\/5945510"}],"wp:attachment":[{"href":"https:\/\/stoic-curie.212-227-153-4.plesk.page\/pt\/wp-json\/wp\/v2\/media?parent=750363"}],"wp:term":[{"taxonomy":"product_brand","embeddable":true,"href":"https:\/\/stoic-curie.212-227-153-4.plesk.page\/pt\/wp-json\/wp\/v2\/product_brand?post=750363"},{"taxonomy":"product_cat","embeddable":true,"href":"https:\/\/stoic-curie.212-227-153-4.plesk.page\/pt\/wp-json\/wp\/v2\/product_cat?post=750363"},{"taxonomy":"product_tag","embeddable":true,"href":"https:\/\/stoic-curie.212-227-153-4.plesk.page\/pt\/wp-json\/wp\/v2\/product_tag?post=750363"}],"curies":[{"name":"wp","href":"https:\/\/api.w.org\/{rel}","templated":true}]}}