{"id":750366,"date":"2025-03-03T22:48:18","date_gmt":"2025-03-03T21:48:18","guid":{"rendered":"https:\/\/stoic-curie.212-227-153-4.plesk.page\/producto\/luz-submersivel-branca-36-x-a17mm-9-x-3w-12-24v\/"},"modified":"2026-02-25T00:28:13","modified_gmt":"2026-02-25T00:28:13","slug":"luz-submersivel-branca-36-x-a17mm-9-x-3w-12-24v","status":"publish","type":"product","link":"https:\/\/stoic-curie.212-227-153-4.plesk.page\/pt\/product\/luz-submersivel-branca-36-x-a17mm-9-x-3w-12-24v\/","title":{"rendered":"Luz Submers\u00edvel Branca 36 x A17mm (9 x 3W 12-24V)"},"content":{"rendered":"<p>Luz Submers\u00edvel Branca 36 x A17mm (9 x 3W 12-24V) &#8211; <\/p>\n<p>Luz LED subaqu\u00e1tica de alta luminosidade gra\u00e7as \u00e0 Power-CREE LED. Ideal para ser instalada em tamp\u00f5es de dreno traseiro com rosca NPT de 1\/2&#8243; situados abaixo da linha d&#8217;\u00e1gua. Carca\u00e7a \u00e0 prova d&#8217;\u00e1gua IP68 em a\u00e7o inoxid\u00e1vel 316 com eletr\u00f4nicos selados com gel de silicone. Com driver integrado e prote\u00e7\u00e3o contra superaquecimento. Fonte de alimenta\u00e7\u00e3o universal de 9-32V.<\/p>\n","protected":false},"excerpt":{"rendered":"<p>Luz Submers\u00edvel Branca 36 x A17mm (9 x 3W 12-24V) &#8211; Luz LED subaqu\u00e1tica de alta luminosidade gra\u00e7as \u00e0 Power-CREE<\/p>\n","protected":false},"featured_media":5944292,"comment_status":"open","ping_status":"closed","template":"","meta":[],"product_brand":[3222],"product_cat":[2018],"product_tag":[],"class_list":{"0":"post-750366","1":"product","2":"type-product","3":"status-publish","4":"has-post-thumbnail","6":"product_brand-oceanled-pt","7":"product_cat-luzes-led-submersiveis","9":"first","10":"instock","11":"shipping-taxable","12":"purchasable","13":"product-type-simple"},"_links":{"self":[{"href":"https:\/\/stoic-curie.212-227-153-4.plesk.page\/pt\/wp-json\/wp\/v2\/product\/750366","targetHints":{"allow":["GET"]}}],"collection":[{"href":"https:\/\/stoic-curie.212-227-153-4.plesk.page\/pt\/wp-json\/wp\/v2\/product"}],"about":[{"href":"https:\/\/stoic-curie.212-227-153-4.plesk.page\/pt\/wp-json\/wp\/v2\/types\/product"}],"replies":[{"embeddable":true,"href":"https:\/\/stoic-curie.212-227-153-4.plesk.page\/pt\/wp-json\/wp\/v2\/comments?post=750366"}],"version-history":[{"count":0,"href":"https:\/\/stoic-curie.212-227-153-4.plesk.page\/pt\/wp-json\/wp\/v2\/product\/750366\/revisions"}],"wp:featuredmedia":[{"embeddable":true,"href":"https:\/\/stoic-curie.212-227-153-4.plesk.page\/pt\/wp-json\/wp\/v2\/media\/5944292"}],"wp:attachment":[{"href":"https:\/\/stoic-curie.212-227-153-4.plesk.page\/pt\/wp-json\/wp\/v2\/media?parent=750366"}],"wp:term":[{"taxonomy":"product_brand","embeddable":true,"href":"https:\/\/stoic-curie.212-227-153-4.plesk.page\/pt\/wp-json\/wp\/v2\/product_brand?post=750366"},{"taxonomy":"product_cat","embeddable":true,"href":"https:\/\/stoic-curie.212-227-153-4.plesk.page\/pt\/wp-json\/wp\/v2\/product_cat?post=750366"},{"taxonomy":"product_tag","embeddable":true,"href":"https:\/\/stoic-curie.212-227-153-4.plesk.page\/pt\/wp-json\/wp\/v2\/product_tag?post=750366"}],"curies":[{"name":"wp","href":"https:\/\/api.w.org\/{rel}","templated":true}]}}