{"id":750370,"date":"2025-03-03T22:48:19","date_gmt":"2025-03-03T21:48:19","guid":{"rendered":"https:\/\/stoic-curie.212-227-153-4.plesk.page\/producto\/luminaria-de-teto-led-com-interruptor-600-x-57-x-a15mm-12-24v\/"},"modified":"2026-02-25T00:28:13","modified_gmt":"2026-02-25T00:28:13","slug":"luminaria-de-teto-led-com-interruptor-600-x-57-x-a15mm-12-24v","status":"publish","type":"product","link":"https:\/\/stoic-curie.212-227-153-4.plesk.page\/pt\/product\/luminaria-de-teto-led-com-interruptor-600-x-57-x-a15mm-12-24v\/","title":{"rendered":"Lumin\u00e1ria de Teto LED com Interruptor 600 x 57 x A15mm 12-24V"},"content":{"rendered":"<p>Lumin\u00e1ria de Teto LED com Interruptor 600 x 57 x A15mm 12-24V &#8211; <\/p>\n<p>Ilumina\u00e7\u00e3o LED poderosa e brilhante em Tecnopol\u00edmero IP67 \u00e0 prova d&#8217;\u00e1gua para 12\/24V. Carca\u00e7a de montagem superficial muito fina. Luz branca natural de 5500 K\u00b0.<\/p>\n","protected":false},"excerpt":{"rendered":"<p>Lumin\u00e1ria de Teto LED com Interruptor 600 x 57 x A15mm 12-24V &#8211; Ilumina\u00e7\u00e3o LED poderosa e brilhante em Tecnopol\u00edmero<\/p>\n","protected":false},"featured_media":5945516,"comment_status":"open","ping_status":"closed","template":"","meta":[],"product_brand":[3222],"product_cat":[2026],"product_tag":[],"class_list":{"0":"post-750370","1":"product","2":"type-product","3":"status-publish","4":"has-post-thumbnail","6":"product_brand-oceanled-pt","7":"product_cat-iluminacao","9":"first","10":"instock","11":"shipping-taxable","12":"purchasable","13":"product-type-simple"},"_links":{"self":[{"href":"https:\/\/stoic-curie.212-227-153-4.plesk.page\/pt\/wp-json\/wp\/v2\/product\/750370","targetHints":{"allow":["GET"]}}],"collection":[{"href":"https:\/\/stoic-curie.212-227-153-4.plesk.page\/pt\/wp-json\/wp\/v2\/product"}],"about":[{"href":"https:\/\/stoic-curie.212-227-153-4.plesk.page\/pt\/wp-json\/wp\/v2\/types\/product"}],"replies":[{"embeddable":true,"href":"https:\/\/stoic-curie.212-227-153-4.plesk.page\/pt\/wp-json\/wp\/v2\/comments?post=750370"}],"version-history":[{"count":0,"href":"https:\/\/stoic-curie.212-227-153-4.plesk.page\/pt\/wp-json\/wp\/v2\/product\/750370\/revisions"}],"wp:featuredmedia":[{"embeddable":true,"href":"https:\/\/stoic-curie.212-227-153-4.plesk.page\/pt\/wp-json\/wp\/v2\/media\/5945516"}],"wp:attachment":[{"href":"https:\/\/stoic-curie.212-227-153-4.plesk.page\/pt\/wp-json\/wp\/v2\/media?parent=750370"}],"wp:term":[{"taxonomy":"product_brand","embeddable":true,"href":"https:\/\/stoic-curie.212-227-153-4.plesk.page\/pt\/wp-json\/wp\/v2\/product_brand?post=750370"},{"taxonomy":"product_cat","embeddable":true,"href":"https:\/\/stoic-curie.212-227-153-4.plesk.page\/pt\/wp-json\/wp\/v2\/product_cat?post=750370"},{"taxonomy":"product_tag","embeddable":true,"href":"https:\/\/stoic-curie.212-227-153-4.plesk.page\/pt\/wp-json\/wp\/v2\/product_tag?post=750370"}],"curies":[{"name":"wp","href":"https:\/\/api.w.org\/{rel}","templated":true}]}}