{"id":750371,"date":"2025-03-03T22:48:19","date_gmt":"2025-03-03T21:48:19","guid":{"rendered":"https:\/\/stoic-curie.212-227-153-4.plesk.page\/producto\/luminaria-de-domo-led-eliptica-12-24v-136-x-a18mm\/"},"modified":"2026-02-25T00:28:13","modified_gmt":"2026-02-25T00:28:13","slug":"luminaria-de-domo-led-eliptica-12-24v-136-x-a18mm","status":"publish","type":"product","link":"https:\/\/stoic-curie.212-227-153-4.plesk.page\/pt\/product\/luminaria-de-domo-led-eliptica-12-24v-136-x-a18mm\/","title":{"rendered":"Lumin\u00e1ria de Domo LED El\u00edptica 12\/24V 136 x A18mm"},"content":{"rendered":"<p>Lumin\u00e1ria de Domo LED El\u00edptica 12\/24V 136 x A18mm &#8211; <\/p>\n<p>Lanterna de c\u00fapula LED imperme\u00e1vel de montagem em superf\u00edcie da Tecnopolymer, IP67. Fonte de alimenta\u00e7\u00e3o de 10-30V a 12W com luz branca de dia de 5000 K\u00c2\u00b0.<\/p>\n","protected":false},"excerpt":{"rendered":"<p>Lumin\u00e1ria de Domo LED El\u00edptica 12\/24V 136 x A18mm &#8211; Lanterna de c\u00fapula LED imperme\u00e1vel de montagem em superf\u00edcie da<\/p>\n","protected":false},"featured_media":5945517,"comment_status":"open","ping_status":"closed","template":"","meta":[],"product_brand":[3222],"product_cat":[2026],"product_tag":[],"class_list":{"0":"post-750371","1":"product","2":"type-product","3":"status-publish","4":"has-post-thumbnail","6":"product_brand-oceanled-pt","7":"product_cat-iluminacao","9":"first","10":"instock","11":"shipping-taxable","12":"purchasable","13":"product-type-simple"},"_links":{"self":[{"href":"https:\/\/stoic-curie.212-227-153-4.plesk.page\/pt\/wp-json\/wp\/v2\/product\/750371","targetHints":{"allow":["GET"]}}],"collection":[{"href":"https:\/\/stoic-curie.212-227-153-4.plesk.page\/pt\/wp-json\/wp\/v2\/product"}],"about":[{"href":"https:\/\/stoic-curie.212-227-153-4.plesk.page\/pt\/wp-json\/wp\/v2\/types\/product"}],"replies":[{"embeddable":true,"href":"https:\/\/stoic-curie.212-227-153-4.plesk.page\/pt\/wp-json\/wp\/v2\/comments?post=750371"}],"version-history":[{"count":0,"href":"https:\/\/stoic-curie.212-227-153-4.plesk.page\/pt\/wp-json\/wp\/v2\/product\/750371\/revisions"}],"wp:featuredmedia":[{"embeddable":true,"href":"https:\/\/stoic-curie.212-227-153-4.plesk.page\/pt\/wp-json\/wp\/v2\/media\/5945517"}],"wp:attachment":[{"href":"https:\/\/stoic-curie.212-227-153-4.plesk.page\/pt\/wp-json\/wp\/v2\/media?parent=750371"}],"wp:term":[{"taxonomy":"product_brand","embeddable":true,"href":"https:\/\/stoic-curie.212-227-153-4.plesk.page\/pt\/wp-json\/wp\/v2\/product_brand?post=750371"},{"taxonomy":"product_cat","embeddable":true,"href":"https:\/\/stoic-curie.212-227-153-4.plesk.page\/pt\/wp-json\/wp\/v2\/product_cat?post=750371"},{"taxonomy":"product_tag","embeddable":true,"href":"https:\/\/stoic-curie.212-227-153-4.plesk.page\/pt\/wp-json\/wp\/v2\/product_tag?post=750371"}],"curies":[{"name":"wp","href":"https:\/\/api.w.org\/{rel}","templated":true}]}}