{"id":750373,"date":"2025-03-03T22:48:20","date_gmt":"2025-03-03T21:48:20","guid":{"rendered":"https:\/\/stoic-curie.212-227-153-4.plesk.page\/producto\/holofote-de-aco-inoxidavel-led-com-interruptor-tatil-12-24\/"},"modified":"2026-02-25T00:28:13","modified_gmt":"2026-02-25T00:28:13","slug":"holofote-de-aco-inoxidavel-led-com-interruptor-tatil-12-24","status":"publish","type":"product","link":"https:\/\/stoic-curie.212-227-153-4.plesk.page\/pt\/product\/holofote-de-aco-inoxidavel-led-com-interruptor-tatil-12-24\/","title":{"rendered":"Holofote de A\u00e7o Inoxid\u00e1vel LED com Interruptor T\u00e1til 12\/24"},"content":{"rendered":"<p>Holofote de A\u00e7o Inoxid\u00e1vel LED com Interruptor T\u00e1til 12\/24 &#8211; <\/p>\n<p>Ilumina\u00e7\u00f5es de leitura ajust\u00e1veis em a\u00e7o inoxid\u00e1vel LED de 3W com interruptor de toque. Luz branca quente de 3000 K\u00c2\u00b0.<\/p>\n","protected":false},"excerpt":{"rendered":"<p>Holofote de A\u00e7o Inoxid\u00e1vel LED com Interruptor T\u00e1til 12\/24 &#8211; Ilumina\u00e7\u00f5es de leitura ajust\u00e1veis em a\u00e7o inoxid\u00e1vel LED de 3W<\/p>\n","protected":false},"featured_media":5945525,"comment_status":"open","ping_status":"closed","template":"","meta":[],"product_brand":[3222],"product_cat":[2026],"product_tag":[],"class_list":{"0":"post-750373","1":"product","2":"type-product","3":"status-publish","4":"has-post-thumbnail","6":"product_brand-oceanled-pt","7":"product_cat-iluminacao","9":"first","10":"instock","11":"shipping-taxable","12":"purchasable","13":"product-type-simple"},"_links":{"self":[{"href":"https:\/\/stoic-curie.212-227-153-4.plesk.page\/pt\/wp-json\/wp\/v2\/product\/750373","targetHints":{"allow":["GET"]}}],"collection":[{"href":"https:\/\/stoic-curie.212-227-153-4.plesk.page\/pt\/wp-json\/wp\/v2\/product"}],"about":[{"href":"https:\/\/stoic-curie.212-227-153-4.plesk.page\/pt\/wp-json\/wp\/v2\/types\/product"}],"replies":[{"embeddable":true,"href":"https:\/\/stoic-curie.212-227-153-4.plesk.page\/pt\/wp-json\/wp\/v2\/comments?post=750373"}],"version-history":[{"count":0,"href":"https:\/\/stoic-curie.212-227-153-4.plesk.page\/pt\/wp-json\/wp\/v2\/product\/750373\/revisions"}],"wp:featuredmedia":[{"embeddable":true,"href":"https:\/\/stoic-curie.212-227-153-4.plesk.page\/pt\/wp-json\/wp\/v2\/media\/5945525"}],"wp:attachment":[{"href":"https:\/\/stoic-curie.212-227-153-4.plesk.page\/pt\/wp-json\/wp\/v2\/media?parent=750373"}],"wp:term":[{"taxonomy":"product_brand","embeddable":true,"href":"https:\/\/stoic-curie.212-227-153-4.plesk.page\/pt\/wp-json\/wp\/v2\/product_brand?post=750373"},{"taxonomy":"product_cat","embeddable":true,"href":"https:\/\/stoic-curie.212-227-153-4.plesk.page\/pt\/wp-json\/wp\/v2\/product_cat?post=750373"},{"taxonomy":"product_tag","embeddable":true,"href":"https:\/\/stoic-curie.212-227-153-4.plesk.page\/pt\/wp-json\/wp\/v2\/product_tag?post=750373"}],"curies":[{"name":"wp","href":"https:\/\/api.w.org\/{rel}","templated":true}]}}