{"id":750374,"date":"2025-03-03T22:48:20","date_gmt":"2025-03-03T21:48:20","guid":{"rendered":"https:\/\/stoic-curie.212-227-153-4.plesk.page\/producto\/holofote-led-ajustavel-com-interruptor-tatil-32-x-65mm-12-24v\/"},"modified":"2026-02-25T00:28:13","modified_gmt":"2026-02-25T00:28:13","slug":"holofote-led-ajustavel-com-interruptor-tatil-32-x-65mm-12-24v","status":"publish","type":"product","link":"https:\/\/stoic-curie.212-227-153-4.plesk.page\/pt\/product\/holofote-led-ajustavel-com-interruptor-tatil-32-x-65mm-12-24v\/","title":{"rendered":"Holofote LED Ajust\u00e1vel com Interruptor T\u00e1til 32 x 65mm 12-24V"},"content":{"rendered":"<p>Holofote LED Ajust\u00e1vel com Interruptor T\u00e1til 32 x 65mm 12-24V &#8211; <\/p>\n<p>L\u00e2mpadas de leitura ajust\u00e1veis de alum\u00ednio niquelado com interruptor touch. Luz branca quente dimeriz\u00e1vel de 1W 3000 K.<\/p>\n","protected":false},"excerpt":{"rendered":"<p>Holofote LED Ajust\u00e1vel com Interruptor T\u00e1til 32 x 65mm 12-24V &#8211; L\u00e2mpadas de leitura ajust\u00e1veis de alum\u00ednio niquelado com interruptor<\/p>\n","protected":false},"featured_media":5945527,"comment_status":"open","ping_status":"closed","template":"","meta":[],"product_brand":[2168,3222],"product_cat":[2026],"product_tag":[],"class_list":{"0":"post-750374","1":"product","2":"type-product","3":"status-publish","4":"has-post-thumbnail","6":"product_brand-oceanled","7":"product_brand-oceanled-pt","8":"product_cat-iluminacao","10":"first","11":"instock","12":"shipping-taxable","13":"purchasable","14":"product-type-simple"},"_links":{"self":[{"href":"https:\/\/stoic-curie.212-227-153-4.plesk.page\/pt\/wp-json\/wp\/v2\/product\/750374","targetHints":{"allow":["GET"]}}],"collection":[{"href":"https:\/\/stoic-curie.212-227-153-4.plesk.page\/pt\/wp-json\/wp\/v2\/product"}],"about":[{"href":"https:\/\/stoic-curie.212-227-153-4.plesk.page\/pt\/wp-json\/wp\/v2\/types\/product"}],"replies":[{"embeddable":true,"href":"https:\/\/stoic-curie.212-227-153-4.plesk.page\/pt\/wp-json\/wp\/v2\/comments?post=750374"}],"version-history":[{"count":0,"href":"https:\/\/stoic-curie.212-227-153-4.plesk.page\/pt\/wp-json\/wp\/v2\/product\/750374\/revisions"}],"wp:featuredmedia":[{"embeddable":true,"href":"https:\/\/stoic-curie.212-227-153-4.plesk.page\/pt\/wp-json\/wp\/v2\/media\/5945527"}],"wp:attachment":[{"href":"https:\/\/stoic-curie.212-227-153-4.plesk.page\/pt\/wp-json\/wp\/v2\/media?parent=750374"}],"wp:term":[{"taxonomy":"product_brand","embeddable":true,"href":"https:\/\/stoic-curie.212-227-153-4.plesk.page\/pt\/wp-json\/wp\/v2\/product_brand?post=750374"},{"taxonomy":"product_cat","embeddable":true,"href":"https:\/\/stoic-curie.212-227-153-4.plesk.page\/pt\/wp-json\/wp\/v2\/product_cat?post=750374"},{"taxonomy":"product_tag","embeddable":true,"href":"https:\/\/stoic-curie.212-227-153-4.plesk.page\/pt\/wp-json\/wp\/v2\/product_tag?post=750374"}],"curies":[{"name":"wp","href":"https:\/\/api.w.org\/{rel}","templated":true}]}}