{"id":750378,"date":"2025-03-03T22:48:22","date_gmt":"2025-03-03T21:48:22","guid":{"rendered":"https:\/\/stoic-curie.212-227-153-4.plesk.page\/producto\/anemometro-skywatch-eole\/"},"modified":"2026-02-25T00:28:13","modified_gmt":"2026-02-25T00:28:13","slug":"anemometro-skywatch-eole","status":"publish","type":"product","link":"https:\/\/stoic-curie.212-227-153-4.plesk.page\/pt\/product\/anemometro-skywatch-eole\/","title":{"rendered":"Anem\u00f3metro Skywatch Eole"},"content":{"rendered":"<p>Anem\u00f3metro Skywatch Eole &#8211; <\/p>\n<p>Eole \u00e9 um anem\u00f4metro com uma h\u00e9lice de 54 mm que pode medir com precis\u00e3o a for\u00e7a do vento. A h\u00e9lice multidirecional permite medi\u00e7\u00f5es precisas sem necessidade de estar perfeitamente orientada no eixo do vento. Gra\u00e7as \u00e0 retroilumina\u00e7\u00e3o do display, pode ser utilizado mesmo em condi\u00e7\u00f5es de ilumina\u00e7\u00e3o problem\u00e1ticas. Pode cair na \u00e1gua sem afundar. Unidades de medida: km\/h, mph, m\/s, fps, n\u00f3s e bts.<\/p>\n","protected":false},"excerpt":{"rendered":"<p>Anem\u00f3metro Skywatch Eole &#8211; Eole \u00e9 um anem\u00f4metro com uma h\u00e9lice de 54 mm que pode medir com precis\u00e3o a<\/p>\n","protected":false},"featured_media":5945533,"comment_status":"open","ping_status":"closed","template":"","meta":[],"product_brand":[3407],"product_cat":[2031,2064],"product_tag":[],"class_list":{"0":"post-750378","1":"product","2":"type-product","3":"status-publish","4":"has-post-thumbnail","6":"product_brand-skywatch-pt","7":"product_cat-equipamento-eletronico","8":"product_cat-instrumentos-nauticos","10":"first","11":"instock","12":"shipping-taxable","13":"purchasable","14":"product-type-simple"},"_links":{"self":[{"href":"https:\/\/stoic-curie.212-227-153-4.plesk.page\/pt\/wp-json\/wp\/v2\/product\/750378","targetHints":{"allow":["GET"]}}],"collection":[{"href":"https:\/\/stoic-curie.212-227-153-4.plesk.page\/pt\/wp-json\/wp\/v2\/product"}],"about":[{"href":"https:\/\/stoic-curie.212-227-153-4.plesk.page\/pt\/wp-json\/wp\/v2\/types\/product"}],"replies":[{"embeddable":true,"href":"https:\/\/stoic-curie.212-227-153-4.plesk.page\/pt\/wp-json\/wp\/v2\/comments?post=750378"}],"version-history":[{"count":0,"href":"https:\/\/stoic-curie.212-227-153-4.plesk.page\/pt\/wp-json\/wp\/v2\/product\/750378\/revisions"}],"wp:featuredmedia":[{"embeddable":true,"href":"https:\/\/stoic-curie.212-227-153-4.plesk.page\/pt\/wp-json\/wp\/v2\/media\/5945533"}],"wp:attachment":[{"href":"https:\/\/stoic-curie.212-227-153-4.plesk.page\/pt\/wp-json\/wp\/v2\/media?parent=750378"}],"wp:term":[{"taxonomy":"product_brand","embeddable":true,"href":"https:\/\/stoic-curie.212-227-153-4.plesk.page\/pt\/wp-json\/wp\/v2\/product_brand?post=750378"},{"taxonomy":"product_cat","embeddable":true,"href":"https:\/\/stoic-curie.212-227-153-4.plesk.page\/pt\/wp-json\/wp\/v2\/product_cat?post=750378"},{"taxonomy":"product_tag","embeddable":true,"href":"https:\/\/stoic-curie.212-227-153-4.plesk.page\/pt\/wp-json\/wp\/v2\/product_tag?post=750378"}],"curies":[{"name":"wp","href":"https:\/\/api.w.org\/{rel}","templated":true}]}}