{"id":750379,"date":"2025-03-03T22:48:22","date_gmt":"2025-03-03T21:48:22","guid":{"rendered":"https:\/\/stoic-curie.212-227-153-4.plesk.page\/producto\/anemometro-termometro-portatil-skywatch-meteos\/"},"modified":"2026-02-25T00:28:13","modified_gmt":"2026-02-25T00:28:13","slug":"anemometro-termometro-portatil-skywatch-meteos","status":"publish","type":"product","link":"https:\/\/stoic-curie.212-227-153-4.plesk.page\/pt\/product\/anemometro-termometro-portatil-skywatch-meteos\/","title":{"rendered":"Anem\u00f3metro-Term\u00f3metro Port\u00e1til Skywatch Meteos"},"content":{"rendered":"<p>Anem\u00f3metro-Term\u00f3metro Port\u00e1til Skywatch Meteos &#8211; <\/p>\n<p>Meteos \u00e9 um anem\u00f4metro-term\u00f4metro com uma h\u00e9lice de 54 mm capaz de medir com precis\u00e3o a for\u00e7a do vento, independentemente da dire\u00e7\u00e3o. Meteos pode fornecer rapidamente e com precis\u00e3o a temperatura percebida pela pessoa. Gra\u00e7as \u00e0 ilumina\u00e7\u00e3o de fundo do display, pode ser usado mesmo em condi\u00e7\u00f5es de luz problem\u00e1ticas. Pode cair na \u00e1gua sem afundar. Unidades de medi\u00e7\u00e3o do vento: km\/h, mph, m\/s, fps, n\u00f3s e bts.<\/p>\n","protected":false},"excerpt":{"rendered":"<p>Anem\u00f3metro-Term\u00f3metro Port\u00e1til Skywatch Meteos &#8211; Meteos \u00e9 um anem\u00f4metro-term\u00f4metro com uma h\u00e9lice de 54 mm capaz de medir com precis\u00e3o<\/p>\n","protected":false},"featured_media":5945534,"comment_status":"open","ping_status":"closed","template":"","meta":[],"product_brand":[3407],"product_cat":[2031,2064],"product_tag":[],"class_list":{"0":"post-750379","1":"product","2":"type-product","3":"status-publish","4":"has-post-thumbnail","6":"product_brand-skywatch-pt","7":"product_cat-equipamento-eletronico","8":"product_cat-instrumentos-nauticos","10":"first","11":"instock","12":"shipping-taxable","13":"purchasable","14":"product-type-simple"},"_links":{"self":[{"href":"https:\/\/stoic-curie.212-227-153-4.plesk.page\/pt\/wp-json\/wp\/v2\/product\/750379","targetHints":{"allow":["GET"]}}],"collection":[{"href":"https:\/\/stoic-curie.212-227-153-4.plesk.page\/pt\/wp-json\/wp\/v2\/product"}],"about":[{"href":"https:\/\/stoic-curie.212-227-153-4.plesk.page\/pt\/wp-json\/wp\/v2\/types\/product"}],"replies":[{"embeddable":true,"href":"https:\/\/stoic-curie.212-227-153-4.plesk.page\/pt\/wp-json\/wp\/v2\/comments?post=750379"}],"version-history":[{"count":0,"href":"https:\/\/stoic-curie.212-227-153-4.plesk.page\/pt\/wp-json\/wp\/v2\/product\/750379\/revisions"}],"wp:featuredmedia":[{"embeddable":true,"href":"https:\/\/stoic-curie.212-227-153-4.plesk.page\/pt\/wp-json\/wp\/v2\/media\/5945534"}],"wp:attachment":[{"href":"https:\/\/stoic-curie.212-227-153-4.plesk.page\/pt\/wp-json\/wp\/v2\/media?parent=750379"}],"wp:term":[{"taxonomy":"product_brand","embeddable":true,"href":"https:\/\/stoic-curie.212-227-153-4.plesk.page\/pt\/wp-json\/wp\/v2\/product_brand?post=750379"},{"taxonomy":"product_cat","embeddable":true,"href":"https:\/\/stoic-curie.212-227-153-4.plesk.page\/pt\/wp-json\/wp\/v2\/product_cat?post=750379"},{"taxonomy":"product_tag","embeddable":true,"href":"https:\/\/stoic-curie.212-227-153-4.plesk.page\/pt\/wp-json\/wp\/v2\/product_tag?post=750379"}],"curies":[{"name":"wp","href":"https:\/\/api.w.org\/{rel}","templated":true}]}}