{"id":750380,"date":"2025-03-03T22:48:22","date_gmt":"2025-03-03T21:48:22","guid":{"rendered":"https:\/\/stoic-curie.212-227-153-4.plesk.page\/producto\/bussola-manual-riviera-orion-preta\/"},"modified":"2026-02-25T00:28:13","modified_gmt":"2026-02-25T00:28:13","slug":"bussola-manual-riviera-orion-preta","status":"publish","type":"product","link":"https:\/\/stoic-curie.212-227-153-4.plesk.page\/pt\/product\/bussola-manual-riviera-orion-preta\/","title":{"rendered":"B\u00fassola Manual Riviera Orion Preta"},"content":{"rendered":"<p>B\u00fassola Manual Riviera Orion Preta &#8211; <\/p>\n<p>Compasso flutuante de m\u00e3o Riviera Orion. <br \/>\u2022 Di\u00e2metro aparente 1&#8243;7\/8 (-50 mm) <br \/>\u2022 Leitura direta (gradu\u00e7\u00e3o do cart\u00e3o 10\u00b0) <br \/>\u2022 Flutuante &#8211; Resistente a choques. <br \/>\u2022 Luneta rotativa &#8211; Cart\u00e3o luminescente <br \/>\u2022 Dimens\u00f5es: 100x70x27 mm.<\/p>\n","protected":false},"excerpt":{"rendered":"<p>B\u00fassola Manual Riviera Orion Preta &#8211; Compasso flutuante de m\u00e3o Riviera Orion. \u2022 Di\u00e2metro aparente 1&#8243;7\/8 (-50 mm) \u2022 Leitura<\/p>\n","protected":false},"featured_media":3051290,"comment_status":"open","ping_status":"closed","template":"","meta":[],"product_brand":[2160,3307],"product_cat":[2067,2062],"product_tag":[],"class_list":{"0":"post-750380","1":"product","2":"type-product","3":"status-publish","4":"has-post-thumbnail","6":"product_brand-riviera","7":"product_brand-riviera-pt","8":"product_cat-bussola-de-navegacao","9":"product_cat-bussolas-maritimas-portateis","11":"first","12":"instock","13":"shipping-taxable","14":"purchasable","15":"product-type-simple"},"_links":{"self":[{"href":"https:\/\/stoic-curie.212-227-153-4.plesk.page\/pt\/wp-json\/wp\/v2\/product\/750380","targetHints":{"allow":["GET"]}}],"collection":[{"href":"https:\/\/stoic-curie.212-227-153-4.plesk.page\/pt\/wp-json\/wp\/v2\/product"}],"about":[{"href":"https:\/\/stoic-curie.212-227-153-4.plesk.page\/pt\/wp-json\/wp\/v2\/types\/product"}],"replies":[{"embeddable":true,"href":"https:\/\/stoic-curie.212-227-153-4.plesk.page\/pt\/wp-json\/wp\/v2\/comments?post=750380"}],"version-history":[{"count":0,"href":"https:\/\/stoic-curie.212-227-153-4.plesk.page\/pt\/wp-json\/wp\/v2\/product\/750380\/revisions"}],"wp:featuredmedia":[{"embeddable":true,"href":"https:\/\/stoic-curie.212-227-153-4.plesk.page\/pt\/wp-json\/wp\/v2\/media\/3051290"}],"wp:attachment":[{"href":"https:\/\/stoic-curie.212-227-153-4.plesk.page\/pt\/wp-json\/wp\/v2\/media?parent=750380"}],"wp:term":[{"taxonomy":"product_brand","embeddable":true,"href":"https:\/\/stoic-curie.212-227-153-4.plesk.page\/pt\/wp-json\/wp\/v2\/product_brand?post=750380"},{"taxonomy":"product_cat","embeddable":true,"href":"https:\/\/stoic-curie.212-227-153-4.plesk.page\/pt\/wp-json\/wp\/v2\/product_cat?post=750380"},{"taxonomy":"product_tag","embeddable":true,"href":"https:\/\/stoic-curie.212-227-153-4.plesk.page\/pt\/wp-json\/wp\/v2\/product_tag?post=750380"}],"curies":[{"name":"wp","href":"https:\/\/api.w.org\/{rel}","templated":true}]}}