{"id":750382,"date":"2025-03-03T22:48:23","date_gmt":"2025-03-03T21:48:23","guid":{"rendered":"https:\/\/stoic-curie.212-227-153-4.plesk.page\/producto\/bussola-de-navegacao-riviera-astra-5-graus\/"},"modified":"2026-02-25T00:28:13","modified_gmt":"2026-02-25T00:28:13","slug":"bussola-de-navegacao-riviera-astra-5-graus","status":"publish","type":"product","link":"https:\/\/stoic-curie.212-227-153-4.plesk.page\/pt\/product\/bussola-de-navegacao-riviera-astra-5-graus\/","title":{"rendered":"B\u00fassola de Navega\u00e7\u00e3o Riviera Astra (5 graus)"},"content":{"rendered":"<p>B\u00fassola de Navega\u00e7\u00e3o Riviera Astra (5 graus) &#8211; <\/p>\n<p>Compasso de teto Astra BAS1 com tela anti-reflexo. Vers\u00e3o padr\u00e3o e de alta velocidade para barcos r\u00e1pidos. <br \/>\u2022 Configura\u00e7\u00e3o de compensa\u00e7\u00e3o integrada <br \/>\u2022 Gimbal interno <br \/>\u2022 Ilumina\u00e7\u00e3o: 12V (24V sob solicita\u00e7\u00e3o) <br \/>\u2022 Di\u00e2metro aparente do cart\u00e3o 4&#8243; &#8211; 100 mm <br \/>\u2022 Leitura frontal (gradua\u00e7\u00e3o do cart\u00e3o 5\u00b0) <br \/>\u2022 Para barcos padr\u00e3o e de alta velocidade <br \/>\u2022 Garantia de 3 anos <br \/>* Certifica\u00e7\u00e3o MED (se necess\u00e1ria) deve ser solicitada antes da compra<\/p>\n","protected":false},"excerpt":{"rendered":"<p>B\u00fassola de Navega\u00e7\u00e3o Riviera Astra (5 graus) &#8211; Compasso de teto Astra BAS1 com tela anti-reflexo. Vers\u00e3o padr\u00e3o e de<\/p>\n","protected":false},"featured_media":5945544,"comment_status":"open","ping_status":"closed","template":"","meta":[],"product_brand":[3307],"product_cat":[2067],"product_tag":[],"class_list":{"0":"post-750382","1":"product","2":"type-product","3":"status-publish","4":"has-post-thumbnail","6":"product_brand-riviera-pt","7":"product_cat-bussola-de-navegacao","9":"first","10":"instock","11":"shipping-taxable","12":"purchasable","13":"product-type-simple"},"_links":{"self":[{"href":"https:\/\/stoic-curie.212-227-153-4.plesk.page\/pt\/wp-json\/wp\/v2\/product\/750382","targetHints":{"allow":["GET"]}}],"collection":[{"href":"https:\/\/stoic-curie.212-227-153-4.plesk.page\/pt\/wp-json\/wp\/v2\/product"}],"about":[{"href":"https:\/\/stoic-curie.212-227-153-4.plesk.page\/pt\/wp-json\/wp\/v2\/types\/product"}],"replies":[{"embeddable":true,"href":"https:\/\/stoic-curie.212-227-153-4.plesk.page\/pt\/wp-json\/wp\/v2\/comments?post=750382"}],"version-history":[{"count":0,"href":"https:\/\/stoic-curie.212-227-153-4.plesk.page\/pt\/wp-json\/wp\/v2\/product\/750382\/revisions"}],"wp:featuredmedia":[{"embeddable":true,"href":"https:\/\/stoic-curie.212-227-153-4.plesk.page\/pt\/wp-json\/wp\/v2\/media\/5945544"}],"wp:attachment":[{"href":"https:\/\/stoic-curie.212-227-153-4.plesk.page\/pt\/wp-json\/wp\/v2\/media?parent=750382"}],"wp:term":[{"taxonomy":"product_brand","embeddable":true,"href":"https:\/\/stoic-curie.212-227-153-4.plesk.page\/pt\/wp-json\/wp\/v2\/product_brand?post=750382"},{"taxonomy":"product_cat","embeddable":true,"href":"https:\/\/stoic-curie.212-227-153-4.plesk.page\/pt\/wp-json\/wp\/v2\/product_cat?post=750382"},{"taxonomy":"product_tag","embeddable":true,"href":"https:\/\/stoic-curie.212-227-153-4.plesk.page\/pt\/wp-json\/wp\/v2\/product_tag?post=750382"}],"curies":[{"name":"wp","href":"https:\/\/api.w.org\/{rel}","templated":true}]}}