{"id":750393,"date":"2025-03-03T22:48:26","date_gmt":"2025-03-03T21:48:26","guid":{"rendered":"https:\/\/stoic-curie.212-227-153-4.plesk.page\/producto\/amperimetro-analogico-com-shunt-ecms-preto-e-cromado-8080a-52-mm\/"},"modified":"2026-02-25T00:28:13","modified_gmt":"2026-02-25T00:28:13","slug":"amperimetro-analogico-com-shunt-ecms-preto-e-cromado-8080a-52-mm","status":"publish","type":"product","link":"https:\/\/stoic-curie.212-227-153-4.plesk.page\/pt\/product\/amperimetro-analogico-com-shunt-ecms-preto-e-cromado-8080a-52-mm\/","title":{"rendered":"Amper\u00edmetro Anal\u00f3gico com Shunt ECMS Preto e Cromado -80+80A 52 mm"},"content":{"rendered":"<p>Amper\u00edmetro Anal\u00f3gico com Shunt ECMS Preto e Cromado -80+80A 52 mm &#8211; <\/p>\n<p>Man\u00f4metros Ecms Black Chrome 12\/24V completos com conector Molex com fio. Moldura de a\u00e7o inoxid\u00e1vel polido e mostrador preto. Lente convexa resistente a n\u00e9voa, protegida por IP67. Mostrador retroiluminado personaliz\u00e1vel com LED multicolorido. Os man\u00f4metros de n\u00edvel podem ser ajustados a qualquer valor de imped\u00e2ncia usando o bot\u00e3o de configura\u00e7\u00e3o na parte traseira. Eles est\u00e3o pr\u00e9-definidos para o valor padr\u00e3o de 0-190 Ohm. Os man\u00f4metros de press\u00e3o de \u00f3leo de 5 e 10 bar s\u00e3o compat\u00edveis com sensores padr\u00e3o (10-180 Ohm), enquanto o man\u00f4metro de 30 bar \u00e9 compat\u00edvel apenas com sensores eletr\u00f4nicos (0,5-4,5V). Os amper\u00edmetros v\u00eam com um sensor (shunt) para medir a corrente.<\/p>\n","protected":false},"excerpt":{"rendered":"<p>Amper\u00edmetro Anal\u00f3gico com Shunt ECMS Preto e Cromado -80+80A 52 mm &#8211; Man\u00f4metros Ecms Black Chrome 12\/24V completos com conector<\/p>\n","protected":false},"featured_media":5942305,"comment_status":"open","ping_status":"closed","template":"","meta":[],"product_brand":[2912],"product_cat":[2016,2098],"product_tag":[],"class_list":{"0":"post-750393","1":"product","2":"type-product","3":"status-publish","4":"has-post-thumbnail","6":"product_brand-ecms-marine-pt","7":"product_cat-baterias-equipamento-eletrico","8":"product_cat-manometros-ecms","10":"first","11":"instock","12":"shipping-taxable","13":"purchasable","14":"product-type-simple"},"_links":{"self":[{"href":"https:\/\/stoic-curie.212-227-153-4.plesk.page\/pt\/wp-json\/wp\/v2\/product\/750393","targetHints":{"allow":["GET"]}}],"collection":[{"href":"https:\/\/stoic-curie.212-227-153-4.plesk.page\/pt\/wp-json\/wp\/v2\/product"}],"about":[{"href":"https:\/\/stoic-curie.212-227-153-4.plesk.page\/pt\/wp-json\/wp\/v2\/types\/product"}],"replies":[{"embeddable":true,"href":"https:\/\/stoic-curie.212-227-153-4.plesk.page\/pt\/wp-json\/wp\/v2\/comments?post=750393"}],"version-history":[{"count":0,"href":"https:\/\/stoic-curie.212-227-153-4.plesk.page\/pt\/wp-json\/wp\/v2\/product\/750393\/revisions"}],"wp:featuredmedia":[{"embeddable":true,"href":"https:\/\/stoic-curie.212-227-153-4.plesk.page\/pt\/wp-json\/wp\/v2\/media\/5942305"}],"wp:attachment":[{"href":"https:\/\/stoic-curie.212-227-153-4.plesk.page\/pt\/wp-json\/wp\/v2\/media?parent=750393"}],"wp:term":[{"taxonomy":"product_brand","embeddable":true,"href":"https:\/\/stoic-curie.212-227-153-4.plesk.page\/pt\/wp-json\/wp\/v2\/product_brand?post=750393"},{"taxonomy":"product_cat","embeddable":true,"href":"https:\/\/stoic-curie.212-227-153-4.plesk.page\/pt\/wp-json\/wp\/v2\/product_cat?post=750393"},{"taxonomy":"product_tag","embeddable":true,"href":"https:\/\/stoic-curie.212-227-153-4.plesk.page\/pt\/wp-json\/wp\/v2\/product_tag?post=750393"}],"curies":[{"name":"wp","href":"https:\/\/api.w.org\/{rel}","templated":true}]}}