{"id":750396,"date":"2025-03-03T22:48:27","date_gmt":"2025-03-03T21:48:27","guid":{"rendered":"https:\/\/stoic-curie.212-227-153-4.plesk.page\/producto\/antena-vhf-supergain-positano-053-m\/"},"modified":"2026-02-25T00:28:13","modified_gmt":"2026-02-25T00:28:13","slug":"antena-vhf-supergain-positano-053-m","status":"publish","type":"product","link":"https:\/\/stoic-curie.212-227-153-4.plesk.page\/pt\/product\/antena-vhf-supergain-positano-053-m\/","title":{"rendered":"Antena VHF Supergain Positano 0,53 m"},"content":{"rendered":"<p>Antena VHF Supergain Positano 0,53 m &#8211; <\/p>\n<p>Antena VHF Supergain Positano para qualquer tipo de barco. Muito vers\u00e1til, pode ser fixada com uma base magn\u00e9tica em qualquer tipo de superf\u00edcie met\u00e1lica. Estilete flex\u00edvel preto em a\u00e7o inoxid\u00e1vel. 25W \/ 3db \/ 134\/172 MHz \/ 50 Ohm. Altura: 0,53 m. Completo com cabo coaxial de 4,5 m e base de montagem integrada.<\/p>\n","protected":false},"excerpt":{"rendered":"<p>Antena VHF Supergain Positano 0,53 m &#8211; Antena VHF Supergain Positano para qualquer tipo de barco. Muito vers\u00e1til, pode ser<\/p>\n","protected":false},"featured_media":5945569,"comment_status":"open","ping_status":"closed","template":"","meta":[],"product_brand":[3447],"product_cat":[2040],"product_tag":[],"class_list":{"0":"post-750396","1":"product","2":"type-product","3":"status-publish","4":"has-post-thumbnail","6":"product_brand-supergain-pt","7":"product_cat-antenas-vhf-equipamento-eletrico","9":"first","10":"instock","11":"shipping-taxable","12":"purchasable","13":"product-type-simple"},"_links":{"self":[{"href":"https:\/\/stoic-curie.212-227-153-4.plesk.page\/pt\/wp-json\/wp\/v2\/product\/750396","targetHints":{"allow":["GET"]}}],"collection":[{"href":"https:\/\/stoic-curie.212-227-153-4.plesk.page\/pt\/wp-json\/wp\/v2\/product"}],"about":[{"href":"https:\/\/stoic-curie.212-227-153-4.plesk.page\/pt\/wp-json\/wp\/v2\/types\/product"}],"replies":[{"embeddable":true,"href":"https:\/\/stoic-curie.212-227-153-4.plesk.page\/pt\/wp-json\/wp\/v2\/comments?post=750396"}],"version-history":[{"count":0,"href":"https:\/\/stoic-curie.212-227-153-4.plesk.page\/pt\/wp-json\/wp\/v2\/product\/750396\/revisions"}],"wp:featuredmedia":[{"embeddable":true,"href":"https:\/\/stoic-curie.212-227-153-4.plesk.page\/pt\/wp-json\/wp\/v2\/media\/5945569"}],"wp:attachment":[{"href":"https:\/\/stoic-curie.212-227-153-4.plesk.page\/pt\/wp-json\/wp\/v2\/media?parent=750396"}],"wp:term":[{"taxonomy":"product_brand","embeddable":true,"href":"https:\/\/stoic-curie.212-227-153-4.plesk.page\/pt\/wp-json\/wp\/v2\/product_brand?post=750396"},{"taxonomy":"product_cat","embeddable":true,"href":"https:\/\/stoic-curie.212-227-153-4.plesk.page\/pt\/wp-json\/wp\/v2\/product_cat?post=750396"},{"taxonomy":"product_tag","embeddable":true,"href":"https:\/\/stoic-curie.212-227-153-4.plesk.page\/pt\/wp-json\/wp\/v2\/product_tag?post=750396"}],"curies":[{"name":"wp","href":"https:\/\/api.w.org\/{rel}","templated":true}]}}