{"id":750397,"date":"2025-03-03T22:48:27","date_gmt":"2025-03-03T21:48:27","guid":{"rendered":"https:\/\/stoic-curie.212-227-153-4.plesk.page\/producto\/vhf-icom-ic-m37e\/"},"modified":"2026-02-25T00:28:13","modified_gmt":"2026-02-25T00:28:13","slug":"vhf-icom-ic-m37e","status":"publish","type":"product","link":"https:\/\/stoic-curie.212-227-153-4.plesk.page\/pt\/product\/vhf-icom-ic-m37e\/","title":{"rendered":"VHF Icom IC-M37E"},"content":{"rendered":"<p>VHF Icom IC-M37E &#8211; <\/p>\n<p>ICOM IC-M37E VHF port\u00e1til, fino e leve, com display LCD. IPx7 \u00e0 prova d&#8217;\u00e1gua e flutuante, com som de alarme e luz LED vermelha intermitente. Com display e teclas retroiluminadas, microfone com redu\u00e7\u00e3o de ru\u00eddo, fun\u00e7\u00f5es Dual\/TriWatch, escaneamento autom\u00e1tico e AquaQuake, que remove a \u00e1gua do alto-falante. Canal de emerg\u00eancia 16, pot\u00eancia de 6W e 12 horas de autonomia. Completo com pack de bateria, carregador de bateria, cabo micro USB, clipe de cinto, antena, al\u00e7a e manual do propriet\u00e1rio. Dimens\u00f5es: 60 x 39 x H140 mm.<\/p>\n","protected":false},"excerpt":{"rendered":"<p>VHF Icom IC-M37E &#8211; ICOM IC-M37E VHF port\u00e1til, fino e leve, com display LCD. IPx7 \u00e0 prova d&#8217;\u00e1gua e flutuante,<\/p>\n","protected":false},"featured_media":5945570,"comment_status":"open","ping_status":"closed","template":"","meta":[],"product_brand":[3012],"product_cat":[2031],"product_tag":[],"class_list":{"0":"post-750397","1":"product","2":"type-product","3":"status-publish","4":"has-post-thumbnail","6":"product_brand-icom-marine-pt","7":"product_cat-equipamento-eletronico","9":"first","10":"instock","11":"shipping-taxable","12":"purchasable","13":"product-type-simple"},"_links":{"self":[{"href":"https:\/\/stoic-curie.212-227-153-4.plesk.page\/pt\/wp-json\/wp\/v2\/product\/750397","targetHints":{"allow":["GET"]}}],"collection":[{"href":"https:\/\/stoic-curie.212-227-153-4.plesk.page\/pt\/wp-json\/wp\/v2\/product"}],"about":[{"href":"https:\/\/stoic-curie.212-227-153-4.plesk.page\/pt\/wp-json\/wp\/v2\/types\/product"}],"replies":[{"embeddable":true,"href":"https:\/\/stoic-curie.212-227-153-4.plesk.page\/pt\/wp-json\/wp\/v2\/comments?post=750397"}],"version-history":[{"count":0,"href":"https:\/\/stoic-curie.212-227-153-4.plesk.page\/pt\/wp-json\/wp\/v2\/product\/750397\/revisions"}],"wp:featuredmedia":[{"embeddable":true,"href":"https:\/\/stoic-curie.212-227-153-4.plesk.page\/pt\/wp-json\/wp\/v2\/media\/5945570"}],"wp:attachment":[{"href":"https:\/\/stoic-curie.212-227-153-4.plesk.page\/pt\/wp-json\/wp\/v2\/media?parent=750397"}],"wp:term":[{"taxonomy":"product_brand","embeddable":true,"href":"https:\/\/stoic-curie.212-227-153-4.plesk.page\/pt\/wp-json\/wp\/v2\/product_brand?post=750397"},{"taxonomy":"product_cat","embeddable":true,"href":"https:\/\/stoic-curie.212-227-153-4.plesk.page\/pt\/wp-json\/wp\/v2\/product_cat?post=750397"},{"taxonomy":"product_tag","embeddable":true,"href":"https:\/\/stoic-curie.212-227-153-4.plesk.page\/pt\/wp-json\/wp\/v2\/product_tag?post=750397"}],"curies":[{"name":"wp","href":"https:\/\/api.w.org\/{rel}","templated":true}]}}