{"id":750402,"date":"2025-03-03T22:48:29","date_gmt":"2025-03-03T21:48:29","guid":{"rendered":"https:\/\/stoic-curie.212-227-153-4.plesk.page\/producto\/vhf-icom-ic-m330ge\/"},"modified":"2026-02-25T00:28:13","modified_gmt":"2026-02-25T00:28:13","slug":"vhf-icom-ic-m330ge","status":"publish","type":"product","link":"https:\/\/stoic-curie.212-227-153-4.plesk.page\/pt\/product\/vhf-icom-ic-m330ge\/","title":{"rendered":"VHF Icom IC-M330GE"},"content":{"rendered":"<p>VHF Icom IC-M330GE &#8211; <\/p>\n<p>Montagem fixa compacta ICOM IC-M330GE 12V classe D DSC VHF com microfone e GPS externo. Com bot\u00f5es retroiluminados, display LCD, caixa \u00e0 prova d&#8217;\u00e1gua IPx7 com fun\u00e7\u00e3o Aqua Quake que permite remover res\u00edduos de \u00e1gua do alto-falante. Interface NMEA0183 para visualizar sinais DSC de outros barcos e usar o VHF como alerta de alarme de outros dispositivos. Com conex\u00e3o pronta para transponder AIS, antena GPS, cabo de 5 m, suporte de montagem, parafusos, cabo de alimenta\u00e7\u00e3o e manual do usu\u00e1rio. Atende aos padr\u00f5es EN301025. Dimens\u00f5es: 157 x 110 x H67 mm.<\/p>\n","protected":false},"excerpt":{"rendered":"<p>VHF Icom IC-M330GE &#8211; Montagem fixa compacta ICOM IC-M330GE 12V classe D DSC VHF com microfone e GPS externo. Com<\/p>\n","protected":false},"featured_media":5945572,"comment_status":"open","ping_status":"closed","template":"","meta":[],"product_brand":[3012],"product_cat":[2031],"product_tag":[],"class_list":{"0":"post-750402","1":"product","2":"type-product","3":"status-publish","4":"has-post-thumbnail","6":"product_brand-icom-marine-pt","7":"product_cat-equipamento-eletronico","9":"first","10":"instock","11":"shipping-taxable","12":"purchasable","13":"product-type-simple"},"_links":{"self":[{"href":"https:\/\/stoic-curie.212-227-153-4.plesk.page\/pt\/wp-json\/wp\/v2\/product\/750402","targetHints":{"allow":["GET"]}}],"collection":[{"href":"https:\/\/stoic-curie.212-227-153-4.plesk.page\/pt\/wp-json\/wp\/v2\/product"}],"about":[{"href":"https:\/\/stoic-curie.212-227-153-4.plesk.page\/pt\/wp-json\/wp\/v2\/types\/product"}],"replies":[{"embeddable":true,"href":"https:\/\/stoic-curie.212-227-153-4.plesk.page\/pt\/wp-json\/wp\/v2\/comments?post=750402"}],"version-history":[{"count":0,"href":"https:\/\/stoic-curie.212-227-153-4.plesk.page\/pt\/wp-json\/wp\/v2\/product\/750402\/revisions"}],"wp:featuredmedia":[{"embeddable":true,"href":"https:\/\/stoic-curie.212-227-153-4.plesk.page\/pt\/wp-json\/wp\/v2\/media\/5945572"}],"wp:attachment":[{"href":"https:\/\/stoic-curie.212-227-153-4.plesk.page\/pt\/wp-json\/wp\/v2\/media?parent=750402"}],"wp:term":[{"taxonomy":"product_brand","embeddable":true,"href":"https:\/\/stoic-curie.212-227-153-4.plesk.page\/pt\/wp-json\/wp\/v2\/product_brand?post=750402"},{"taxonomy":"product_cat","embeddable":true,"href":"https:\/\/stoic-curie.212-227-153-4.plesk.page\/pt\/wp-json\/wp\/v2\/product_cat?post=750402"},{"taxonomy":"product_tag","embeddable":true,"href":"https:\/\/stoic-curie.212-227-153-4.plesk.page\/pt\/wp-json\/wp\/v2\/product_tag?post=750402"}],"curies":[{"name":"wp","href":"https:\/\/api.w.org\/{rel}","templated":true}]}}