{"id":750403,"date":"2025-03-03T22:48:29","date_gmt":"2025-03-03T21:48:29","guid":{"rendered":"https:\/\/stoic-curie.212-227-153-4.plesk.page\/producto\/vhf-icom-ic-m423ge\/"},"modified":"2026-02-25T00:28:13","modified_gmt":"2026-02-25T00:28:13","slug":"vhf-icom-ic-m423ge","status":"publish","type":"product","link":"https:\/\/stoic-curie.212-227-153-4.plesk.page\/pt\/product\/vhf-icom-ic-m423ge\/","title":{"rendered":"VHF Icom IC-M423GE"},"content":{"rendered":"<p>VHF Icom IC-M423GE &#8211; <\/p>\n<p>Montagem fixa ICOM IC-M423GE classe D DSC VHF com microfone e GPS externo. Com display LCD retroiluminado, caixa estanque IPx7, recurso de vigil\u00e2ncia dual\/triple, cancelador de ru\u00eddo ativo (ANC), amplificador de \u00e1udio (PA), sirene de neblina de 10W, fun\u00e7\u00e3o de Chamada de Alvo AIS: permite configurar uma chamada DSC individual sem a necessidade de inserir um n\u00famero MMSI, e fun\u00e7\u00e3o Aqua Quake que permite remover res\u00edduos de \u00e1gua na grelha do alto-falante. Com conectividade NMEA0183 para visualizar sinais DSC de outros navios e usar o VHF como alerta de alarme de outros dispositivos. Com conex\u00e3o preparada para transponder AIS. O microfone remoto HM-195GB Commandmic opcional tamb\u00e9m pode ser usado como intercomunicador e para enviar chamadas DSC atrav\u00e9s do bot\u00e3o de emerg\u00eancia. Com antena GPS e cabo de 5 m, suporte de montagem, parafusos, cabo de alimenta\u00e7\u00e3o e manual do usu\u00e1rio. Compat\u00edvel com as normas EN300388. Dimens\u00f5es: 180 x 120 x H82 mm.<\/p>\n","protected":false},"excerpt":{"rendered":"<p>VHF Icom IC-M423GE &#8211; Montagem fixa ICOM IC-M423GE classe D DSC VHF com microfone e GPS externo. Com display LCD<\/p>\n","protected":false},"featured_media":5945576,"comment_status":"open","ping_status":"closed","template":"","meta":[],"product_brand":[3012],"product_cat":[2031],"product_tag":[],"class_list":{"0":"post-750403","1":"product","2":"type-product","3":"status-publish","4":"has-post-thumbnail","6":"product_brand-icom-marine-pt","7":"product_cat-equipamento-eletronico","9":"first","10":"instock","11":"shipping-taxable","12":"purchasable","13":"product-type-simple"},"_links":{"self":[{"href":"https:\/\/stoic-curie.212-227-153-4.plesk.page\/pt\/wp-json\/wp\/v2\/product\/750403","targetHints":{"allow":["GET"]}}],"collection":[{"href":"https:\/\/stoic-curie.212-227-153-4.plesk.page\/pt\/wp-json\/wp\/v2\/product"}],"about":[{"href":"https:\/\/stoic-curie.212-227-153-4.plesk.page\/pt\/wp-json\/wp\/v2\/types\/product"}],"replies":[{"embeddable":true,"href":"https:\/\/stoic-curie.212-227-153-4.plesk.page\/pt\/wp-json\/wp\/v2\/comments?post=750403"}],"version-history":[{"count":0,"href":"https:\/\/stoic-curie.212-227-153-4.plesk.page\/pt\/wp-json\/wp\/v2\/product\/750403\/revisions"}],"wp:featuredmedia":[{"embeddable":true,"href":"https:\/\/stoic-curie.212-227-153-4.plesk.page\/pt\/wp-json\/wp\/v2\/media\/5945576"}],"wp:attachment":[{"href":"https:\/\/stoic-curie.212-227-153-4.plesk.page\/pt\/wp-json\/wp\/v2\/media?parent=750403"}],"wp:term":[{"taxonomy":"product_brand","embeddable":true,"href":"https:\/\/stoic-curie.212-227-153-4.plesk.page\/pt\/wp-json\/wp\/v2\/product_brand?post=750403"},{"taxonomy":"product_cat","embeddable":true,"href":"https:\/\/stoic-curie.212-227-153-4.plesk.page\/pt\/wp-json\/wp\/v2\/product_cat?post=750403"},{"taxonomy":"product_tag","embeddable":true,"href":"https:\/\/stoic-curie.212-227-153-4.plesk.page\/pt\/wp-json\/wp\/v2\/product_tag?post=750403"}],"curies":[{"name":"wp","href":"https:\/\/api.w.org\/{rel}","templated":true}]}}