{"id":750410,"date":"2025-03-03T22:48:31","date_gmt":"2025-03-03T21:48:31","guid":{"rendered":"https:\/\/stoic-curie.212-227-153-4.plesk.page\/producto\/estereo-marinho-fusion-ms-ra670\/"},"modified":"2026-02-25T00:28:13","modified_gmt":"2026-02-25T00:28:13","slug":"estereo-marinho-fusion-ms-ra670","status":"publish","type":"product","link":"https:\/\/stoic-curie.212-227-153-4.plesk.page\/pt\/product\/estereo-marinho-fusion-ms-ra670\/","title":{"rendered":"Est\u00e9reo Marinho Fusion MS-RA670"},"content":{"rendered":"<p>Est\u00e9reo Marinho Fusion MS-RA670 &#8211; <\/p>\n<p>Est\u00e9reo marinho Fusion MS-RA670 para painel com display LCD touch screen com vidro colado. R\u00e1dio DAB pronta para RDS FM\/AM, USB e 2 entradas AUX traseiras. Wi-Fi e Bluetooth integrados para smartphones e streaming de \u00e1udio compat\u00edvel. Equipado com a fun\u00e7\u00e3o de controle remoto Fusion-Link, que permite controlar o est\u00e9reo com um rel\u00f3gio Garmin ou um display multifuncional NMEA2000 compat\u00edvel. Equipado com tecnologia DSP (Processamento Digital de Sinal) para otimizar o som em tempo real. Configura\u00e7\u00f5es independentes de m\u00faltiplas zonas para quatro zonas de \u00e1udio separadas. \u00c0 prova d&#8217;\u00e1gua IPx7, pode ser montado embutido ou \u00e0 flor. Gra\u00e7as ao Kit Retrofit, o est\u00e9reo pode ser adaptado aos furos existentes das s\u00e9ries 650\/750\/755. D=profundidade<\/p>\n","protected":false},"excerpt":{"rendered":"<p>Est\u00e9reo Marinho Fusion MS-RA670 &#8211; Est\u00e9reo marinho Fusion MS-RA670 para painel com display LCD touch screen com vidro colado. R\u00e1dio<\/p>\n","protected":false},"featured_media":5945586,"comment_status":"open","ping_status":"closed","template":"","meta":[],"product_brand":[2962],"product_cat":[2020],"product_tag":[],"class_list":{"0":"post-750410","1":"product","2":"type-product","3":"status-publish","4":"has-post-thumbnail","6":"product_brand-fusion-pt","7":"product_cat-equipamento-de-som-e-colunas","9":"first","10":"instock","11":"shipping-taxable","12":"purchasable","13":"product-type-simple"},"_links":{"self":[{"href":"https:\/\/stoic-curie.212-227-153-4.plesk.page\/pt\/wp-json\/wp\/v2\/product\/750410","targetHints":{"allow":["GET"]}}],"collection":[{"href":"https:\/\/stoic-curie.212-227-153-4.plesk.page\/pt\/wp-json\/wp\/v2\/product"}],"about":[{"href":"https:\/\/stoic-curie.212-227-153-4.plesk.page\/pt\/wp-json\/wp\/v2\/types\/product"}],"replies":[{"embeddable":true,"href":"https:\/\/stoic-curie.212-227-153-4.plesk.page\/pt\/wp-json\/wp\/v2\/comments?post=750410"}],"version-history":[{"count":0,"href":"https:\/\/stoic-curie.212-227-153-4.plesk.page\/pt\/wp-json\/wp\/v2\/product\/750410\/revisions"}],"wp:featuredmedia":[{"embeddable":true,"href":"https:\/\/stoic-curie.212-227-153-4.plesk.page\/pt\/wp-json\/wp\/v2\/media\/5945586"}],"wp:attachment":[{"href":"https:\/\/stoic-curie.212-227-153-4.plesk.page\/pt\/wp-json\/wp\/v2\/media?parent=750410"}],"wp:term":[{"taxonomy":"product_brand","embeddable":true,"href":"https:\/\/stoic-curie.212-227-153-4.plesk.page\/pt\/wp-json\/wp\/v2\/product_brand?post=750410"},{"taxonomy":"product_cat","embeddable":true,"href":"https:\/\/stoic-curie.212-227-153-4.plesk.page\/pt\/wp-json\/wp\/v2\/product_cat?post=750410"},{"taxonomy":"product_tag","embeddable":true,"href":"https:\/\/stoic-curie.212-227-153-4.plesk.page\/pt\/wp-json\/wp\/v2\/product_tag?post=750410"}],"curies":[{"name":"wp","href":"https:\/\/api.w.org\/{rel}","templated":true}]}}