{"id":750411,"date":"2025-03-03T22:48:32","date_gmt":"2025-03-03T21:48:32","guid":{"rendered":"https:\/\/stoic-curie.212-227-153-4.plesk.page\/producto\/controlo-remoto-sem-fios-branco-fusion-ms-arx70\/"},"modified":"2026-02-25T00:28:13","modified_gmt":"2026-02-25T00:28:13","slug":"controlo-remoto-sem-fios-branco-fusion-ms-arx70","status":"publish","type":"product","link":"https:\/\/stoic-curie.212-227-153-4.plesk.page\/pt\/product\/controlo-remoto-sem-fios-branco-fusion-ms-arx70\/","title":{"rendered":"Controlo Remoto Sem Fios Branco Fusion MS-ARX70"},"content":{"rendered":"<p>Controlo Remoto Sem Fios Branco Fusion MS-ARX70 &#8211; <\/p>\n<p>Controle remoto sem fio com bot\u00f5es digitais retroiluminados para o est\u00e9reo e r\u00e1dio Fusion. Compacto e \u00e0 prova d&#8217;\u00e1gua IPx7, pode ser facilmente aplicado em qualquer posi\u00e7\u00e3o, mesmo exposto \u00e0 \u00e1gua e respingos. Alimentado por uma bateria interna com uma vida \u00fatil de 3 anos. Compat\u00edvel com todos os r\u00e1dios Fusion com tecnologia ANT, como: SA150\/BB100\/RA70N\/SRX400\/RA670\/RA770<\/p>\n","protected":false},"excerpt":{"rendered":"<p>Controlo Remoto Sem Fios Branco Fusion MS-ARX70 &#8211; Controle remoto sem fio com bot\u00f5es digitais retroiluminados para o est\u00e9reo e<\/p>\n","protected":false},"featured_media":5944681,"comment_status":"open","ping_status":"closed","template":"","meta":[],"product_brand":[2962],"product_cat":[2020],"product_tag":[],"class_list":{"0":"post-750411","1":"product","2":"type-product","3":"status-publish","4":"has-post-thumbnail","6":"product_brand-fusion-pt","7":"product_cat-equipamento-de-som-e-colunas","9":"first","10":"instock","11":"shipping-taxable","12":"purchasable","13":"product-type-simple"},"_links":{"self":[{"href":"https:\/\/stoic-curie.212-227-153-4.plesk.page\/pt\/wp-json\/wp\/v2\/product\/750411","targetHints":{"allow":["GET"]}}],"collection":[{"href":"https:\/\/stoic-curie.212-227-153-4.plesk.page\/pt\/wp-json\/wp\/v2\/product"}],"about":[{"href":"https:\/\/stoic-curie.212-227-153-4.plesk.page\/pt\/wp-json\/wp\/v2\/types\/product"}],"replies":[{"embeddable":true,"href":"https:\/\/stoic-curie.212-227-153-4.plesk.page\/pt\/wp-json\/wp\/v2\/comments?post=750411"}],"version-history":[{"count":0,"href":"https:\/\/stoic-curie.212-227-153-4.plesk.page\/pt\/wp-json\/wp\/v2\/product\/750411\/revisions"}],"wp:featuredmedia":[{"embeddable":true,"href":"https:\/\/stoic-curie.212-227-153-4.plesk.page\/pt\/wp-json\/wp\/v2\/media\/5944681"}],"wp:attachment":[{"href":"https:\/\/stoic-curie.212-227-153-4.plesk.page\/pt\/wp-json\/wp\/v2\/media?parent=750411"}],"wp:term":[{"taxonomy":"product_brand","embeddable":true,"href":"https:\/\/stoic-curie.212-227-153-4.plesk.page\/pt\/wp-json\/wp\/v2\/product_brand?post=750411"},{"taxonomy":"product_cat","embeddable":true,"href":"https:\/\/stoic-curie.212-227-153-4.plesk.page\/pt\/wp-json\/wp\/v2\/product_cat?post=750411"},{"taxonomy":"product_tag","embeddable":true,"href":"https:\/\/stoic-curie.212-227-153-4.plesk.page\/pt\/wp-json\/wp\/v2\/product_tag?post=750411"}],"curies":[{"name":"wp","href":"https:\/\/api.w.org\/{rel}","templated":true}]}}