{"id":750414,"date":"2025-03-03T22:48:32","date_gmt":"2025-03-03T21:48:32","guid":{"rendered":"https:\/\/stoic-curie.212-227-153-4.plesk.page\/producto\/par-de-colunas-fusion-xs-sport-200-w\/"},"modified":"2026-02-25T00:28:13","modified_gmt":"2026-02-25T00:28:13","slug":"par-de-colunas-fusion-xs-sport-200-w","status":"publish","type":"product","link":"https:\/\/stoic-curie.212-227-153-4.plesk.page\/pt\/product\/par-de-colunas-fusion-xs-sport-200-w\/","title":{"rendered":"Par de Colunas Fusion XS Sport 200 W"},"content":{"rendered":"<p>Par de Colunas Fusion XS Sport 200 W &#8211; <\/p>\n<p>Alto-falantes marinhos Fusion XS de 2 vias, imperme\u00e1veis IP65. Tecnologia de cone curvado com tweeter de dome de alum\u00ednio. Com grade branca e preta e luz LED RGB control\u00e1vel por um controle remoto sem fio opcional. Vendidos em pares.<\/p>\n","protected":false},"excerpt":{"rendered":"<p>Par de Colunas Fusion XS Sport 200 W &#8211; Alto-falantes marinhos Fusion XS de 2 vias, imperme\u00e1veis IP65. Tecnologia de<\/p>\n","protected":false},"featured_media":5945592,"comment_status":"open","ping_status":"closed","template":"","meta":[],"product_brand":[2962],"product_cat":[2020],"product_tag":[],"class_list":{"0":"post-750414","1":"product","2":"type-product","3":"status-publish","4":"has-post-thumbnail","6":"product_brand-fusion-pt","7":"product_cat-equipamento-de-som-e-colunas","9":"first","10":"instock","11":"shipping-taxable","12":"purchasable","13":"product-type-simple"},"_links":{"self":[{"href":"https:\/\/stoic-curie.212-227-153-4.plesk.page\/pt\/wp-json\/wp\/v2\/product\/750414","targetHints":{"allow":["GET"]}}],"collection":[{"href":"https:\/\/stoic-curie.212-227-153-4.plesk.page\/pt\/wp-json\/wp\/v2\/product"}],"about":[{"href":"https:\/\/stoic-curie.212-227-153-4.plesk.page\/pt\/wp-json\/wp\/v2\/types\/product"}],"replies":[{"embeddable":true,"href":"https:\/\/stoic-curie.212-227-153-4.plesk.page\/pt\/wp-json\/wp\/v2\/comments?post=750414"}],"version-history":[{"count":0,"href":"https:\/\/stoic-curie.212-227-153-4.plesk.page\/pt\/wp-json\/wp\/v2\/product\/750414\/revisions"}],"wp:featuredmedia":[{"embeddable":true,"href":"https:\/\/stoic-curie.212-227-153-4.plesk.page\/pt\/wp-json\/wp\/v2\/media\/5945592"}],"wp:attachment":[{"href":"https:\/\/stoic-curie.212-227-153-4.plesk.page\/pt\/wp-json\/wp\/v2\/media?parent=750414"}],"wp:term":[{"taxonomy":"product_brand","embeddable":true,"href":"https:\/\/stoic-curie.212-227-153-4.plesk.page\/pt\/wp-json\/wp\/v2\/product_brand?post=750414"},{"taxonomy":"product_cat","embeddable":true,"href":"https:\/\/stoic-curie.212-227-153-4.plesk.page\/pt\/wp-json\/wp\/v2\/product_cat?post=750414"},{"taxonomy":"product_tag","embeddable":true,"href":"https:\/\/stoic-curie.212-227-153-4.plesk.page\/pt\/wp-json\/wp\/v2\/product_tag?post=750414"}],"curies":[{"name":"wp","href":"https:\/\/api.w.org\/{rel}","templated":true}]}}