{"id":750422,"date":"2025-03-03T22:48:35","date_gmt":"2025-03-03T21:48:35","guid":{"rendered":"https:\/\/stoic-curie.212-227-153-4.plesk.page\/producto\/cabo-de-seguranca-elastico-com-tres-ganchos-100-200-100-cm\/"},"modified":"2026-02-25T00:28:13","modified_gmt":"2026-02-25T00:28:13","slug":"cabo-de-seguranca-elastico-com-tres-ganchos-100-200-100-cm","status":"publish","type":"product","link":"https:\/\/stoic-curie.212-227-153-4.plesk.page\/pt\/product\/cabo-de-seguranca-elastico-com-tres-ganchos-100-200-100-cm\/","title":{"rendered":"Cabo de Seguran\u00e7a El\u00e1stico com tr\u00eas ganchos (100 &#8211; 200 &#8211; 100 cm)"},"content":{"rendered":"<p>Cabo de Seguran\u00e7a El\u00e1stico com tr\u00eas ganchos (100 &#8211; 200 &#8211; 100 cm) &#8211; <\/p>\n<p>Corda de seguran\u00e7a extens\u00edvel de poli\u00e9ster para cintos de seguran\u00e7a com mosquet\u00f5es de a\u00e7o inoxid\u00e1vel 316 com fecho autom\u00e1tico. Certificada CE ISO12401.<\/p>\n","protected":false},"excerpt":{"rendered":"<p>Cabo de Seguran\u00e7a El\u00e1stico com tr\u00eas ganchos (100 &#8211; 200 &#8211; 100 cm) &#8211; Corda de seguran\u00e7a extens\u00edvel de poli\u00e9ster<\/p>\n","protected":false},"featured_media":5945619,"comment_status":"open","ping_status":"closed","template":"","meta":[],"product_brand":[3517],"product_cat":[1891],"product_tag":[],"class_list":{"0":"post-750422","1":"product","2":"type-product","3":"status-publish","4":"has-post-thumbnail","6":"product_brand-veleria-san-giorgio-pt","7":"product_cat-boias-e-retinidas-salva-vidas","9":"first","10":"instock","11":"shipping-taxable","12":"purchasable","13":"product-type-simple"},"_links":{"self":[{"href":"https:\/\/stoic-curie.212-227-153-4.plesk.page\/pt\/wp-json\/wp\/v2\/product\/750422","targetHints":{"allow":["GET"]}}],"collection":[{"href":"https:\/\/stoic-curie.212-227-153-4.plesk.page\/pt\/wp-json\/wp\/v2\/product"}],"about":[{"href":"https:\/\/stoic-curie.212-227-153-4.plesk.page\/pt\/wp-json\/wp\/v2\/types\/product"}],"replies":[{"embeddable":true,"href":"https:\/\/stoic-curie.212-227-153-4.plesk.page\/pt\/wp-json\/wp\/v2\/comments?post=750422"}],"version-history":[{"count":0,"href":"https:\/\/stoic-curie.212-227-153-4.plesk.page\/pt\/wp-json\/wp\/v2\/product\/750422\/revisions"}],"wp:featuredmedia":[{"embeddable":true,"href":"https:\/\/stoic-curie.212-227-153-4.plesk.page\/pt\/wp-json\/wp\/v2\/media\/5945619"}],"wp:attachment":[{"href":"https:\/\/stoic-curie.212-227-153-4.plesk.page\/pt\/wp-json\/wp\/v2\/media?parent=750422"}],"wp:term":[{"taxonomy":"product_brand","embeddable":true,"href":"https:\/\/stoic-curie.212-227-153-4.plesk.page\/pt\/wp-json\/wp\/v2\/product_brand?post=750422"},{"taxonomy":"product_cat","embeddable":true,"href":"https:\/\/stoic-curie.212-227-153-4.plesk.page\/pt\/wp-json\/wp\/v2\/product_cat?post=750422"},{"taxonomy":"product_tag","embeddable":true,"href":"https:\/\/stoic-curie.212-227-153-4.plesk.page\/pt\/wp-json\/wp\/v2\/product_tag?post=750422"}],"curies":[{"name":"wp","href":"https:\/\/api.w.org\/{rel}","templated":true}]}}