{"id":750423,"date":"2025-03-03T22:48:35","date_gmt":"2025-03-03T21:48:35","guid":{"rendered":"https:\/\/stoic-curie.212-227-153-4.plesk.page\/producto\/colete-salva-vidas-inflavel-automatico-vsg-skipper-150n\/"},"modified":"2026-02-25T00:28:13","modified_gmt":"2026-02-25T00:28:13","slug":"colete-salva-vidas-inflavel-automatico-vsg-skipper-150n","status":"publish","type":"product","link":"https:\/\/stoic-curie.212-227-153-4.plesk.page\/pt\/product\/colete-salva-vidas-inflavel-automatico-vsg-skipper-150n\/","title":{"rendered":"Colete Salva-vidas Infl\u00e1vel Autom\u00e1tico VSG Skipper 150N"},"content":{"rendered":"<p>Colete Salva-vidas Infl\u00e1vel Autom\u00e1tico VSG Skipper 150N &#8211; <\/p>\n<p>Colete salva-vidas infl\u00e1vel 150N aprovado CE ISO12402-3 para embarca\u00e7\u00f5es de recreio sem limita\u00e7\u00f5es. Estojo protetor externo de tecido de alta resist\u00eancia, fitas refletoras, apito, tubo de infla\u00e7\u00e3o oral, al\u00e7a de eleva\u00e7\u00e3o e fecho ajust\u00e1vel de libera\u00e7\u00e3o r\u00e1pida. C\u00e2mara de infla\u00e7\u00e3o interna com ativa\u00e7\u00e3o autom\u00e1tica UML MK5 de 33g e puxador manual. Um tamanho para adultos.<\/p>\n","protected":false},"excerpt":{"rendered":"<p>Colete Salva-vidas Infl\u00e1vel Autom\u00e1tico VSG Skipper 150N &#8211; Colete salva-vidas infl\u00e1vel 150N aprovado CE ISO12402-3 para embarca\u00e7\u00f5es de recreio sem<\/p>\n","protected":false},"featured_media":5945621,"comment_status":"open","ping_status":"closed","template":"","meta":[],"product_brand":[3517],"product_cat":[1888],"product_tag":[],"class_list":{"0":"post-750423","1":"product","2":"type-product","3":"status-publish","4":"has-post-thumbnail","6":"product_brand-veleria-san-giorgio-pt","7":"product_cat-coletes-salva-vidas-certificados","9":"first","10":"instock","11":"shipping-taxable","12":"purchasable","13":"product-type-simple"},"_links":{"self":[{"href":"https:\/\/stoic-curie.212-227-153-4.plesk.page\/pt\/wp-json\/wp\/v2\/product\/750423","targetHints":{"allow":["GET"]}}],"collection":[{"href":"https:\/\/stoic-curie.212-227-153-4.plesk.page\/pt\/wp-json\/wp\/v2\/product"}],"about":[{"href":"https:\/\/stoic-curie.212-227-153-4.plesk.page\/pt\/wp-json\/wp\/v2\/types\/product"}],"replies":[{"embeddable":true,"href":"https:\/\/stoic-curie.212-227-153-4.plesk.page\/pt\/wp-json\/wp\/v2\/comments?post=750423"}],"version-history":[{"count":0,"href":"https:\/\/stoic-curie.212-227-153-4.plesk.page\/pt\/wp-json\/wp\/v2\/product\/750423\/revisions"}],"wp:featuredmedia":[{"embeddable":true,"href":"https:\/\/stoic-curie.212-227-153-4.plesk.page\/pt\/wp-json\/wp\/v2\/media\/5945621"}],"wp:attachment":[{"href":"https:\/\/stoic-curie.212-227-153-4.plesk.page\/pt\/wp-json\/wp\/v2\/media?parent=750423"}],"wp:term":[{"taxonomy":"product_brand","embeddable":true,"href":"https:\/\/stoic-curie.212-227-153-4.plesk.page\/pt\/wp-json\/wp\/v2\/product_brand?post=750423"},{"taxonomy":"product_cat","embeddable":true,"href":"https:\/\/stoic-curie.212-227-153-4.plesk.page\/pt\/wp-json\/wp\/v2\/product_cat?post=750423"},{"taxonomy":"product_tag","embeddable":true,"href":"https:\/\/stoic-curie.212-227-153-4.plesk.page\/pt\/wp-json\/wp\/v2\/product_tag?post=750423"}],"curies":[{"name":"wp","href":"https:\/\/api.w.org\/{rel}","templated":true}]}}