{"id":750431,"date":"2025-03-03T22:48:38","date_gmt":"2025-03-03T21:48:38","guid":{"rendered":"https:\/\/stoic-curie.212-227-153-4.plesk.page\/producto\/barco-inflavel-eurovinil-ev-185cm\/"},"modified":"2026-02-25T00:28:13","modified_gmt":"2026-02-25T00:28:13","slug":"barco-inflavel-eurovinil-ev-185cm","status":"publish","type":"product","link":"https:\/\/stoic-curie.212-227-153-4.plesk.page\/pt\/product\/barco-inflavel-eurovinil-ev-185cm\/","title":{"rendered":"Barco Infl\u00e1vel Eurovinil Roll-Up 185cm"},"content":{"rendered":"<p>Barco Infl\u00e1vel Eurovinil Roll-Up 185cm &#8211; <\/p>\n<p>Apresentando o Bot Infl\u00e1vel Eurovinil Roll-Up 185cm. Este bote \u00e9 constru\u00eddo a partir de um robusto tecido 1100D, apresentando um revestimento em PVC soldado a calor que garante que ele permane\u00e7a leve e facilmente enrol\u00e1vel para armazenamento pr\u00e1tico dentro de um espa\u00e7o de armazenamento. \u00c9 projetado com tubos grandes que incorporam uma faixa de atrito defletora de spray e um fundo slatted refor\u00e7ado, aumentando significativamente sua durabilidade.<\/p>\n<p>Acompanha o bote uma variedade de acess\u00f3rios essenciais, incluindo uma bomba, um kit de reparo, remos, um banco, corda de amarra\u00e7\u00e3o e uma bolsa de transporte. A inovadora s\u00e9rie Roll-up utiliza uma tecnologia avan\u00e7ada de selagem a calor, que n\u00e3o apenas fortalece as estruturas tubulares, mas tamb\u00e9m garante um selo duradouro sob press\u00e3o, contribuindo assim para a longevidade geral do bote.<\/p>\n<p>Com foco na est\u00e9tica, no tamanho e no peso, a s\u00e9rie Roll-up \u00e9 meticulosamente projetada para otimizar o espa\u00e7o a bordo. Mesmo o menor modelo \u00e9 elaborado para ser visualmente atraente e compacto. Ele conta com um protetor contra respingos para evitar a entrada de \u00e1gua na unidade de deslocamento e \u00e9 construido a partir do mesmo tecido EV dur\u00e1vel que seus colegas maiores.<\/p>\n<p>Este bote pode ser convenientemente armazenado enrolado em um espa\u00e7o de armazenamento, posicionado de cabe\u00e7a para baixo no conv\u00e9s dianteiro ou nas ponteiras do barco, ou preso aos davits de popa. Seu design compacto permite uma coloca\u00e7\u00e3o vers\u00e1til por todo o barco, proporcionando o conforto de um bote enquanto maximiza a efici\u00eancia de armazenamento.<\/p>\n<p><strong>Especifica\u00e7\u00f5es T\u00e9cnicas:<\/strong><\/p>\n<ul>\n<li>Modelo: LINHA TENDER ROLL-UP<\/li>\n<li>Comprimento Total (cm): 180 \/ 210 \/ 240<\/li>\n<li>Largura Total (cm): 131<\/li>\n<li>Comprimento Interno (cm): 103 \/ 128 \/ 155<\/li>\n<li>Largura Interna (cm): 55<\/li>\n<li>Altura de Proa (cm): 50<\/li>\n<li>Altura de Transom (cm): 38<\/li>\n<li>Di\u00e2metro das Estruturas Tubulares (cm, m\u00e9dia): 38<\/li>\n<li>Capacidade: 2 \/ 3 pessoas<\/li>\n<li>N\u00famero de Compartimentos: 2 \/ 3<\/li>\n<li>Peso (kg): 20 \/ 23 \/ 26<\/li>\n<li>POT\u00caNCIA M\u00c1XIMA (HP): 2.5 \/ 4<\/li>\n<li>Eixo: Curto<\/li>\n<li>Dimens\u00f5es Quando Enrolado (cm): 80 x 30 x 45 \/ 80 x 35 x 45 \/ 85 x 35 x 45<\/li>\n<\/ul>\n","protected":false},"excerpt":{"rendered":"<p>Barco Infl\u00e1vel Eurovinil Roll-Up 185cm &#8211; Apresentando o Bot Infl\u00e1vel Eurovinil Roll-Up 185cm. Este bote \u00e9 constru\u00eddo a partir de<\/p>\n","protected":false},"featured_media":5945628,"comment_status":"open","ping_status":"closed","template":"","meta":[],"product_brand":[2927],"product_cat":[2120],"product_tag":[],"class_list":{"0":"post-750431","1":"product","2":"type-product","3":"status-publish","4":"has-post-thumbnail","6":"product_brand-eurovinil-pt","7":"product_cat-auxiliares-insuflaveis","9":"first","10":"instock","11":"shipping-taxable","12":"purchasable","13":"product-type-simple"},"_links":{"self":[{"href":"https:\/\/stoic-curie.212-227-153-4.plesk.page\/pt\/wp-json\/wp\/v2\/product\/750431","targetHints":{"allow":["GET"]}}],"collection":[{"href":"https:\/\/stoic-curie.212-227-153-4.plesk.page\/pt\/wp-json\/wp\/v2\/product"}],"about":[{"href":"https:\/\/stoic-curie.212-227-153-4.plesk.page\/pt\/wp-json\/wp\/v2\/types\/product"}],"replies":[{"embeddable":true,"href":"https:\/\/stoic-curie.212-227-153-4.plesk.page\/pt\/wp-json\/wp\/v2\/comments?post=750431"}],"version-history":[{"count":0,"href":"https:\/\/stoic-curie.212-227-153-4.plesk.page\/pt\/wp-json\/wp\/v2\/product\/750431\/revisions"}],"wp:featuredmedia":[{"embeddable":true,"href":"https:\/\/stoic-curie.212-227-153-4.plesk.page\/pt\/wp-json\/wp\/v2\/media\/5945628"}],"wp:attachment":[{"href":"https:\/\/stoic-curie.212-227-153-4.plesk.page\/pt\/wp-json\/wp\/v2\/media?parent=750431"}],"wp:term":[{"taxonomy":"product_brand","embeddable":true,"href":"https:\/\/stoic-curie.212-227-153-4.plesk.page\/pt\/wp-json\/wp\/v2\/product_brand?post=750431"},{"taxonomy":"product_cat","embeddable":true,"href":"https:\/\/stoic-curie.212-227-153-4.plesk.page\/pt\/wp-json\/wp\/v2\/product_cat?post=750431"},{"taxonomy":"product_tag","embeddable":true,"href":"https:\/\/stoic-curie.212-227-153-4.plesk.page\/pt\/wp-json\/wp\/v2\/product_tag?post=750431"}],"curies":[{"name":"wp","href":"https:\/\/api.w.org\/{rel}","templated":true}]}}