{"id":750432,"date":"2025-03-03T22:50:28","date_gmt":"2025-03-03T21:50:28","guid":{"rendered":"https:\/\/stoic-curie.212-227-153-4.plesk.page\/producto\/barco-inflavel-eurovinil-ev-210cm\/"},"modified":"2026-02-25T00:28:13","modified_gmt":"2026-02-25T00:28:13","slug":"barco-inflavel-eurovinil-ev-210cm","status":"publish","type":"product","link":"https:\/\/stoic-curie.212-227-153-4.plesk.page\/pt\/product\/barco-inflavel-eurovinil-ev-210cm\/","title":{"rendered":"Barco Infl\u00e1vel Eurovinil Roll-Up 210cm"},"content":{"rendered":"<p>Barco Infl\u00e1vel Eurovinil Roll-Up 210cm &#8211; <\/p>\n<p>Barco Infl\u00e1vel Eurovinil Roll-Up 210cm. Este bote auxilia \u00e9 feito de um tecido resistente 1100D com um revestimento de PVC soldado a quente, tornando-o leve e f\u00e1cil de enrolar para um armazenamento simples em um compartimento. Ele possui grandes tubos que v\u00eam com um estrado de prote\u00e7\u00e3o contra respingos e um fundo refor\u00e7ado em t\u00e1buas, aumentando sua durabilidade.<\/p>\n<p>Inclu\u00eddos com o bote est\u00e3o v\u00e1rios acess\u00f3rios, como uma bomba, um kit de reparo, remos, um banco, corda de amarra\u00e7\u00e3o e uma bolsa de transporte. A nova s\u00e9rie Roll-up utiliza tecnologia avan\u00e7ada de soldagem a quente, que aumenta a resist\u00eancia das estruturas tubulares, garante um selo duradouro sob press\u00e3o e contribui para a durabilidade geral do bote.<\/p>\n<p>Com \u00eanfase na est\u00e9tica, tamanho e peso, a s\u00e9rie Roll-up \u00e9 projetada para maximizar o espa\u00e7o a bordo. Mesmo o menor modelo \u00e9 cuidadosamente projetado para ser visualmente atraente e compacto. Ele inclui um protetor contra respingos para evitar que a \u00e1gua entre na unidade de deslocamento e \u00e9 constru\u00eddo com o mesmo tecido EV robusto que seus semelhantes maiores.<\/p>\n<p>Este bote pode ser facilmente armazenado enrolado em um compartimento, colocado de cabe\u00e7a para baixo no conv\u00e9s dianteiro ou no topo da ponte, ou fixado nas davits de popa. Seu design compacto permite que ele se encaixe em v\u00e1rios locais a bordo, proporcionando o conforto de um bote enquanto maximiza a efici\u00eancia de armazenamento.<\/p>\n<p><strong>Especifica\u00e7\u00f5es T\u00e9cnicas:<\/strong><\/p>\n<ul>\n<li>Modelo: TENDER LINE ROLL-UP<\/li>\n<li>Comprimento Total (cm): 180 \/ 210 \/ 240<\/li>\n<li>Largura Total (cm): 131<\/li>\n<li>Comprimento Interno (cm): 103 \/ 128 \/ 155<\/li>\n<li>Largura Interna (cm): 55<\/li>\n<li>Altura da Proa (cm): 50<\/li>\n<li>Altura do Transom (cm): 38<\/li>\n<li>Di\u00e2metro das Estruturas Tubulares (cm, m\u00e9dia): 38<\/li>\n<li>Capacidade: 2 \/ 3 pessoas<\/li>\n<li>N\u00famero de Salas: 2 \/ 3<\/li>\n<li>Peso (kg): 20 \/ 23 \/ 26<\/li>\n<li>Pot\u00eancia M\u00e1xima (HP): 2.5 \/ 4<\/li>\n<li>Eixo: Curto<\/li>\n<li>Dimens\u00f5es Quando Enrolado (cm): 80 x 30 x 45 \/ 80 x 35 x 45 \/ 85 x 35 x 45<\/li>\n<\/ul>\n","protected":false},"excerpt":{"rendered":"<p>Barco Infl\u00e1vel Eurovinil Roll-Up 210cm &#8211; Barco Infl\u00e1vel Eurovinil Roll-Up 210cm. Este bote auxilia \u00e9 feito de um tecido resistente<\/p>\n","protected":false},"featured_media":5945628,"comment_status":"open","ping_status":"closed","template":"","meta":[],"product_brand":[2927],"product_cat":[2120],"product_tag":[],"class_list":{"0":"post-750432","1":"product","2":"type-product","3":"status-publish","4":"has-post-thumbnail","6":"product_brand-eurovinil-pt","7":"product_cat-auxiliares-insuflaveis","9":"first","10":"instock","11":"shipping-taxable","12":"purchasable","13":"product-type-simple"},"_links":{"self":[{"href":"https:\/\/stoic-curie.212-227-153-4.plesk.page\/pt\/wp-json\/wp\/v2\/product\/750432","targetHints":{"allow":["GET"]}}],"collection":[{"href":"https:\/\/stoic-curie.212-227-153-4.plesk.page\/pt\/wp-json\/wp\/v2\/product"}],"about":[{"href":"https:\/\/stoic-curie.212-227-153-4.plesk.page\/pt\/wp-json\/wp\/v2\/types\/product"}],"replies":[{"embeddable":true,"href":"https:\/\/stoic-curie.212-227-153-4.plesk.page\/pt\/wp-json\/wp\/v2\/comments?post=750432"}],"version-history":[{"count":0,"href":"https:\/\/stoic-curie.212-227-153-4.plesk.page\/pt\/wp-json\/wp\/v2\/product\/750432\/revisions"}],"wp:featuredmedia":[{"embeddable":true,"href":"https:\/\/stoic-curie.212-227-153-4.plesk.page\/pt\/wp-json\/wp\/v2\/media\/5945628"}],"wp:attachment":[{"href":"https:\/\/stoic-curie.212-227-153-4.plesk.page\/pt\/wp-json\/wp\/v2\/media?parent=750432"}],"wp:term":[{"taxonomy":"product_brand","embeddable":true,"href":"https:\/\/stoic-curie.212-227-153-4.plesk.page\/pt\/wp-json\/wp\/v2\/product_brand?post=750432"},{"taxonomy":"product_cat","embeddable":true,"href":"https:\/\/stoic-curie.212-227-153-4.plesk.page\/pt\/wp-json\/wp\/v2\/product_cat?post=750432"},{"taxonomy":"product_tag","embeddable":true,"href":"https:\/\/stoic-curie.212-227-153-4.plesk.page\/pt\/wp-json\/wp\/v2\/product_tag?post=750432"}],"curies":[{"name":"wp","href":"https:\/\/api.w.org\/{rel}","templated":true}]}}