{"id":750433,"date":"2025-03-03T22:52:36","date_gmt":"2025-03-03T21:52:36","guid":{"rendered":"https:\/\/stoic-curie.212-227-153-4.plesk.page\/producto\/barco-inflavel-eurovinil-ev-240cm\/"},"modified":"2026-02-25T00:28:13","modified_gmt":"2026-02-25T00:28:13","slug":"barco-inflavel-eurovinil-ev-240cm","status":"publish","type":"product","link":"https:\/\/stoic-curie.212-227-153-4.plesk.page\/pt\/product\/barco-inflavel-eurovinil-ev-240cm\/","title":{"rendered":"Barco Infl\u00e1vel Eurovinil Roll-Up 240cm"},"content":{"rendered":"<p>Barco Infl\u00e1vel Eurovinil Roll-Up 240cm &#8211; <\/p>\n<p>Barco Infl\u00e1vel Eurovinil Roll-Up 240cm. Esta baleeira \u00e9 constru\u00edda com um tecido dur\u00e1vel 1100D que possui um revestimento de PVC soldado a quente, tornando-a leve e conveniente para ser enrolada e armazenada facilmente em um compartimento. \u00c9 projetada com tubos grandes que incluem uma faixa de prote\u00e7\u00e3o contra respingos e um fundo de ripas refor\u00e7ado para maior durabilidade.<\/p>\n<p>A baleeira vem com v\u00e1rios acess\u00f3rios, incluindo uma bomba, um kit de reparo, remos, um banco, cordas de ancoragem e uma bolsa de transporte. A nova s\u00e9rie Roll-up utiliza tecnologia avan\u00e7ada de selagem a quente, que melhora a resist\u00eancia das estruturas tubulares, garante um selo duradouro sob press\u00e3o e aumenta a durabilidade geral da baleeira.<\/p>\n<p>Com foco na est\u00e9tica, tamanho e peso, a s\u00e9rie Roll-up \u00e9 projetada para otimizar o espa\u00e7o a bordo. Mesmo o menor modelo \u00e9 cuidadosamente elaborado para garantir que seja visualmente atraente e compacto. Possui um protetor contra respingos para impedir a entrada de \u00e1gua na unidade de deslocamento e \u00e9 feita do mesmo tecido resistente EV que seus modelos maiores.<\/p>\n<p>Esta baleeira pode ser convenientemente armazenada enrolada em um compartimento, colocada de cabe\u00e7a para baixo no conv\u00e9s dianteiro ou no topo da ponte, ou presa \u00e0s davits de popa. Seu design compacto permite que se encaixe em v\u00e1rios locais a bordo, oferecendo o conforto de uma baleeira enquanto maximiza a efici\u00eancia de armazenamento.<\/p>\n<p><strong>Especifica\u00e7\u00f5es T\u00e9cnicas:<\/strong><\/p>\n<ul>\n<li>Modelo: TENDER LINE ROLL-UP<\/li>\n<li>Comprimento Total (cm): 180 \/ 210 \/ 240<\/li>\n<li>Largura Total (cm): 131<\/li>\n<li>Comprimento Interno (cm): 103 \/ 128 \/ 155<\/li>\n<li>Largura Interna (cm): 55<\/li>\n<li>Altura da Proa (cm): 50<\/li>\n<li>Altura do Transom (cm): 38<\/li>\n<li>Di\u00e2metro das Estruturas Tubulares (cm, m\u00e9dia): 38<\/li>\n<li>Capacidade: 2 \/ 3 pessoas<\/li>\n<li>N\u00famero de Compartimentos: 2 \/ 3<\/li>\n<li>Peso (kg): 20 \/ 23 \/ 26<\/li>\n<li>Pot\u00eancia M\u00e1xima (HP): 2.5 \/ 4<\/li>\n<li>Eixo: Curto<\/li>\n<li>Dimens\u00f5es Quando Enrolada (cm): 80 x 30 x 45 \/ 80 x 35 x 45 \/ 85 x 35 x 45<\/li>\n<\/ul>\n","protected":false},"excerpt":{"rendered":"<p>Barco Infl\u00e1vel Eurovinil Roll-Up 240cm &#8211; Barco Infl\u00e1vel Eurovinil Roll-Up 240cm. Esta baleeira \u00e9 constru\u00edda com um tecido dur\u00e1vel 1100D<\/p>\n","protected":false},"featured_media":5945628,"comment_status":"open","ping_status":"closed","template":"","meta":[],"product_brand":[2927],"product_cat":[2120],"product_tag":[],"class_list":{"0":"post-750433","1":"product","2":"type-product","3":"status-publish","4":"has-post-thumbnail","6":"product_brand-eurovinil-pt","7":"product_cat-auxiliares-insuflaveis","9":"first","10":"instock","11":"shipping-taxable","12":"purchasable","13":"product-type-simple"},"_links":{"self":[{"href":"https:\/\/stoic-curie.212-227-153-4.plesk.page\/pt\/wp-json\/wp\/v2\/product\/750433","targetHints":{"allow":["GET"]}}],"collection":[{"href":"https:\/\/stoic-curie.212-227-153-4.plesk.page\/pt\/wp-json\/wp\/v2\/product"}],"about":[{"href":"https:\/\/stoic-curie.212-227-153-4.plesk.page\/pt\/wp-json\/wp\/v2\/types\/product"}],"replies":[{"embeddable":true,"href":"https:\/\/stoic-curie.212-227-153-4.plesk.page\/pt\/wp-json\/wp\/v2\/comments?post=750433"}],"version-history":[{"count":0,"href":"https:\/\/stoic-curie.212-227-153-4.plesk.page\/pt\/wp-json\/wp\/v2\/product\/750433\/revisions"}],"wp:featuredmedia":[{"embeddable":true,"href":"https:\/\/stoic-curie.212-227-153-4.plesk.page\/pt\/wp-json\/wp\/v2\/media\/5945628"}],"wp:attachment":[{"href":"https:\/\/stoic-curie.212-227-153-4.plesk.page\/pt\/wp-json\/wp\/v2\/media?parent=750433"}],"wp:term":[{"taxonomy":"product_brand","embeddable":true,"href":"https:\/\/stoic-curie.212-227-153-4.plesk.page\/pt\/wp-json\/wp\/v2\/product_brand?post=750433"},{"taxonomy":"product_cat","embeddable":true,"href":"https:\/\/stoic-curie.212-227-153-4.plesk.page\/pt\/wp-json\/wp\/v2\/product_cat?post=750433"},{"taxonomy":"product_tag","embeddable":true,"href":"https:\/\/stoic-curie.212-227-153-4.plesk.page\/pt\/wp-json\/wp\/v2\/product_tag?post=750433"}],"curies":[{"name":"wp","href":"https:\/\/api.w.org\/{rel}","templated":true}]}}