{"id":750435,"date":"2025-03-03T22:52:38","date_gmt":"2025-03-03T21:52:38","guid":{"rendered":"https:\/\/stoic-curie.212-227-153-4.plesk.page\/producto\/bote-eurovinil-ev-rib-202cm\/"},"modified":"2026-02-25T00:28:13","modified_gmt":"2026-02-25T00:28:13","slug":"bote-eurovinil-ev-rib-202cm","status":"publish","type":"product","link":"https:\/\/stoic-curie.212-227-153-4.plesk.page\/pt\/product\/bote-eurovinil-ev-rib-202cm\/","title":{"rendered":"Bote Eurovinil EV RIB 202cm"},"content":{"rendered":"<p>Bote Eurovinil EV RIB 202cm &#8211; <\/p>\n<p>O Semi-Rigid Tender Eurovinil EV RIB de 202 cm possui uma base de fibra de vidro fabricada com tecnologia de v\u00e1cuo avan\u00e7ada, resultando em um produto que \u00e9 dur\u00e1vel e leve. Este design garante um desempenho excepcional, mesmo com motores menores. Constru\u00eddo a partir de uma malha de PVC 1100D de alta resist\u00eancia, este tender promete longevidade e efici\u00eancia, tornando-se adequado para uso com motores menos potentes. Seu design tubular de grande di\u00e2metro e os revestimentos \u00e0 prova de respingos aumentam o conforto durante a navega\u00e7\u00e3o.<\/p>\n<p>Esta linha de produtos \u00e9 not\u00e1vel por sua aten\u00e7\u00e3o meticulosa aos detalhes e apar\u00eancia elegante. A estrutura tubular espa\u00e7osa, complementada por uma prote\u00e7\u00e3o \u00e0 prova de respingos, n\u00e3o apenas melhora o conforto, mas tamb\u00e9m protege os passageiros contra a entrada de \u00e1gua.<\/p>\n<p>Os barcos semi-r\u00edgidos, com um acabamento branco elegante, foram projetados para harmonizar com qualquer embarca\u00e7\u00e3o, oferecendo uma combina\u00e7\u00e3o perfeita de eleg\u00e2ncia, simplicidade e desempenho.<\/p>\n<p>Os equipamentos inclu\u00eddos como padr\u00e3o com o tender s\u00e3o:<\/p>\n<ul>\n<li>Inflador<\/li>\n<li>Kit de reparo<\/li>\n<li>Remos<\/li>\n<li>Bolsa de barco<\/li>\n<li>Corda de amarra\u00e7\u00e3o<\/li>\n<li>Banco<\/li>\n<\/ul>\n<p>Especifica\u00e7\u00f5es da Linha de Tenders Semi-R\u00edgidos:<\/p>\n<table>\n<thead>\n<tr>\n<th>Modelo<\/th>\n<th>200<\/th>\n<th>220<\/th>\n<th>250<\/th>\n<th>285<\/th>\n<\/tr>\n<\/thead>\n<tbody>\n<tr>\n<td>Comprimento Total (cm)<\/td>\n<td>200<\/td>\n<td>220<\/td>\n<td>250<\/td>\n<td>290<\/td>\n<\/tr>\n<tr>\n<td>Largura Total (cm)<\/td>\n<td>147<\/td>\n<td>147<\/td>\n<td>150<\/td>\n<td>168<\/td>\n<\/tr>\n<tr>\n<td>Altura do transom (cm)<\/td>\n<td>38<\/td>\n<td>38<\/td>\n<td>38<\/td>\n<td>39<\/td>\n<\/tr>\n<tr>\n<td>Di\u00e2metro das estruturas tubulares (cm, m\u00e9dio)<\/td>\n<td>38<\/td>\n<td>38<\/td>\n<td>42<\/td>\n<td>43<\/td>\n<\/tr>\n<tr>\n<td>N\u00famero de Pessoas<\/td>\n<td>2<\/td>\n<td>2<\/td>\n<td>3<\/td>\n<td>3<\/td>\n<\/tr>\n<tr>\n<td>Carga Maxima (kg)<\/td>\n<td>180<\/td>\n<td>280<\/td>\n<td>450<\/td>\n<td>550<\/td>\n<\/tr>\n<tr>\n<td>N\u00famero de Compartimentos<\/td>\n<td>3<\/td>\n<td>3<\/td>\n<td>3<\/td>\n<td>3<\/td>\n<\/tr>\n<tr>\n<td>Peso (kg)<\/td>\n<td>37<\/td>\n<td>39<\/td>\n<td>50<\/td>\n<td>65<\/td>\n<\/tr>\n<tr>\n<td>Pot\u00eancia M\u00e1xima (HP)<\/td>\n<td>4.5<\/td>\n<td>10<\/td>\n<td>10<\/td>\n<td>10<\/td>\n<\/tr>\n<tr>\n<td>Eixo<\/td>\n<td>Curto<\/td>\n<td>Curto<\/td>\n<td>Curto<\/td>\n<td>Curto<\/td>\n<\/tr>\n<tr>\n<td>Categoria de Design<\/td>\n<td>D<\/td>\n<td>D<\/td>\n<td>D<\/td>\n<td>D<\/td>\n<\/tr>\n<\/tbody>\n<\/table>\n<p>Esta vis\u00e3o geral abrangente fornece todas as informa\u00e7\u00f5es essenciais necess\u00e1rias para tomar uma decis\u00e3o informada sobre suas necessidades de tender semi-r\u00edgido.<\/p>\n","protected":false},"excerpt":{"rendered":"<p>Bote Eurovinil EV RIB 202cm &#8211; O Semi-Rigid Tender Eurovinil EV RIB de 202 cm possui uma base de fibra<\/p>\n","protected":false},"featured_media":5942138,"comment_status":"open","ping_status":"closed","template":"","meta":[],"product_brand":[2927],"product_cat":[2120],"product_tag":[],"class_list":{"0":"post-750435","1":"product","2":"type-product","3":"status-publish","4":"has-post-thumbnail","6":"product_brand-eurovinil-pt","7":"product_cat-auxiliares-insuflaveis","9":"first","10":"instock","11":"shipping-taxable","12":"purchasable","13":"product-type-simple"},"_links":{"self":[{"href":"https:\/\/stoic-curie.212-227-153-4.plesk.page\/pt\/wp-json\/wp\/v2\/product\/750435","targetHints":{"allow":["GET"]}}],"collection":[{"href":"https:\/\/stoic-curie.212-227-153-4.plesk.page\/pt\/wp-json\/wp\/v2\/product"}],"about":[{"href":"https:\/\/stoic-curie.212-227-153-4.plesk.page\/pt\/wp-json\/wp\/v2\/types\/product"}],"replies":[{"embeddable":true,"href":"https:\/\/stoic-curie.212-227-153-4.plesk.page\/pt\/wp-json\/wp\/v2\/comments?post=750435"}],"version-history":[{"count":0,"href":"https:\/\/stoic-curie.212-227-153-4.plesk.page\/pt\/wp-json\/wp\/v2\/product\/750435\/revisions"}],"wp:featuredmedia":[{"embeddable":true,"href":"https:\/\/stoic-curie.212-227-153-4.plesk.page\/pt\/wp-json\/wp\/v2\/media\/5942138"}],"wp:attachment":[{"href":"https:\/\/stoic-curie.212-227-153-4.plesk.page\/pt\/wp-json\/wp\/v2\/media?parent=750435"}],"wp:term":[{"taxonomy":"product_brand","embeddable":true,"href":"https:\/\/stoic-curie.212-227-153-4.plesk.page\/pt\/wp-json\/wp\/v2\/product_brand?post=750435"},{"taxonomy":"product_cat","embeddable":true,"href":"https:\/\/stoic-curie.212-227-153-4.plesk.page\/pt\/wp-json\/wp\/v2\/product_cat?post=750435"},{"taxonomy":"product_tag","embeddable":true,"href":"https:\/\/stoic-curie.212-227-153-4.plesk.page\/pt\/wp-json\/wp\/v2\/product_tag?post=750435"}],"curies":[{"name":"wp","href":"https:\/\/api.w.org\/{rel}","templated":true}]}}