{"id":750436,"date":"2025-03-03T22:52:39","date_gmt":"2025-03-03T21:52:39","guid":{"rendered":"https:\/\/stoic-curie.212-227-153-4.plesk.page\/producto\/bote-eurovinil-ev-rib-285cm\/"},"modified":"2026-02-25T00:28:13","modified_gmt":"2026-02-25T00:28:13","slug":"bote-eurovinil-ev-rib-285cm","status":"publish","type":"product","link":"https:\/\/stoic-curie.212-227-153-4.plesk.page\/pt\/product\/bote-eurovinil-ev-rib-285cm\/","title":{"rendered":"Bote Eurovinil EV RIB 285cm"},"content":{"rendered":"<p>Bote Eurovinil EV RIB 285cm &#8211; <\/p>\n<p style='color: rgb(34, 34, 34); font-family: Arial, Helvetica, sans-serif; font-size: small;'>O tender semi-r\u00edgido Eurovinil EV RIB de 285 cm possui um fundo de fibra de vidro fabricado com tecnologia de v\u00e1cuo avan\u00e7ada, resultando em um produto que \u00e9 tanto robusto quanto leve, oferecendo alto desempenho mesmo com motores menores. O tender \u00e9 feito de malha PVC 1100D de alta resist\u00eancia, garantindo durabilidade e efici\u00eancia, mesmo quando alimentado por motores modestos. Suas estruturas tubulares de grande di\u00e2metro e defensas \u00e0 prova de respingos proporcionam conforto excepcional durante a navega\u00e7\u00e3o.<\/p>\n<p style='color: rgb(34, 34, 34); font-family: Arial, Helvetica, sans-serif; font-size: small;'>Esta linha se destaca pela aten\u00e7\u00e3o meticulosa aos detalhes e pelo design elegante. A estrutura tubular espa\u00e7osa e o toldo \u00e0 prova de respingos aumentam o conforto, protegendo os passageiros da entrada de \u00e1gua.<\/p>\n<p style='color: rgb(34, 34, 34); font-family: Arial, Helvetica, sans-serif; font-size: small;'>Os barcos semi-r\u00edgidos, caracterizados pelo elegante acabamento branco, complementam qualquer embarca\u00e7\u00e3o, oferecendo uma mistura de sofistica\u00e7\u00e3o, simplicidade e desempenho. O modelo 275DF se destaca por suas funcionalidades adicionais.<\/p>\n<p style='color: rgb(34, 34, 34); font-family: Arial, Helvetica, sans-serif; font-size: small;'>O equipamento padr\u00e3o inclui:<\/p>\n<ul style='color: rgb(34, 34, 34); font-family: Arial, Helvetica, sans-serif; font-size: small;'>\n<li>Inflador<\/li>\n<li>Kit de reparo<\/li>\n<li>Remos<\/li>\n<li>Saco para o barco<\/li>\n<li>Corda de amarra\u00e7\u00e3o<\/li>\n<li>Banco<\/li>\n<\/ul>\n<p style='color: rgb(34, 34, 34); font-family: Arial, Helvetica, sans-serif; font-size: small;'>Especifica\u00e7\u00f5es da linha de tender semi-r\u00edgido:<\/p>\n<table style='color: rgb(34, 34, 34); font-family: Arial, Helvetica, sans-serif; font-size: small;'>\n<thead>\n<tr>\n<th>Modelo<\/th>\n<th>200<\/th>\n<th>220<\/th>\n<th>250<\/th>\n<th>285<\/th>\n<\/tr>\n<\/thead>\n<tbody>\n<tr>\n<td style='margin: 0px;'>Comprimento total (cm)<\/td>\n<td style='margin: 0px;'>200<\/td>\n<td style='margin: 0px;'>220<\/td>\n<td style='margin: 0px;'>250<\/td>\n<td style='margin: 0px;'>290<\/td>\n<\/tr>\n<tr>\n<td style='margin: 0px;'>Largura total (cm)<\/td>\n<td style='margin: 0px;'>147<\/td>\n<td style='margin: 0px;'>147<\/td>\n<td style='margin: 0px;'>150<\/td>\n<td style='margin: 0px;'>168<\/td>\n<\/tr>\n<tr>\n<td style='margin: 0px;'>Altura do transom (cm)<\/td>\n<td style='margin: 0px;'>38<\/td>\n<td style='margin: 0px;'>38<\/td>\n<td style='margin: 0px;'>38<\/td>\n<td style='margin: 0px;'>39<\/td>\n<\/tr>\n<tr>\n<td style='margin: 0px;'>Di\u00e2metro das estruturas tubulares (cm, m\u00e9dia)<\/td>\n<td style='margin: 0px;'>38<\/td>\n<td style='margin: 0px;'>38<\/td>\n<td style='margin: 0px;'>42<\/td>\n<td style='margin: 0px;'>43<\/td>\n<\/tr>\n<tr>\n<td style='margin: 0px;'>N\u00famero de pessoas<\/td>\n<td style='margin: 0px;'>2<\/td>\n<td style='margin: 0px;'>2<\/td>\n<td style='margin: 0px;'>3<\/td>\n<td style='margin: 0px;'>3<\/td>\n<\/tr>\n<tr>\n<td style='margin: 0px;'>Carga m\u00e1xima (kg)<\/td>\n<td style='margin: 0px;'>180<\/td>\n<td style='margin: 0px;'>280<\/td>\n<td style='margin: 0px;'>450<\/td>\n<td style='margin: 0px;'>550<\/td>\n<\/tr>\n<tr>\n<td style='margin: 0px;'>N\u00famero de compartimentos<\/td>\n<td style='margin: 0px;'>3<\/td>\n<td style='margin: 0px;'>3<\/td>\n<td style='margin: 0px;'>3<\/td>\n<td style='margin: 0px;'>3<\/td>\n<\/tr>\n<tr>\n<td style='margin: 0px;'>Peso (kg)<\/td>\n<td style='margin: 0px;'>37<\/td>\n<td style='margin: 0px;'>39<\/td>\n<td style='margin: 0px;'>50<\/td>\n<td style='margin: 0px;'>65<\/td>\n<\/tr>\n<tr>\n<td style='margin: 0px;'>Pot\u00eancia m\u00e1xima (HP)<\/td>\n<td style='margin: 0px;'>4<\/td>\n<td style='margin: 0px;'>5<\/td>\n<td style='margin: 0px;'>10<\/td>\n<td style='margin: 0px;'>10<\/td>\n<\/tr>\n<tr>\n<td style='margin: 0px;'>Eixo<\/td>\n<td style='margin: 0px;'>Curto<\/td>\n<td style='margin: 0px;'>Curto<\/td>\n<td style='margin: 0px;'>Curto<\/td>\n<td style='margin: 0px;'>Curto<\/td>\n<\/tr>\n<tr>\n<td style='margin: 0px;'>Categoria de design<\/td>\n<td style='margin: 0px;'>D<\/td>\n<td style='margin: 0px;'>D<\/td>\n<td style='margin: 0px;'>D<\/td>\n<td style='margin: 0px;'>D<\/td>\n<\/tr>\n<\/tbody>\n<\/table>\n<p style='color: rgb(34, 34, 34); font-family: Arial, Helvetica, sans-serif; font-size: small;'>Esta vis\u00e3o geral abrangente garante que voc\u00ea tenha todas as informa\u00e7\u00f5es necess\u00e1rias para tomar uma decis\u00e3o informada sobre suas necessidades de tender semi-r\u00edgido.<\/p>\n","protected":false},"excerpt":{"rendered":"<p>Bote Eurovinil EV RIB 285cm &#8211; O tender semi-r\u00edgido Eurovinil EV RIB de 285 cm possui um fundo de fibra<\/p>\n","protected":false},"featured_media":5942138,"comment_status":"open","ping_status":"closed","template":"","meta":[],"product_brand":[2927],"product_cat":[2120],"product_tag":[],"class_list":{"0":"post-750436","1":"product","2":"type-product","3":"status-publish","4":"has-post-thumbnail","6":"product_brand-eurovinil-pt","7":"product_cat-auxiliares-insuflaveis","9":"first","10":"instock","11":"shipping-taxable","12":"purchasable","13":"product-type-simple"},"_links":{"self":[{"href":"https:\/\/stoic-curie.212-227-153-4.plesk.page\/pt\/wp-json\/wp\/v2\/product\/750436","targetHints":{"allow":["GET"]}}],"collection":[{"href":"https:\/\/stoic-curie.212-227-153-4.plesk.page\/pt\/wp-json\/wp\/v2\/product"}],"about":[{"href":"https:\/\/stoic-curie.212-227-153-4.plesk.page\/pt\/wp-json\/wp\/v2\/types\/product"}],"replies":[{"embeddable":true,"href":"https:\/\/stoic-curie.212-227-153-4.plesk.page\/pt\/wp-json\/wp\/v2\/comments?post=750436"}],"version-history":[{"count":0,"href":"https:\/\/stoic-curie.212-227-153-4.plesk.page\/pt\/wp-json\/wp\/v2\/product\/750436\/revisions"}],"wp:featuredmedia":[{"embeddable":true,"href":"https:\/\/stoic-curie.212-227-153-4.plesk.page\/pt\/wp-json\/wp\/v2\/media\/5942138"}],"wp:attachment":[{"href":"https:\/\/stoic-curie.212-227-153-4.plesk.page\/pt\/wp-json\/wp\/v2\/media?parent=750436"}],"wp:term":[{"taxonomy":"product_brand","embeddable":true,"href":"https:\/\/stoic-curie.212-227-153-4.plesk.page\/pt\/wp-json\/wp\/v2\/product_brand?post=750436"},{"taxonomy":"product_cat","embeddable":true,"href":"https:\/\/stoic-curie.212-227-153-4.plesk.page\/pt\/wp-json\/wp\/v2\/product_cat?post=750436"},{"taxonomy":"product_tag","embeddable":true,"href":"https:\/\/stoic-curie.212-227-153-4.plesk.page\/pt\/wp-json\/wp\/v2\/product_tag?post=750436"}],"curies":[{"name":"wp","href":"https:\/\/api.w.org\/{rel}","templated":true}]}}