{"id":750439,"date":"2025-03-03T22:52:39","date_gmt":"2025-03-03T21:52:39","guid":{"rendered":"https:\/\/stoic-curie.212-227-153-4.plesk.page\/producto\/casaco-de-vela-helly-hansen-oxford-shell-preto-tamanho-xxl\/"},"modified":"2026-02-25T00:28:15","modified_gmt":"2026-02-25T00:28:15","slug":"casaco-de-vela-helly-hansen-oxford-shell-preto-tamanho-xxl","status":"publish","type":"product","link":"https:\/\/stoic-curie.212-227-153-4.plesk.page\/pt\/product\/casaco-de-vela-helly-hansen-oxford-shell-preto-tamanho-xxl\/","title":{"rendered":"Casaco de Vela Helly Hansen Oxford Shell Preto (Tamanho XXL)"},"content":{"rendered":"<p>Casaco de Vela Helly Hansen Oxford Shell Preto (Tamanho XXL) &#8211; <\/p>\n<p>A jaqueta Shell Oxford da Helly Hansen possui uma constru\u00e7\u00e3o totalmente selada com uma membrana Helly Tech\u00c2\u00ae Performance, proporcionando \u00f3tima respirabilidade enquanto se mant\u00e9m imperme\u00e1vel. Confort\u00e1vel e altamente resistente gra\u00e7as ao tecido ripstop. Com capuz remov\u00edvel e ajust\u00e1vel, bolso interno no peito, punhos e barra ajust\u00e1veis, e parte traseira alongada para maior conforto. Esta jaqueta \u00e9 confi\u00e1vel durante todo o ano, seja usada sozinha ou combinada com uma camada base e fleece.<\/p>\n","protected":false},"excerpt":{"rendered":"<p>Casaco de Vela Helly Hansen Oxford Shell Preto (Tamanho XXL) &#8211; A jaqueta Shell Oxford da Helly Hansen possui uma<\/p>\n","protected":false},"featured_media":5945636,"comment_status":"open","ping_status":"closed","template":"","meta":[],"product_brand":[3002],"product_cat":[2144],"product_tag":[],"class_list":{"0":"post-750439","1":"product","2":"type-product","3":"status-publish","4":"has-post-thumbnail","6":"product_brand-helly-hansen-pt","7":"product_cat-vestuario-helly-hansen","9":"first","10":"instock","11":"shipping-taxable","12":"purchasable","13":"product-type-simple"},"_links":{"self":[{"href":"https:\/\/stoic-curie.212-227-153-4.plesk.page\/pt\/wp-json\/wp\/v2\/product\/750439","targetHints":{"allow":["GET"]}}],"collection":[{"href":"https:\/\/stoic-curie.212-227-153-4.plesk.page\/pt\/wp-json\/wp\/v2\/product"}],"about":[{"href":"https:\/\/stoic-curie.212-227-153-4.plesk.page\/pt\/wp-json\/wp\/v2\/types\/product"}],"replies":[{"embeddable":true,"href":"https:\/\/stoic-curie.212-227-153-4.plesk.page\/pt\/wp-json\/wp\/v2\/comments?post=750439"}],"version-history":[{"count":0,"href":"https:\/\/stoic-curie.212-227-153-4.plesk.page\/pt\/wp-json\/wp\/v2\/product\/750439\/revisions"}],"wp:featuredmedia":[{"embeddable":true,"href":"https:\/\/stoic-curie.212-227-153-4.plesk.page\/pt\/wp-json\/wp\/v2\/media\/5945636"}],"wp:attachment":[{"href":"https:\/\/stoic-curie.212-227-153-4.plesk.page\/pt\/wp-json\/wp\/v2\/media?parent=750439"}],"wp:term":[{"taxonomy":"product_brand","embeddable":true,"href":"https:\/\/stoic-curie.212-227-153-4.plesk.page\/pt\/wp-json\/wp\/v2\/product_brand?post=750439"},{"taxonomy":"product_cat","embeddable":true,"href":"https:\/\/stoic-curie.212-227-153-4.plesk.page\/pt\/wp-json\/wp\/v2\/product_cat?post=750439"},{"taxonomy":"product_tag","embeddable":true,"href":"https:\/\/stoic-curie.212-227-153-4.plesk.page\/pt\/wp-json\/wp\/v2\/product_tag?post=750439"}],"curies":[{"name":"wp","href":"https:\/\/api.w.org\/{rel}","templated":true}]}}