{"id":750443,"date":"2025-03-03T22:52:41","date_gmt":"2025-03-03T21:52:41","guid":{"rendered":"https:\/\/stoic-curie.212-227-153-4.plesk.page\/producto\/calcas-de-vela-helly-hansen-oxford-azuis-tamanho-52\/"},"modified":"2026-02-25T00:28:15","modified_gmt":"2026-02-25T00:28:15","slug":"calcas-de-vela-helly-hansen-oxford-azuis-tamanho-52","status":"publish","type":"product","link":"https:\/\/stoic-curie.212-227-153-4.plesk.page\/pt\/product\/calcas-de-vela-helly-hansen-oxford-azuis-tamanho-52\/","title":{"rendered":"Cal\u00e7as de Vela Helly Hansen Oxford Azuis (Tamanho 52)"},"content":{"rendered":"<p>Cal\u00e7as de Vela Helly Hansen Oxford Azuis (Tamanho 52) &#8211; <\/p>\n<p>O macac\u00e3o Helly Hansen Oxford com al\u00e7as el\u00e1sticas e stretch em 4 dire\u00e7\u00f5es nas laterais \u00e9 a escolha perfeita quando conforto e durabilidade s\u00e3o necess\u00e1rios. Com bolso no peito com fecho, el\u00e1stico na cintura para um ajuste perfeito e liberdade de movimento, amplos passantes de cinto, bolsos traseiros, bolso em coxa com fecho, tecido refor\u00e7ado nos joelhos e na barra inferior, bolsos para protetores de joelho acess\u00edveis por dentro e a possibilidade de aumentar o comprimento da perna em 5 cm.<\/p>\n","protected":false},"excerpt":{"rendered":"<p>Cal\u00e7as de Vela Helly Hansen Oxford Azuis (Tamanho 52) &#8211; O macac\u00e3o Helly Hansen Oxford com al\u00e7as el\u00e1sticas e stretch<\/p>\n","protected":false},"featured_media":5945640,"comment_status":"open","ping_status":"closed","template":"","meta":[],"product_brand":[3002],"product_cat":[2144],"product_tag":[],"class_list":{"0":"post-750443","1":"product","2":"type-product","3":"status-publish","4":"has-post-thumbnail","6":"product_brand-helly-hansen-pt","7":"product_cat-vestuario-helly-hansen","9":"first","10":"instock","11":"shipping-taxable","12":"purchasable","13":"product-type-simple"},"_links":{"self":[{"href":"https:\/\/stoic-curie.212-227-153-4.plesk.page\/pt\/wp-json\/wp\/v2\/product\/750443","targetHints":{"allow":["GET"]}}],"collection":[{"href":"https:\/\/stoic-curie.212-227-153-4.plesk.page\/pt\/wp-json\/wp\/v2\/product"}],"about":[{"href":"https:\/\/stoic-curie.212-227-153-4.plesk.page\/pt\/wp-json\/wp\/v2\/types\/product"}],"replies":[{"embeddable":true,"href":"https:\/\/stoic-curie.212-227-153-4.plesk.page\/pt\/wp-json\/wp\/v2\/comments?post=750443"}],"version-history":[{"count":0,"href":"https:\/\/stoic-curie.212-227-153-4.plesk.page\/pt\/wp-json\/wp\/v2\/product\/750443\/revisions"}],"wp:featuredmedia":[{"embeddable":true,"href":"https:\/\/stoic-curie.212-227-153-4.plesk.page\/pt\/wp-json\/wp\/v2\/media\/5945640"}],"wp:attachment":[{"href":"https:\/\/stoic-curie.212-227-153-4.plesk.page\/pt\/wp-json\/wp\/v2\/media?parent=750443"}],"wp:term":[{"taxonomy":"product_brand","embeddable":true,"href":"https:\/\/stoic-curie.212-227-153-4.plesk.page\/pt\/wp-json\/wp\/v2\/product_brand?post=750443"},{"taxonomy":"product_cat","embeddable":true,"href":"https:\/\/stoic-curie.212-227-153-4.plesk.page\/pt\/wp-json\/wp\/v2\/product_cat?post=750443"},{"taxonomy":"product_tag","embeddable":true,"href":"https:\/\/stoic-curie.212-227-153-4.plesk.page\/pt\/wp-json\/wp\/v2\/product_tag?post=750443"}],"curies":[{"name":"wp","href":"https:\/\/api.w.org\/{rel}","templated":true}]}}