{"id":750452,"date":"2025-03-03T22:52:43","date_gmt":"2025-03-03T21:52:43","guid":{"rendered":"https:\/\/stoic-curie.212-227-153-4.plesk.page\/producto\/casaco-polar-leve-helly-hansen-oxford-azul-tamanho-xxl\/"},"modified":"2026-02-25T00:28:15","modified_gmt":"2026-02-25T00:28:15","slug":"casaco-polar-leve-helly-hansen-oxford-azul-tamanho-xxl","status":"publish","type":"product","link":"https:\/\/stoic-curie.212-227-153-4.plesk.page\/pt\/product\/casaco-polar-leve-helly-hansen-oxford-azul-tamanho-xxl\/","title":{"rendered":"Casaco Polar Leve Helly Hansen Oxford Azul (Tamanho XXL)"},"content":{"rendered":"<p>Casaco Polar Leve Helly Hansen Oxford Azul (Tamanho XXL) &#8211; <\/p>\n<p>A jaqueta de fleece leve Oxford da Helly Hansen \u00e9 perfeita para camadas em dias ligeiramente mais frios. Feita com tecido de fleece reciclado Polartec\u00c2\u00ae, \u00e9 uma \u00f3tima escolha para voc\u00ea e para o meio ambiente. Com tecido de dupla camada na gola, bolsos com z\u00edper no peito e nas m\u00e3os, e costuras flatlock para maior conforto.<\/p>\n","protected":false},"excerpt":{"rendered":"<p>Casaco Polar Leve Helly Hansen Oxford Azul (Tamanho XXL) &#8211; A jaqueta de fleece leve Oxford da Helly Hansen \u00e9<\/p>\n","protected":false},"featured_media":5945646,"comment_status":"open","ping_status":"closed","template":"","meta":[],"product_brand":[3002],"product_cat":[2144],"product_tag":[],"class_list":{"0":"post-750452","1":"product","2":"type-product","3":"status-publish","4":"has-post-thumbnail","6":"product_brand-helly-hansen-pt","7":"product_cat-vestuario-helly-hansen","9":"first","10":"instock","11":"shipping-taxable","12":"purchasable","13":"product-type-simple"},"_links":{"self":[{"href":"https:\/\/stoic-curie.212-227-153-4.plesk.page\/pt\/wp-json\/wp\/v2\/product\/750452","targetHints":{"allow":["GET"]}}],"collection":[{"href":"https:\/\/stoic-curie.212-227-153-4.plesk.page\/pt\/wp-json\/wp\/v2\/product"}],"about":[{"href":"https:\/\/stoic-curie.212-227-153-4.plesk.page\/pt\/wp-json\/wp\/v2\/types\/product"}],"replies":[{"embeddable":true,"href":"https:\/\/stoic-curie.212-227-153-4.plesk.page\/pt\/wp-json\/wp\/v2\/comments?post=750452"}],"version-history":[{"count":0,"href":"https:\/\/stoic-curie.212-227-153-4.plesk.page\/pt\/wp-json\/wp\/v2\/product\/750452\/revisions"}],"wp:featuredmedia":[{"embeddable":true,"href":"https:\/\/stoic-curie.212-227-153-4.plesk.page\/pt\/wp-json\/wp\/v2\/media\/5945646"}],"wp:attachment":[{"href":"https:\/\/stoic-curie.212-227-153-4.plesk.page\/pt\/wp-json\/wp\/v2\/media?parent=750452"}],"wp:term":[{"taxonomy":"product_brand","embeddable":true,"href":"https:\/\/stoic-curie.212-227-153-4.plesk.page\/pt\/wp-json\/wp\/v2\/product_brand?post=750452"},{"taxonomy":"product_cat","embeddable":true,"href":"https:\/\/stoic-curie.212-227-153-4.plesk.page\/pt\/wp-json\/wp\/v2\/product_cat?post=750452"},{"taxonomy":"product_tag","embeddable":true,"href":"https:\/\/stoic-curie.212-227-153-4.plesk.page\/pt\/wp-json\/wp\/v2\/product_tag?post=750452"}],"curies":[{"name":"wp","href":"https:\/\/api.w.org\/{rel}","templated":true}]}}