{"id":750453,"date":"2025-03-03T22:52:44","date_gmt":"2025-03-03T21:52:44","guid":{"rendered":"https:\/\/stoic-curie.212-227-153-4.plesk.page\/producto\/casaco-polar-leve-helly-hansen-oxford-preto-tamanho-xxl\/"},"modified":"2026-02-25T00:28:15","modified_gmt":"2026-02-25T00:28:15","slug":"casaco-polar-leve-helly-hansen-oxford-preto-tamanho-xxl","status":"publish","type":"product","link":"https:\/\/stoic-curie.212-227-153-4.plesk.page\/pt\/product\/casaco-polar-leve-helly-hansen-oxford-preto-tamanho-xxl\/","title":{"rendered":"Casaco Polar Leve Helly Hansen Oxford Preto (Tamanho XXL)"},"content":{"rendered":"<p>Casaco Polar Leve Helly Hansen Oxford Preto (Tamanho XXL) &#8211; <\/p>\n<p>A jaqueta leve de fleece Helly Hansen Oxford \u00e9 perfeita para sobreposi\u00e7\u00f5es em dias ligeiramente mais frios. Ao usar tecido de fleece reciclado Polartec\u00c2\u00ae, \u00e9 uma excelente escolha tanto para voc\u00ea quanto para o meio ambiente. Com tecido de camada dupla na gola, bolso com z\u00edper no peito e bolsos para as m\u00e3os, al\u00e9m de costuras planas para maior conforto.<\/p>\n","protected":false},"excerpt":{"rendered":"<p>Casaco Polar Leve Helly Hansen Oxford Preto (Tamanho XXL) &#8211; A jaqueta leve de fleece Helly Hansen Oxford \u00e9 perfeita<\/p>\n","protected":false},"featured_media":5945646,"comment_status":"open","ping_status":"closed","template":"","meta":[],"product_brand":[3002],"product_cat":[2144],"product_tag":[],"class_list":{"0":"post-750453","1":"product","2":"type-product","3":"status-publish","4":"has-post-thumbnail","6":"product_brand-helly-hansen-pt","7":"product_cat-vestuario-helly-hansen","9":"first","10":"instock","11":"shipping-taxable","12":"purchasable","13":"product-type-simple"},"_links":{"self":[{"href":"https:\/\/stoic-curie.212-227-153-4.plesk.page\/pt\/wp-json\/wp\/v2\/product\/750453","targetHints":{"allow":["GET"]}}],"collection":[{"href":"https:\/\/stoic-curie.212-227-153-4.plesk.page\/pt\/wp-json\/wp\/v2\/product"}],"about":[{"href":"https:\/\/stoic-curie.212-227-153-4.plesk.page\/pt\/wp-json\/wp\/v2\/types\/product"}],"replies":[{"embeddable":true,"href":"https:\/\/stoic-curie.212-227-153-4.plesk.page\/pt\/wp-json\/wp\/v2\/comments?post=750453"}],"version-history":[{"count":0,"href":"https:\/\/stoic-curie.212-227-153-4.plesk.page\/pt\/wp-json\/wp\/v2\/product\/750453\/revisions"}],"wp:featuredmedia":[{"embeddable":true,"href":"https:\/\/stoic-curie.212-227-153-4.plesk.page\/pt\/wp-json\/wp\/v2\/media\/5945646"}],"wp:attachment":[{"href":"https:\/\/stoic-curie.212-227-153-4.plesk.page\/pt\/wp-json\/wp\/v2\/media?parent=750453"}],"wp:term":[{"taxonomy":"product_brand","embeddable":true,"href":"https:\/\/stoic-curie.212-227-153-4.plesk.page\/pt\/wp-json\/wp\/v2\/product_brand?post=750453"},{"taxonomy":"product_cat","embeddable":true,"href":"https:\/\/stoic-curie.212-227-153-4.plesk.page\/pt\/wp-json\/wp\/v2\/product_cat?post=750453"},{"taxonomy":"product_tag","embeddable":true,"href":"https:\/\/stoic-curie.212-227-153-4.plesk.page\/pt\/wp-json\/wp\/v2\/product_tag?post=750453"}],"curies":[{"name":"wp","href":"https:\/\/api.w.org\/{rel}","templated":true}]}}