{"id":750469,"date":"2025-03-03T22:52:49","date_gmt":"2025-03-03T21:52:49","guid":{"rendered":"https:\/\/stoic-curie.212-227-153-4.plesk.page\/producto\/sapatos-nauticos-orca-bay-sandusky-mulher-azul-tamanho-38\/"},"modified":"2026-02-25T00:28:15","modified_gmt":"2026-02-25T00:28:15","slug":"sapatos-nauticos-orca-bay-sandusky-mulher-azul-tamanho-38","status":"publish","type":"product","link":"https:\/\/stoic-curie.212-227-153-4.plesk.page\/pt\/product\/sapatos-nauticos-orca-bay-sandusky-mulher-azul-tamanho-38\/","title":{"rendered":"Sapatos N\u00e1uticos Orca Bay Sandusky Mulher Azul (Tamanho 38)"},"content":{"rendered":"<p>Sapatos N\u00e1uticos Orca Bay Sandusky Mulher Azul (Tamanho 38) &#8211; <\/p>\n<p>Sapatos mocassins de couro marinho para mulheres Sandusky, lav\u00e1veis \u00e0 m\u00e1quina. Sola de borracha branca antiderrapante e n\u00e3o marcante. Cadar\u00e7os de couro cru, ilhoses \u00e0 prova de ferrugem e copo de calcanhar acolchoado com EVA.<\/p>\n","protected":false},"excerpt":{"rendered":"<p>Sapatos N\u00e1uticos Orca Bay Sandusky Mulher Azul (Tamanho 38) &#8211; Sapatos mocassins de couro marinho para mulheres Sandusky, lav\u00e1veis \u00e0<\/p>\n","protected":false},"featured_media":5945658,"comment_status":"open","ping_status":"closed","template":"","meta":[],"product_brand":[3232],"product_cat":[2147],"product_tag":[],"class_list":{"0":"post-750469","1":"product","2":"type-product","3":"status-publish","4":"has-post-thumbnail","6":"product_brand-orca-bay-pt","7":"product_cat-sapatos-de-vela","9":"first","10":"instock","11":"shipping-taxable","12":"purchasable","13":"product-type-simple"},"_links":{"self":[{"href":"https:\/\/stoic-curie.212-227-153-4.plesk.page\/pt\/wp-json\/wp\/v2\/product\/750469","targetHints":{"allow":["GET"]}}],"collection":[{"href":"https:\/\/stoic-curie.212-227-153-4.plesk.page\/pt\/wp-json\/wp\/v2\/product"}],"about":[{"href":"https:\/\/stoic-curie.212-227-153-4.plesk.page\/pt\/wp-json\/wp\/v2\/types\/product"}],"replies":[{"embeddable":true,"href":"https:\/\/stoic-curie.212-227-153-4.plesk.page\/pt\/wp-json\/wp\/v2\/comments?post=750469"}],"version-history":[{"count":0,"href":"https:\/\/stoic-curie.212-227-153-4.plesk.page\/pt\/wp-json\/wp\/v2\/product\/750469\/revisions"}],"wp:featuredmedia":[{"embeddable":true,"href":"https:\/\/stoic-curie.212-227-153-4.plesk.page\/pt\/wp-json\/wp\/v2\/media\/5945658"}],"wp:attachment":[{"href":"https:\/\/stoic-curie.212-227-153-4.plesk.page\/pt\/wp-json\/wp\/v2\/media?parent=750469"}],"wp:term":[{"taxonomy":"product_brand","embeddable":true,"href":"https:\/\/stoic-curie.212-227-153-4.plesk.page\/pt\/wp-json\/wp\/v2\/product_brand?post=750469"},{"taxonomy":"product_cat","embeddable":true,"href":"https:\/\/stoic-curie.212-227-153-4.plesk.page\/pt\/wp-json\/wp\/v2\/product_cat?post=750469"},{"taxonomy":"product_tag","embeddable":true,"href":"https:\/\/stoic-curie.212-227-153-4.plesk.page\/pt\/wp-json\/wp\/v2\/product_tag?post=750469"}],"curies":[{"name":"wp","href":"https:\/\/api.w.org\/{rel}","templated":true}]}}