{"id":750843,"date":"2025-03-03T23:15:50","date_gmt":"2025-03-03T22:15:50","guid":{"rendered":"https:\/\/stoic-curie.212-227-153-4.plesk.page\/producto\/pantografo-preto-462-600mm-para-roca-w10-e-w12\/"},"modified":"2026-02-25T00:28:16","modified_gmt":"2026-02-25T00:28:16","slug":"pantografo-preto-462-600mm-para-roca-w10-e-w12","status":"publish","type":"product","link":"https:\/\/stoic-curie.212-227-153-4.plesk.page\/pt\/product\/pantografo-preto-462-600mm-para-roca-w10-e-w12\/","title":{"rendered":"Pant\u00f3grafo Preto 462-600mm para Roca W10 e W12"},"content":{"rendered":"<p>Pant\u00f3grafo Preto 462-600mm para Roca W10 e W12 &#8211; <\/p>\n<p>Bra\u00e7os de limpadores de p\u00e1ra-brisa pantogr\u00e1ficos ajust\u00e1veis em a\u00e7o inoxid\u00e1vel polido Roca com conex\u00e3o J-Hook. Para limpadores W10\/W12 e para qualquer limpador com eixo de 13,8 mm. Varredura de borda paralela tipo P.<\/p>\n","protected":false},"excerpt":{"rendered":"<p>Pant\u00f3grafo Preto 462-600mm para Roca W10 e W12 &#8211; Bra\u00e7os de limpadores de p\u00e1ra-brisa pantogr\u00e1ficos ajust\u00e1veis em a\u00e7o inoxid\u00e1vel polido<\/p>\n","protected":false},"featured_media":5946084,"comment_status":"open","ping_status":"closed","template":"","meta":[],"product_brand":[3317],"product_cat":[2022],"product_tag":[],"class_list":{"0":"post-750843","1":"product","2":"type-product","3":"status-publish","4":"has-post-thumbnail","6":"product_brand-roca-marine-pt","7":"product_cat-limpa-para-brisas","9":"first","10":"instock","11":"shipping-taxable","12":"purchasable","13":"product-type-simple"},"_links":{"self":[{"href":"https:\/\/stoic-curie.212-227-153-4.plesk.page\/pt\/wp-json\/wp\/v2\/product\/750843","targetHints":{"allow":["GET"]}}],"collection":[{"href":"https:\/\/stoic-curie.212-227-153-4.plesk.page\/pt\/wp-json\/wp\/v2\/product"}],"about":[{"href":"https:\/\/stoic-curie.212-227-153-4.plesk.page\/pt\/wp-json\/wp\/v2\/types\/product"}],"replies":[{"embeddable":true,"href":"https:\/\/stoic-curie.212-227-153-4.plesk.page\/pt\/wp-json\/wp\/v2\/comments?post=750843"}],"version-history":[{"count":0,"href":"https:\/\/stoic-curie.212-227-153-4.plesk.page\/pt\/wp-json\/wp\/v2\/product\/750843\/revisions"}],"wp:featuredmedia":[{"embeddable":true,"href":"https:\/\/stoic-curie.212-227-153-4.plesk.page\/pt\/wp-json\/wp\/v2\/media\/5946084"}],"wp:attachment":[{"href":"https:\/\/stoic-curie.212-227-153-4.plesk.page\/pt\/wp-json\/wp\/v2\/media?parent=750843"}],"wp:term":[{"taxonomy":"product_brand","embeddable":true,"href":"https:\/\/stoic-curie.212-227-153-4.plesk.page\/pt\/wp-json\/wp\/v2\/product_brand?post=750843"},{"taxonomy":"product_cat","embeddable":true,"href":"https:\/\/stoic-curie.212-227-153-4.plesk.page\/pt\/wp-json\/wp\/v2\/product_cat?post=750843"},{"taxonomy":"product_tag","embeddable":true,"href":"https:\/\/stoic-curie.212-227-153-4.plesk.page\/pt\/wp-json\/wp\/v2\/product_tag?post=750843"}],"curies":[{"name":"wp","href":"https:\/\/api.w.org\/{rel}","templated":true}]}}