{"id":750845,"date":"2025-03-03T23:15:51","date_gmt":"2025-03-03T22:15:51","guid":{"rendered":"https:\/\/stoic-curie.212-227-153-4.plesk.page\/producto\/vhf-icom-ic-m85e\/"},"modified":"2026-02-25T00:28:16","modified_gmt":"2026-02-25T00:28:16","slug":"vhf-icom-ic-m85e","status":"publish","type":"product","link":"https:\/\/stoic-curie.212-227-153-4.plesk.page\/pt\/product\/vhf-icom-ic-m85e\/","title":{"rendered":"VHF Icom IC-M85E"},"content":{"rendered":"<p>VHF Icom IC-M85E &#8211; <\/p>\n<p>\u00c0 prova d&#8217;\u00e1gua IPx7 (30 minutos a 1 metro de profundidade) compacto ICOM IC-M87 VHF com longa autonomia de bateria. VHF marinha e banda PMR reunidas em um \u00fanico dispositivo. Canais internacionais e 22 canais program\u00e1veis. Fun\u00e7\u00e3o Dual\/TriWatch. Pot\u00eancia de transmiss\u00e3o de 5W. Bateria de l\u00edtio recarreg\u00e1vel e carregador. Acesso instant\u00e2neo ao canal de emerg\u00eancia 16. Varredura TAG com um toque para f\u00e1cil sele\u00e7\u00e3o. Fun\u00e7\u00e3o de bloqueio de teclas. Completo com cabo de alimenta\u00e7\u00e3o, microfone, suporte de montagem e manual do propriet\u00e1rio.<\/p>\n","protected":false},"excerpt":{"rendered":"<p>VHF Icom IC-M85E &#8211; \u00c0 prova d&#8217;\u00e1gua IPx7 (30 minutos a 1 metro de profundidade) compacto ICOM IC-M87 VHF com<\/p>\n","protected":false},"featured_media":5946089,"comment_status":"open","ping_status":"closed","template":"","meta":[],"product_brand":[3012],"product_cat":[2031],"product_tag":[],"class_list":{"0":"post-750845","1":"product","2":"type-product","3":"status-publish","4":"has-post-thumbnail","6":"product_brand-icom-marine-pt","7":"product_cat-equipamento-eletronico","9":"first","10":"instock","11":"shipping-taxable","12":"purchasable","13":"product-type-simple"},"_links":{"self":[{"href":"https:\/\/stoic-curie.212-227-153-4.plesk.page\/pt\/wp-json\/wp\/v2\/product\/750845","targetHints":{"allow":["GET"]}}],"collection":[{"href":"https:\/\/stoic-curie.212-227-153-4.plesk.page\/pt\/wp-json\/wp\/v2\/product"}],"about":[{"href":"https:\/\/stoic-curie.212-227-153-4.plesk.page\/pt\/wp-json\/wp\/v2\/types\/product"}],"replies":[{"embeddable":true,"href":"https:\/\/stoic-curie.212-227-153-4.plesk.page\/pt\/wp-json\/wp\/v2\/comments?post=750845"}],"version-history":[{"count":0,"href":"https:\/\/stoic-curie.212-227-153-4.plesk.page\/pt\/wp-json\/wp\/v2\/product\/750845\/revisions"}],"wp:featuredmedia":[{"embeddable":true,"href":"https:\/\/stoic-curie.212-227-153-4.plesk.page\/pt\/wp-json\/wp\/v2\/media\/5946089"}],"wp:attachment":[{"href":"https:\/\/stoic-curie.212-227-153-4.plesk.page\/pt\/wp-json\/wp\/v2\/media?parent=750845"}],"wp:term":[{"taxonomy":"product_brand","embeddable":true,"href":"https:\/\/stoic-curie.212-227-153-4.plesk.page\/pt\/wp-json\/wp\/v2\/product_brand?post=750845"},{"taxonomy":"product_cat","embeddable":true,"href":"https:\/\/stoic-curie.212-227-153-4.plesk.page\/pt\/wp-json\/wp\/v2\/product_cat?post=750845"},{"taxonomy":"product_tag","embeddable":true,"href":"https:\/\/stoic-curie.212-227-153-4.plesk.page\/pt\/wp-json\/wp\/v2\/product_tag?post=750845"}],"curies":[{"name":"wp","href":"https:\/\/api.w.org\/{rel}","templated":true}]}}