{"id":750850,"date":"2025-03-03T23:15:53","date_gmt":"2025-03-03T22:15:53","guid":{"rendered":"https:\/\/stoic-curie.212-227-153-4.plesk.page\/producto\/botas-nauticas-orca-bay-carbono-tamanho-43\/"},"modified":"2026-02-25T00:28:16","modified_gmt":"2026-02-25T00:28:16","slug":"botas-nauticas-orca-bay-carbono-tamanho-43","status":"publish","type":"product","link":"https:\/\/stoic-curie.212-227-153-4.plesk.page\/pt\/product\/botas-nauticas-orca-bay-carbono-tamanho-43\/","title":{"rendered":"Botas N\u00e1uticas Orca Bay Carbono, Tamanho: 43"},"content":{"rendered":"<p>Botas N\u00e1uticas Orca Bay Carbono, Tamanho: 43 &#8211; <\/p>\n<p>Botas de navega\u00e7\u00e3o Orca Bay Storm, imperme\u00e1veis e respir\u00e1veis em tr\u00eas camadas para alto desempenho e m\u00e1ximo conforto. Sola de borracha antiderrapante para excelente tra\u00e7\u00e3o em conv\u00e9s escorregadios. Ideal para uso recreativo, profissional e armazenamento em qualquer \u00e9poca do ano. Dicas de limpeza e manuten\u00e7\u00e3o: use uma escova para remover qualquer res\u00edduo e enx\u00e1gue com \u00e1gua fria ou um pano \u00famido. Deixe secar naturalmente. Ocasionalmente, aplique um spray impermeabilizante para proteger o couro e manter a sua impermeabilidade. Depois, \u00e9 recomend\u00e1vel aplicar um creme nutritivo transparente para preservar a elasticidade da pele e deix\u00e1-lo secar.<\/p>\n","protected":false},"excerpt":{"rendered":"<p>Botas N\u00e1uticas Orca Bay Carbono, Tamanho: 43 &#8211; Botas de navega\u00e7\u00e3o Orca Bay Storm, imperme\u00e1veis e respir\u00e1veis em tr\u00eas camadas<\/p>\n","protected":false},"featured_media":5946091,"comment_status":"open","ping_status":"closed","template":"","meta":[],"product_brand":[3232],"product_cat":[2146],"product_tag":[],"class_list":{"0":"post-750850","1":"product","2":"type-product","3":"status-publish","4":"has-post-thumbnail","6":"product_brand-orca-bay-pt","7":"product_cat-botas-de-vela","9":"first","10":"instock","11":"shipping-taxable","12":"purchasable","13":"product-type-simple"},"_links":{"self":[{"href":"https:\/\/stoic-curie.212-227-153-4.plesk.page\/pt\/wp-json\/wp\/v2\/product\/750850","targetHints":{"allow":["GET"]}}],"collection":[{"href":"https:\/\/stoic-curie.212-227-153-4.plesk.page\/pt\/wp-json\/wp\/v2\/product"}],"about":[{"href":"https:\/\/stoic-curie.212-227-153-4.plesk.page\/pt\/wp-json\/wp\/v2\/types\/product"}],"replies":[{"embeddable":true,"href":"https:\/\/stoic-curie.212-227-153-4.plesk.page\/pt\/wp-json\/wp\/v2\/comments?post=750850"}],"version-history":[{"count":0,"href":"https:\/\/stoic-curie.212-227-153-4.plesk.page\/pt\/wp-json\/wp\/v2\/product\/750850\/revisions"}],"wp:featuredmedia":[{"embeddable":true,"href":"https:\/\/stoic-curie.212-227-153-4.plesk.page\/pt\/wp-json\/wp\/v2\/media\/5946091"}],"wp:attachment":[{"href":"https:\/\/stoic-curie.212-227-153-4.plesk.page\/pt\/wp-json\/wp\/v2\/media?parent=750850"}],"wp:term":[{"taxonomy":"product_brand","embeddable":true,"href":"https:\/\/stoic-curie.212-227-153-4.plesk.page\/pt\/wp-json\/wp\/v2\/product_brand?post=750850"},{"taxonomy":"product_cat","embeddable":true,"href":"https:\/\/stoic-curie.212-227-153-4.plesk.page\/pt\/wp-json\/wp\/v2\/product_cat?post=750850"},{"taxonomy":"product_tag","embeddable":true,"href":"https:\/\/stoic-curie.212-227-153-4.plesk.page\/pt\/wp-json\/wp\/v2\/product_tag?post=750850"}],"curies":[{"name":"wp","href":"https:\/\/api.w.org\/{rel}","templated":true}]}}