{"id":750852,"date":"2025-03-03T23:15:53","date_gmt":"2025-03-03T22:15:53","guid":{"rendered":"https:\/\/stoic-curie.212-227-153-4.plesk.page\/producto\/botas-nauticas-orca-bay-carbono-tamanho-45\/"},"modified":"2026-02-25T00:28:16","modified_gmt":"2026-02-25T00:28:16","slug":"botas-nauticas-orca-bay-carbono-tamanho-45","status":"publish","type":"product","link":"https:\/\/stoic-curie.212-227-153-4.plesk.page\/pt\/product\/botas-nauticas-orca-bay-carbono-tamanho-45\/","title":{"rendered":"Botas N\u00e1uticas Orca Bay Carbono, Tamanho: 45"},"content":{"rendered":"<p>Botas N\u00e1uticas Orca Bay Carbono, Tamanho: 45 &#8211; <\/p>\n<p>Botas de navega\u00e7\u00e3o Orca Bay Storm de tr\u00eas camadas, imperme\u00e1veis e respir\u00e1veis, para alto desempenho e m\u00e1ximo conforto. Sola de borracha antiderrapante para \u00f3tima tra\u00e7\u00e3o em coberturas escorregadias. Para uso recreativo, profissional e de garagem em qualquer esta\u00e7\u00e3o. Dicas de limpeza e manuten\u00e7\u00e3o: use uma escova para remover detritos e enx\u00e1gue com \u00e1gua fria ou um pano \u00famido. Deixe secar ao ar. Aplique ocasionalmente um spray impermeabilizante para proteger o couro e manter sua impermeabilidade. Depois, \u00e9 recomendado aplicar um creme nutritivo transparente para manter a elasticidade da pele e deix\u00e1-lo secar.<\/p>\n","protected":false},"excerpt":{"rendered":"<p>Botas N\u00e1uticas Orca Bay Carbono, Tamanho: 45 &#8211; Botas de navega\u00e7\u00e3o Orca Bay Storm de tr\u00eas camadas, imperme\u00e1veis e respir\u00e1veis,<\/p>\n","protected":false},"featured_media":5946091,"comment_status":"open","ping_status":"closed","template":"","meta":[],"product_brand":[3232],"product_cat":[2146],"product_tag":[],"class_list":{"0":"post-750852","1":"product","2":"type-product","3":"status-publish","4":"has-post-thumbnail","6":"product_brand-orca-bay-pt","7":"product_cat-botas-de-vela","9":"first","10":"instock","11":"shipping-taxable","12":"purchasable","13":"product-type-simple"},"_links":{"self":[{"href":"https:\/\/stoic-curie.212-227-153-4.plesk.page\/pt\/wp-json\/wp\/v2\/product\/750852","targetHints":{"allow":["GET"]}}],"collection":[{"href":"https:\/\/stoic-curie.212-227-153-4.plesk.page\/pt\/wp-json\/wp\/v2\/product"}],"about":[{"href":"https:\/\/stoic-curie.212-227-153-4.plesk.page\/pt\/wp-json\/wp\/v2\/types\/product"}],"replies":[{"embeddable":true,"href":"https:\/\/stoic-curie.212-227-153-4.plesk.page\/pt\/wp-json\/wp\/v2\/comments?post=750852"}],"version-history":[{"count":0,"href":"https:\/\/stoic-curie.212-227-153-4.plesk.page\/pt\/wp-json\/wp\/v2\/product\/750852\/revisions"}],"wp:featuredmedia":[{"embeddable":true,"href":"https:\/\/stoic-curie.212-227-153-4.plesk.page\/pt\/wp-json\/wp\/v2\/media\/5946091"}],"wp:attachment":[{"href":"https:\/\/stoic-curie.212-227-153-4.plesk.page\/pt\/wp-json\/wp\/v2\/media?parent=750852"}],"wp:term":[{"taxonomy":"product_brand","embeddable":true,"href":"https:\/\/stoic-curie.212-227-153-4.plesk.page\/pt\/wp-json\/wp\/v2\/product_brand?post=750852"},{"taxonomy":"product_cat","embeddable":true,"href":"https:\/\/stoic-curie.212-227-153-4.plesk.page\/pt\/wp-json\/wp\/v2\/product_cat?post=750852"},{"taxonomy":"product_tag","embeddable":true,"href":"https:\/\/stoic-curie.212-227-153-4.plesk.page\/pt\/wp-json\/wp\/v2\/product_tag?post=750852"}],"curies":[{"name":"wp","href":"https:\/\/api.w.org\/{rel}","templated":true}]}}