{"id":750865,"date":"2025-03-03T23:20:03","date_gmt":"2025-03-03T22:20:03","guid":{"rendered":"https:\/\/stoic-curie.212-227-153-4.plesk.page\/producto\/colete-de-neoprene-jobe-lima-tamanho-m\/"},"modified":"2026-02-25T00:28:16","modified_gmt":"2026-02-25T00:28:16","slug":"colete-de-neoprene-jobe-lima-tamanho-m","status":"publish","type":"product","link":"https:\/\/stoic-curie.212-227-153-4.plesk.page\/pt\/product\/colete-de-neoprene-jobe-lima-tamanho-m\/","title":{"rendered":"Colete de Neoprene Jobe &#8211; Lima &#8211; Tamanho: M"},"content":{"rendered":"<p>Colete de Neoprene Jobe &#8211; Lima &#8211; Tamanho: M &#8211; <\/p>\n<p>Colete de flutua\u00e7\u00e3o Jobe ISO EN12402-5 aprovado de 50N, adequado para esqui aqu\u00e1tico e esportes aqu\u00e1ticos, feito de espuma PVC revestida de neoprene confort\u00e1vel. Com sistema de drenagem de \u00e1gua, z\u00edper e fecho de libera\u00e7\u00e3o r\u00e1pida, al\u00e7as ajust\u00e1veis e anel de seguran\u00e7a em D para a fixa\u00e7\u00e3o do cord\u00e3o de emerg\u00eancia. 50N &#8211; Aux\u00edlio de flutua\u00e7\u00e3o (para nadadores regulares).<\/p>\n","protected":false},"excerpt":{"rendered":"<p>Colete de Neoprene Jobe &#8211; Lima &#8211; Tamanho: M &#8211; Colete de flutua\u00e7\u00e3o Jobe ISO EN12402-5 aprovado de 50N, adequado<\/p>\n","protected":false},"featured_media":5946106,"comment_status":"open","ping_status":"closed","template":"","meta":[],"product_brand":[3042],"product_cat":[1890,2129],"product_tag":[],"class_list":{"0":"post-750865","1":"product","2":"type-product","3":"status-publish","4":"has-post-thumbnail","6":"product_brand-jobe-sports-pt","7":"product_cat-auxiliares-flutuaveis","8":"product_cat-coletes-salva-vidas-ligeiros-para-desportos-aquaticos","10":"first","11":"instock","12":"shipping-taxable","13":"purchasable","14":"product-type-simple"},"_links":{"self":[{"href":"https:\/\/stoic-curie.212-227-153-4.plesk.page\/pt\/wp-json\/wp\/v2\/product\/750865","targetHints":{"allow":["GET"]}}],"collection":[{"href":"https:\/\/stoic-curie.212-227-153-4.plesk.page\/pt\/wp-json\/wp\/v2\/product"}],"about":[{"href":"https:\/\/stoic-curie.212-227-153-4.plesk.page\/pt\/wp-json\/wp\/v2\/types\/product"}],"replies":[{"embeddable":true,"href":"https:\/\/stoic-curie.212-227-153-4.plesk.page\/pt\/wp-json\/wp\/v2\/comments?post=750865"}],"version-history":[{"count":0,"href":"https:\/\/stoic-curie.212-227-153-4.plesk.page\/pt\/wp-json\/wp\/v2\/product\/750865\/revisions"}],"wp:featuredmedia":[{"embeddable":true,"href":"https:\/\/stoic-curie.212-227-153-4.plesk.page\/pt\/wp-json\/wp\/v2\/media\/5946106"}],"wp:attachment":[{"href":"https:\/\/stoic-curie.212-227-153-4.plesk.page\/pt\/wp-json\/wp\/v2\/media?parent=750865"}],"wp:term":[{"taxonomy":"product_brand","embeddable":true,"href":"https:\/\/stoic-curie.212-227-153-4.plesk.page\/pt\/wp-json\/wp\/v2\/product_brand?post=750865"},{"taxonomy":"product_cat","embeddable":true,"href":"https:\/\/stoic-curie.212-227-153-4.plesk.page\/pt\/wp-json\/wp\/v2\/product_cat?post=750865"},{"taxonomy":"product_tag","embeddable":true,"href":"https:\/\/stoic-curie.212-227-153-4.plesk.page\/pt\/wp-json\/wp\/v2\/product_tag?post=750865"}],"curies":[{"name":"wp","href":"https:\/\/api.w.org\/{rel}","templated":true}]}}