{"id":750875,"date":"2025-03-03T23:20:08","date_gmt":"2025-03-03T22:20:08","guid":{"rendered":"https:\/\/stoic-curie.212-227-153-4.plesk.page\/producto\/suporte-ajustavel-para-cana-de-pesca-h300mm-x-40mm\/"},"modified":"2026-02-25T00:28:16","modified_gmt":"2026-02-25T00:28:16","slug":"suporte-ajustavel-para-cana-de-pesca-h300mm-x-40mm","status":"publish","type":"product","link":"https:\/\/stoic-curie.212-227-153-4.plesk.page\/pt\/product\/suporte-ajustavel-para-cana-de-pesca-h300mm-x-40mm\/","title":{"rendered":"Suporte Ajust\u00e1vel para Cana de Pesca H300mm x 40mm"},"content":{"rendered":"<p>Suporte Ajust\u00e1vel para Cana de Pesca H300mm x 40mm &#8211; <\/p>\n<p>Suporte de vara ajust\u00e1vel de lat\u00e3o cromado com base plana e bucha de prote\u00e7\u00e3o de borracha. Gra\u00e7as ao suporte de clique, pode ser facilmente removido e mant\u00e9m a plataforma livre.<\/p>\n","protected":false},"excerpt":{"rendered":"<p>Suporte Ajust\u00e1vel para Cana de Pesca H300mm x 40mm &#8211; Suporte de vara ajust\u00e1vel de lat\u00e3o cromado com base plana<\/p>\n","protected":false},"featured_media":5946107,"comment_status":"open","ping_status":"closed","template":"","meta":[],"product_brand":[2947],"product_cat":[1967],"product_tag":[],"class_list":{"0":"post-750875","1":"product","2":"type-product","3":"status-publish","4":"has-post-thumbnail","6":"product_brand-foresti-suardi-pt","7":"product_cat-suportes-para-canas-de-pesca","9":"first","10":"instock","11":"shipping-taxable","12":"purchasable","13":"product-type-simple"},"_links":{"self":[{"href":"https:\/\/stoic-curie.212-227-153-4.plesk.page\/pt\/wp-json\/wp\/v2\/product\/750875","targetHints":{"allow":["GET"]}}],"collection":[{"href":"https:\/\/stoic-curie.212-227-153-4.plesk.page\/pt\/wp-json\/wp\/v2\/product"}],"about":[{"href":"https:\/\/stoic-curie.212-227-153-4.plesk.page\/pt\/wp-json\/wp\/v2\/types\/product"}],"replies":[{"embeddable":true,"href":"https:\/\/stoic-curie.212-227-153-4.plesk.page\/pt\/wp-json\/wp\/v2\/comments?post=750875"}],"version-history":[{"count":0,"href":"https:\/\/stoic-curie.212-227-153-4.plesk.page\/pt\/wp-json\/wp\/v2\/product\/750875\/revisions"}],"wp:featuredmedia":[{"embeddable":true,"href":"https:\/\/stoic-curie.212-227-153-4.plesk.page\/pt\/wp-json\/wp\/v2\/media\/5946107"}],"wp:attachment":[{"href":"https:\/\/stoic-curie.212-227-153-4.plesk.page\/pt\/wp-json\/wp\/v2\/media?parent=750875"}],"wp:term":[{"taxonomy":"product_brand","embeddable":true,"href":"https:\/\/stoic-curie.212-227-153-4.plesk.page\/pt\/wp-json\/wp\/v2\/product_brand?post=750875"},{"taxonomy":"product_cat","embeddable":true,"href":"https:\/\/stoic-curie.212-227-153-4.plesk.page\/pt\/wp-json\/wp\/v2\/product_cat?post=750875"},{"taxonomy":"product_tag","embeddable":true,"href":"https:\/\/stoic-curie.212-227-153-4.plesk.page\/pt\/wp-json\/wp\/v2\/product_tag?post=750875"}],"curies":[{"name":"wp","href":"https:\/\/api.w.org\/{rel}","templated":true}]}}