{"id":750878,"date":"2025-03-03T23:20:09","date_gmt":"2025-03-03T22:20:09","guid":{"rendered":"https:\/\/stoic-curie.212-227-153-4.plesk.page\/producto\/abastecedor-de-agua-cromado-com-fechadura-38mm\/"},"modified":"2026-02-25T00:28:16","modified_gmt":"2026-02-25T00:28:16","slug":"abastecedor-de-agua-cromado-com-fechadura-38mm","status":"publish","type":"product","link":"https:\/\/stoic-curie.212-227-153-4.plesk.page\/pt\/product\/abastecedor-de-agua-cromado-com-fechadura-38mm\/","title":{"rendered":"Abastecedor de \u00c1gua Cromado com Fechadura 38mm"},"content":{"rendered":"<p>Abastecedor de \u00c1gua Cromado com Fechadura 38mm &#8211; <\/p>\n<p>Fechadura de chave em lat\u00e3o cromado para uso no conv\u00e9s com uma alavanca para abrir e fechar. Fecho \u00e0 prova de \u00e1gua e estanque.<\/p>\n","protected":false},"excerpt":{"rendered":"<p>Abastecedor de \u00c1gua Cromado com Fechadura 38mm &#8211; Fechadura de chave em lat\u00e3o cromado para uso no conv\u00e9s com uma<\/p>\n","protected":false},"featured_media":5946111,"comment_status":"open","ping_status":"closed","template":"","meta":[],"product_brand":[2947],"product_cat":[1955],"product_tag":[],"class_list":{"0":"post-750878","1":"product","2":"type-product","3":"status-publish","4":"has-post-thumbnail","6":"product_brand-foresti-suardi-pt","7":"product_cat-tampao-de-enchimento-de-conves","9":"first","10":"instock","11":"shipping-taxable","12":"purchasable","13":"product-type-simple"},"_links":{"self":[{"href":"https:\/\/stoic-curie.212-227-153-4.plesk.page\/pt\/wp-json\/wp\/v2\/product\/750878","targetHints":{"allow":["GET"]}}],"collection":[{"href":"https:\/\/stoic-curie.212-227-153-4.plesk.page\/pt\/wp-json\/wp\/v2\/product"}],"about":[{"href":"https:\/\/stoic-curie.212-227-153-4.plesk.page\/pt\/wp-json\/wp\/v2\/types\/product"}],"replies":[{"embeddable":true,"href":"https:\/\/stoic-curie.212-227-153-4.plesk.page\/pt\/wp-json\/wp\/v2\/comments?post=750878"}],"version-history":[{"count":0,"href":"https:\/\/stoic-curie.212-227-153-4.plesk.page\/pt\/wp-json\/wp\/v2\/product\/750878\/revisions"}],"wp:featuredmedia":[{"embeddable":true,"href":"https:\/\/stoic-curie.212-227-153-4.plesk.page\/pt\/wp-json\/wp\/v2\/media\/5946111"}],"wp:attachment":[{"href":"https:\/\/stoic-curie.212-227-153-4.plesk.page\/pt\/wp-json\/wp\/v2\/media?parent=750878"}],"wp:term":[{"taxonomy":"product_brand","embeddable":true,"href":"https:\/\/stoic-curie.212-227-153-4.plesk.page\/pt\/wp-json\/wp\/v2\/product_brand?post=750878"},{"taxonomy":"product_cat","embeddable":true,"href":"https:\/\/stoic-curie.212-227-153-4.plesk.page\/pt\/wp-json\/wp\/v2\/product_cat?post=750878"},{"taxonomy":"product_tag","embeddable":true,"href":"https:\/\/stoic-curie.212-227-153-4.plesk.page\/pt\/wp-json\/wp\/v2\/product_tag?post=750878"}],"curies":[{"name":"wp","href":"https:\/\/api.w.org\/{rel}","templated":true}]}}