{"id":750881,"date":"2025-03-03T23:20:10","date_gmt":"2025-03-03T22:20:10","guid":{"rendered":"https:\/\/stoic-curie.212-227-153-4.plesk.page\/producto\/bomba-manual-de-mudanca-de-oleo-10lt-h590mm\/"},"modified":"2026-02-25T00:28:16","modified_gmt":"2026-02-25T00:28:16","slug":"bomba-manual-de-mudanca-de-oleo-10lt-h590mm","status":"publish","type":"product","link":"https:\/\/stoic-curie.212-227-153-4.plesk.page\/pt\/product\/bomba-manual-de-mudanca-de-oleo-10lt-h590mm\/","title":{"rendered":"Bomba Manual de Mudan\u00e7a de \u00d3leo 10lt H590mm"},"content":{"rendered":"<p>Bomba Manual de Mudan\u00e7a de \u00d3leo 10lt H590mm &#8211; <\/p>\n<p>Bomba de troca de \u00f3leo de qualidade profissional. Tanque transparente robusto com v\u00e1lvula de bloqueio autom\u00e1tico de n\u00edvel cheio. Completa com portas e 3 tubos com di\u00e2metros de 5,8\/6,7\/9,8 mm e seus respectivos comprimentos de 85\/85\/100 cm.<\/p>\n","protected":false},"excerpt":{"rendered":"<p>Bomba Manual de Mudan\u00e7a de \u00d3leo 10lt H590mm &#8211; Bomba de troca de \u00f3leo de qualidade profissional. Tanque transparente robusto<\/p>\n","protected":false},"featured_media":5946114,"comment_status":"open","ping_status":"closed","template":"","meta":[],"product_brand":[3492],"product_cat":[2074],"product_tag":[],"class_list":{"0":"post-750881","1":"product","2":"type-product","3":"status-publish","4":"has-post-thumbnail","6":"product_brand-trem-pt","7":"product_cat-bombas-de-oleo-e-combustivel","9":"first","10":"instock","11":"shipping-taxable","12":"purchasable","13":"product-type-simple"},"_links":{"self":[{"href":"https:\/\/stoic-curie.212-227-153-4.plesk.page\/pt\/wp-json\/wp\/v2\/product\/750881","targetHints":{"allow":["GET"]}}],"collection":[{"href":"https:\/\/stoic-curie.212-227-153-4.plesk.page\/pt\/wp-json\/wp\/v2\/product"}],"about":[{"href":"https:\/\/stoic-curie.212-227-153-4.plesk.page\/pt\/wp-json\/wp\/v2\/types\/product"}],"replies":[{"embeddable":true,"href":"https:\/\/stoic-curie.212-227-153-4.plesk.page\/pt\/wp-json\/wp\/v2\/comments?post=750881"}],"version-history":[{"count":0,"href":"https:\/\/stoic-curie.212-227-153-4.plesk.page\/pt\/wp-json\/wp\/v2\/product\/750881\/revisions"}],"wp:featuredmedia":[{"embeddable":true,"href":"https:\/\/stoic-curie.212-227-153-4.plesk.page\/pt\/wp-json\/wp\/v2\/media\/5946114"}],"wp:attachment":[{"href":"https:\/\/stoic-curie.212-227-153-4.plesk.page\/pt\/wp-json\/wp\/v2\/media?parent=750881"}],"wp:term":[{"taxonomy":"product_brand","embeddable":true,"href":"https:\/\/stoic-curie.212-227-153-4.plesk.page\/pt\/wp-json\/wp\/v2\/product_brand?post=750881"},{"taxonomy":"product_cat","embeddable":true,"href":"https:\/\/stoic-curie.212-227-153-4.plesk.page\/pt\/wp-json\/wp\/v2\/product_cat?post=750881"},{"taxonomy":"product_tag","embeddable":true,"href":"https:\/\/stoic-curie.212-227-153-4.plesk.page\/pt\/wp-json\/wp\/v2\/product_tag?post=750881"}],"curies":[{"name":"wp","href":"https:\/\/api.w.org\/{rel}","templated":true}]}}