{"id":750882,"date":"2025-03-03T23:20:10","date_gmt":"2025-03-03T22:20:10","guid":{"rendered":"https:\/\/stoic-curie.212-227-153-4.plesk.page\/producto\/tampa-1-4-ultraflex\/"},"modified":"2026-02-25T00:28:16","modified_gmt":"2026-02-25T00:28:16","slug":"tampa-1-4-ultraflex","status":"publish","type":"product","link":"https:\/\/stoic-curie.212-227-153-4.plesk.page\/pt\/product\/tampa-1-4-ultraflex\/","title":{"rendered":"Tampa 1\/4&#8243; Ultraflex"},"content":{"rendered":"<p>Tampa 1\/4&#8243; Ultraflex &#8211; <\/p>\n<p>Sistemas de dire\u00e7\u00e3o hidr\u00e1ulica Ultraflex para esta\u00e7\u00f5es duplas ou montagens de piloto autom\u00e1tico.<\/p>\n","protected":false},"excerpt":{"rendered":"<p>Tampa 1\/4&#8243; Ultraflex &#8211; Sistemas de dire\u00e7\u00e3o hidr\u00e1ulica Ultraflex para esta\u00e7\u00f5es duplas ou montagens de piloto autom\u00e1tico.<\/p>\n","protected":false},"featured_media":5946120,"comment_status":"open","ping_status":"closed","template":"","meta":[],"product_brand":[2169,3502],"product_cat":[2110],"product_tag":[],"class_list":{"0":"post-750882","1":"product","2":"type-product","3":"status-publish","4":"has-post-thumbnail","6":"product_brand-ultraflex-uflex","7":"product_brand-ultraflex-uflex-pt","8":"product_cat-direcao-hidraulica","10":"first","11":"instock","12":"shipping-taxable","13":"purchasable","14":"product-type-simple"},"_links":{"self":[{"href":"https:\/\/stoic-curie.212-227-153-4.plesk.page\/pt\/wp-json\/wp\/v2\/product\/750882","targetHints":{"allow":["GET"]}}],"collection":[{"href":"https:\/\/stoic-curie.212-227-153-4.plesk.page\/pt\/wp-json\/wp\/v2\/product"}],"about":[{"href":"https:\/\/stoic-curie.212-227-153-4.plesk.page\/pt\/wp-json\/wp\/v2\/types\/product"}],"replies":[{"embeddable":true,"href":"https:\/\/stoic-curie.212-227-153-4.plesk.page\/pt\/wp-json\/wp\/v2\/comments?post=750882"}],"version-history":[{"count":0,"href":"https:\/\/stoic-curie.212-227-153-4.plesk.page\/pt\/wp-json\/wp\/v2\/product\/750882\/revisions"}],"wp:featuredmedia":[{"embeddable":true,"href":"https:\/\/stoic-curie.212-227-153-4.plesk.page\/pt\/wp-json\/wp\/v2\/media\/5946120"}],"wp:attachment":[{"href":"https:\/\/stoic-curie.212-227-153-4.plesk.page\/pt\/wp-json\/wp\/v2\/media?parent=750882"}],"wp:term":[{"taxonomy":"product_brand","embeddable":true,"href":"https:\/\/stoic-curie.212-227-153-4.plesk.page\/pt\/wp-json\/wp\/v2\/product_brand?post=750882"},{"taxonomy":"product_cat","embeddable":true,"href":"https:\/\/stoic-curie.212-227-153-4.plesk.page\/pt\/wp-json\/wp\/v2\/product_cat?post=750882"},{"taxonomy":"product_tag","embeddable":true,"href":"https:\/\/stoic-curie.212-227-153-4.plesk.page\/pt\/wp-json\/wp\/v2\/product_tag?post=750882"}],"curies":[{"name":"wp","href":"https:\/\/api.w.org\/{rel}","templated":true}]}}