{"id":750883,"date":"2025-03-03T23:20:11","date_gmt":"2025-03-03T22:20:11","guid":{"rendered":"https:\/\/stoic-curie.212-227-153-4.plesk.page\/producto\/fusion-apollo-ms-ap41200\/"},"modified":"2026-02-25T00:28:16","modified_gmt":"2026-02-25T00:28:16","slug":"fusion-apollo-ms-ap41200","status":"publish","type":"product","link":"https:\/\/stoic-curie.212-227-153-4.plesk.page\/pt\/product\/fusion-apollo-ms-ap41200\/","title":{"rendered":"Amplificador Fusion Apollo MS-AP41200 &#8211; 4 canais"},"content":{"rendered":"<p>Amplificador Fusion Apollo MS-AP41200 &#8211; 4 canais &#8211; <\/p>\n<p style=\"color: rgb(34, 34, 34); font-family: Arial, Helvetica, sans-serif; font-size: small;\">O FUSION MS-AP41200 \u00e9 um robusto amplificador de 4 canais que proporciona impressionantes 1200 watts de pot\u00eancia. Este amplificador, juntamente com os amplificadores marinhos Fusion Apollo dispon\u00edveis em configura\u00e7\u00f5es de dois, quatro e oito canais, \u00e9 meticulosamente projetado para ser compat\u00edvel com os est\u00e9reos Fusion Apollo que incorporam tecnologia DSP (Processamento Digital de Sinal). Com a fun\u00e7\u00e3o Easy Tune2, ele ajusta automaticamente as configura\u00e7\u00f5es de som para elevar o desempenho do \u00e1udio.<\/p>\n<p style=\"color: rgb(34, 34, 34); font-family: Arial, Helvetica, sans-serif; font-size: small;\">Constru\u00eddo para suportar os desafios de ambientes marinhos, este amplificador \u00e9 equipado com indicadores LED e oferece ampla prote\u00e7\u00e3o contra perigos el\u00e9tricos, vibra\u00e7\u00f5es e exposi\u00e7\u00e3o \u00e0 \u00e1gua salgada, tudo isso enquanto otimiza a efici\u00eancia energ\u00e9tica. O pacote inclui todos os componentes necess\u00e1rios, como suportes, parafusos, coberturas de parafusos, um conector de energia, conectores de alto-falante e um manual completo com um template para uma instala\u00e7\u00e3o sem complica\u00e7\u00f5es.<\/p>\n<p style=\"color: rgb(34, 34, 34); font-family: Arial, Helvetica, sans-serif; font-size: small;\">Descubra a diferen\u00e7a entre apenas ouvir m\u00fasica e realmente experiment\u00e1-la.<\/p>\n<p style=\"color: rgb(34, 34, 34); font-family: Arial, Helvetica, sans-serif; font-size: small;\">Este amplificador \u00e9 exclusivamente compat\u00edvel com est\u00e9reos da s\u00e9rie Apollo e foi especificamente projetado para uso com est\u00e9reos marinhos Fusion\u00ae habilitados para DSP e alto-falantes Fusion.<\/p>\n<p style=\"color: rgb(34, 34, 34); font-family: Arial, Helvetica, sans-serif; font-size: small;\"><strong>Principais Recursos:<\/strong><\/p>\n<ul style=\"color: rgb(34, 34, 34); font-family: Arial, Helvetica, sans-serif; font-size: small;\">\n<li><strong>Sa\u00edda de Pot\u00eancia Not\u00e1vel<\/strong>: Fornece 150 watts RMS por canal (a 4 ohms), capaz de acionar at\u00e9 quatro pares de alto-falantes ou dois pares de alto-falantes junto com um subwoofer.<\/li>\n<li><strong>Arquitetura Classe D Eficiente<\/strong>: Consome menos energia, permitindo per\u00edodos prolongados de audi\u00e7\u00e3o em volumes elevados, enquanto minimiza o consumo da bateria.<\/li>\n<li><strong>Funcionalidade Easy Tune<\/strong>: Calibra automaticamente as configura\u00e7\u00f5es de som para qualidade de \u00e1udio m\u00e1xima sem a necessidade de ajustes manuais (a configura\u00e7\u00e3o via o aplicativo Fusion-Link\u2122 em um smartphone compat\u00edvel \u00e9 necess\u00e1ria).<\/li>\n<li><strong>Indicador de Status LED<\/strong>: Notifica sobre problemas el\u00e9tricos, curtos-circuitos e varia\u00e7\u00f5es de temperatura.<\/li>\n<li><strong>Baixa Distor\u00e7\u00e3o Harm\u00f4nica Total<\/strong>: Projetado para reduzir distor\u00e7\u00f5es e ru\u00eddos, aprimorando a clareza geral do \u00e1udio.<\/li>\n<li><strong>Prote\u00e7\u00e3o contra Igni\u00e7\u00e3o<\/strong>: Incorpora um fus\u00edvel eletr\u00f4nico inteligente que protege contra sobrecorrentes, subcorrentes, varia\u00e7\u00f5es de temperatura, curtos-circuitos de sa\u00edda e outras falhas potenciais.<\/li>\n<li><strong>PCB com Revestimento Conformal<\/strong>: O circuito do amplificador \u00e9 tratado especialmente para prote\u00e7\u00e3o superior contra condi\u00e7\u00f5es marinhas.<\/li>\n<li><strong>Acabamento em Alum\u00ednio Revestido a P\u00f3<\/strong>: Testado contra n\u00e9voa salina, extremos de temperatura, vibra\u00e7\u00f5es e exposi\u00e7\u00e3o UV, este amplificador combina durabilidade com um design elegante para melhorar a est\u00e9tica do seu barco.<\/li>\n<li><strong>Instala\u00e7\u00e3o Simples<\/strong>: Vem com conectores de cabo exclusivos e um suporte de montagem para uma f\u00e1cil configura\u00e7\u00e3o. Pr\u00e9-fura seus alto-falantes ou subwoofer e simplesmente encaixe o amplificador no lugar para um acabamento limpo.<\/li>\n<li><strong>Modo Alta Pot\u00eancia<\/strong>: Inclui adaptadores para conectar facilmente dois canais em modo alta pot\u00eancia, aumentando a pot\u00eancia de sa\u00edda.<\/li>\n<li><strong>Constru\u00e7\u00e3o True-Marine\u2122<\/strong>: Projetado para suportar os ambientes marinhos mais exigentes, temporada ap\u00f3s temporada, com uma garantia de 3 anos.<\/li>\n<\/ul>\n<p style=\"color: rgb(34, 34, 34); font-family: Arial, Helvetica, sans-serif; font-size: small;\">Os amplificadores marinhos Fusion\u00ae Apollo\u2122 elevam sua experi\u00eancia de audi\u00e7\u00e3o de simplesmente ouvir m\u00fasica para realmente senti-la. Esses amplificadores eficientes e f\u00e1ceis de usar s\u00e3o elaborados exclusivamente para est\u00e9reos compat\u00edveis com DSP da Fusion (Apollo RA770, Apollo RA670, Apollo WB670 e RA210) e alto-falantes Fusion. Com uma pot\u00eancia m\u00e1xima de 1200 watts (150 watts RMS por canal), o amplificador de 4 canais pode acionar at\u00e9 quatro pares de alto-falantes ou dois pares de alto-falantes e um subwoofer. A fun\u00e7\u00e3o Easy Tune garante qualidade de som ideal sem necessidade de ajustes manuais (a configura\u00e7\u00e3o requer o aplicativo Fusion-Link\u2122 em um smartphone compat\u00edvel). Projetados especificamente para aplica\u00e7\u00f5es marinhas, os amplificadores Apollo v\u00eam com uma garantia limitada de 3 anos.<\/p>\n<p style=\"color: rgb(34, 34, 34); font-family: Arial, Helvetica, sans-serif; font-size: small;\"><strong>Principais Recursos:<\/strong><\/p>\n<ul style=\"color: rgb(34, 34, 34); font-family: Arial, Helvetica, sans-serif; font-size: small;\">\n<li><strong>Amplificador de 4 canais de 1200 watts poderoso<\/strong> (150 watts RMS por canal) projetado para acionar at\u00e9 quatro pares de alto-falantes ou dois pares de alto-falantes e um subwoofer.<\/li>\n<li><strong>A fun\u00e7\u00e3o Easy Tune<\/strong> calibra automaticamente as configura\u00e7\u00f5es de \u00e1udio para a melhor qualidade de som (requer configura\u00e7\u00e3o usando o aplicativo Fusion-Link\u2122 em um smartphone compat\u00edvel).<\/li>\n<li><strong>Inclui suporte de montagem<\/strong> para instala\u00e7\u00e3o direta.<\/li>\n<li><strong>Design True-Marine\u2122 da Fusion\u00ae<\/strong> (testado contra n\u00e9voa salina, temperatura, vibra\u00e7\u00f5es e exposi\u00e7\u00e3o UV) com uma garantia limitada de 3 anos.<\/li>\n<\/ul>\n","protected":false},"excerpt":{"rendered":"<p>Amplificador Fusion Apollo MS-AP41200 &#8211; 4 canais &#8211; O FUSION MS-AP41200 \u00e9 um robusto amplificador de 4 canais que proporciona<\/p>\n","protected":false},"featured_media":5946121,"comment_status":"open","ping_status":"closed","template":"","meta":[],"product_brand":[2962],"product_cat":[2020],"product_tag":[],"class_list":{"0":"post-750883","1":"product","2":"type-product","3":"status-publish","4":"has-post-thumbnail","6":"product_brand-fusion-pt","7":"product_cat-equipamento-de-som-e-colunas","9":"first","10":"instock","11":"shipping-taxable","12":"purchasable","13":"product-type-simple"},"_links":{"self":[{"href":"https:\/\/stoic-curie.212-227-153-4.plesk.page\/pt\/wp-json\/wp\/v2\/product\/750883","targetHints":{"allow":["GET"]}}],"collection":[{"href":"https:\/\/stoic-curie.212-227-153-4.plesk.page\/pt\/wp-json\/wp\/v2\/product"}],"about":[{"href":"https:\/\/stoic-curie.212-227-153-4.plesk.page\/pt\/wp-json\/wp\/v2\/types\/product"}],"replies":[{"embeddable":true,"href":"https:\/\/stoic-curie.212-227-153-4.plesk.page\/pt\/wp-json\/wp\/v2\/comments?post=750883"}],"version-history":[{"count":0,"href":"https:\/\/stoic-curie.212-227-153-4.plesk.page\/pt\/wp-json\/wp\/v2\/product\/750883\/revisions"}],"wp:featuredmedia":[{"embeddable":true,"href":"https:\/\/stoic-curie.212-227-153-4.plesk.page\/pt\/wp-json\/wp\/v2\/media\/5946121"}],"wp:attachment":[{"href":"https:\/\/stoic-curie.212-227-153-4.plesk.page\/pt\/wp-json\/wp\/v2\/media?parent=750883"}],"wp:term":[{"taxonomy":"product_brand","embeddable":true,"href":"https:\/\/stoic-curie.212-227-153-4.plesk.page\/pt\/wp-json\/wp\/v2\/product_brand?post=750883"},{"taxonomy":"product_cat","embeddable":true,"href":"https:\/\/stoic-curie.212-227-153-4.plesk.page\/pt\/wp-json\/wp\/v2\/product_cat?post=750883"},{"taxonomy":"product_tag","embeddable":true,"href":"https:\/\/stoic-curie.212-227-153-4.plesk.page\/pt\/wp-json\/wp\/v2\/product_tag?post=750883"}],"curies":[{"name":"wp","href":"https:\/\/api.w.org\/{rel}","templated":true}]}}