{"id":750885,"date":"2025-03-03T23:20:11","date_gmt":"2025-03-03T22:20:11","guid":{"rendered":"https:\/\/stoic-curie.212-227-153-4.plesk.page\/producto\/amplificador-fusion-ms-ap82400\/"},"modified":"2026-02-25T00:28:16","modified_gmt":"2026-02-25T00:28:16","slug":"amplificador-fusion-ms-ap82400","status":"publish","type":"product","link":"https:\/\/stoic-curie.212-227-153-4.plesk.page\/pt\/product\/amplificador-fusion-ms-ap82400\/","title":{"rendered":"Amplificador Fusion MS-AP82400 8 canais"},"content":{"rendered":"<p>Amplificador Fusion MS-AP82400 8 canais &#8211; <\/p>\n<p>O amplificador marinho Fusion MS-AP82400 \u00e9 um componente essencial do Sistema de Entretenimento Marinho Apollo da Fusion. Este sistema oferece uma experi\u00eancia de \u00e1udio de alta-fidelidade completa, garantindo que cada parte &#8211; desde a fonte at\u00e9 a pot\u00eancia e os alto-falantes &#8211; funcione em perfeita harmonia. Os receptores, amplificadores e alto-falantes da S\u00e9rie Apollo foram projetados para operar em sinergia, eliminando a necessidade de controles complexos a bordo. Em vez disso, voc\u00ea pode gerenciar tudo facilmente atrav\u00e9s do software Easy Tune da Fusion.<\/p>\n<p>Esta s\u00e9rie inclui amplificadores marinhos Fusion Apollo em classe D de duas, quatro e oito canais, especificamente projetados para uso com est\u00e9reos Apollo da Fusion que possuem tecnologia DSP (Processamento Digital de Sinais). Com a fun\u00e7\u00e3o Easy Tune2, esses amplificadores podem ajustar automaticamente as configura\u00e7\u00f5es de som para aprimorar a qualidade do \u00e1udio. Eles s\u00e3o equipados com indicadores LED, prote\u00e7\u00e3o total contra danos el\u00e9tricos e s\u00e3o constru\u00eddos para suportar vibra\u00e7\u00f5es e ambientes salinos, tudo isso otimizando o consumo de energia. O pacote inclui suportes, parafusos, capas de parafuso, um conector de energia, conectores de alto-falantes e um manual com um modelo.<\/p>\n<p><strong>Ajuste Personalizado<\/strong><\/p>\n<p>Usando o aplicativo Fusion-Link\u2122 em seu smartphone compat\u00edvel, voc\u00ea pode selecionar o amplificador da S\u00e9rie Apollo, os alto-falantes e os subwoofers que est\u00e1 usando. O receptor DSP criar\u00e1 ent\u00e3o um sinal ajustado especificamente para otimizar os n\u00edveis de ganho do amplificador, o crossover e as configura\u00e7\u00f5es de tonalidade. Voc\u00ea pode at\u00e9 escolher diferentes perfis de som para cabines fechadas, a \u00e1rea do leme ou a \u00e1rea externa, garantindo a qualidade perfeita do som em cada local.<\/p>\n<p><strong>Pot\u00eancia para Seu Sistema Fusion Apollo<\/strong><\/p>\n<p>O amplificador Fusion Apollo MS-AP82400 de oito canais fornece 150 watts RMS por canal, oferecendo a pot\u00eancia que sua m\u00fasica precisa em todas as \u00e1reas do seu barco. Um adaptador de liga\u00e7\u00e3o inclu\u00eddo permite combinar dois canais do amplificador para operar um subwoofer com at\u00e9 580 watts RMS, enquanto ainda fornece energia a seis outros alto-falantes com 150 watts cada. O design eficiente em Classe D maximiza a sa\u00edda de pot\u00eancia enquanto minimiza o consumo da bateria.<\/p>\n<p><strong>Projetado para a Vida a Bordo<\/strong><\/p>\n<p>Este amplificador possui prote\u00e7\u00e3o contra igni\u00e7\u00e3o e um fus\u00edvel eletr\u00f4nico inteligente para prevenir danos de falhas el\u00e9tricas. Seu chassi resistente \u00e0s intemp\u00e9ries, classificado como IPX2 (resistente a respingos), acabamento em alum\u00ednio revestido em p\u00f3 e placas de circuito com revestimento conformal garantem que o amplificador da Fusion, projetado segundo o conceito True-Marine\u2122, possa suportar condi\u00e7\u00f5es mar\u00edtimas adversas.<\/p>\n<p><strong>Destaques do Produto:<\/strong><\/p>\n<ul>\n<li>Amplificador marinho de 8 canais para um sistema de est\u00e9reos Fusion Apollo DSP<\/li>\n<li>150 watts RMS x 8 a 4 ohms<\/li>\n<li>290 watts RMS x 8 a 2 ohms<\/li>\n<li>580 watts RMS x 4 pontes* a 4 ohms<\/li>\n<li>Conformidade com CEA-2006<\/li>\n<li>Design Classe D<\/li>\n<li>Sem controles de pot\u00eancia ou \u00e1udio a bordo<\/li>\n<\/ul>\n<p><strong>Recursos do Easy Tune:<\/strong><\/p>\n<ul>\n<li>Controlado via aplicativo Fusion-Link a partir do seu smartphone via Bluetooth para receptores, alto-falantes e subwoofers Fusion DSP compat\u00edveis<\/li>\n<li>Receptores Fusion compat\u00edveis: MS-RA770, MS-RA670, WB670 e MS-RA210<\/li>\n<\/ul>\n<p><strong>Recursos Adicionais:<\/strong><\/p>\n<ul>\n<li>Suporte de montagem inclu\u00eddo<\/li>\n<li>Resistente \u00e0s intemp\u00e9ries: chassi classificado como IPX2 e placas de circuito com revestimento conformal<\/li>\n<li>Um adaptador de alta pot\u00eancia inclu\u00eddo; adaptadores adicionais dispon\u00edveis da Fusion<\/li>\n<li>Fia\u00e7\u00e3o e hardware n\u00e3o inclu\u00eddos com o amplificador<\/li>\n<li>Recomendado uso de cabos de energia e terra de 4 gauge<\/li>\n<li>Avalia\u00e7\u00e3o do fus\u00edvel: 125A x 1<\/li>\n<li>Dimens\u00f5es (com suporte de montagem): 14-1\/8&#8243;L x 2-1\/4&#8243;A x 8-5\/16&#8243;P<\/li>\n<li>Garantia: 3 anos<\/li>\n<\/ul>\n","protected":false},"excerpt":{"rendered":"<p>Amplificador Fusion MS-AP82400 8 canais &#8211; O amplificador marinho Fusion MS-AP82400 \u00e9 um componente essencial do Sistema de Entretenimento Marinho<\/p>\n","protected":false},"featured_media":5946121,"comment_status":"open","ping_status":"closed","template":"","meta":[],"product_brand":[2962],"product_cat":[2020],"product_tag":[],"class_list":{"0":"post-750885","1":"product","2":"type-product","3":"status-publish","4":"has-post-thumbnail","6":"product_brand-fusion-pt","7":"product_cat-equipamento-de-som-e-colunas","9":"first","10":"instock","11":"shipping-taxable","12":"purchasable","13":"product-type-simple"},"_links":{"self":[{"href":"https:\/\/stoic-curie.212-227-153-4.plesk.page\/pt\/wp-json\/wp\/v2\/product\/750885","targetHints":{"allow":["GET"]}}],"collection":[{"href":"https:\/\/stoic-curie.212-227-153-4.plesk.page\/pt\/wp-json\/wp\/v2\/product"}],"about":[{"href":"https:\/\/stoic-curie.212-227-153-4.plesk.page\/pt\/wp-json\/wp\/v2\/types\/product"}],"replies":[{"embeddable":true,"href":"https:\/\/stoic-curie.212-227-153-4.plesk.page\/pt\/wp-json\/wp\/v2\/comments?post=750885"}],"version-history":[{"count":0,"href":"https:\/\/stoic-curie.212-227-153-4.plesk.page\/pt\/wp-json\/wp\/v2\/product\/750885\/revisions"}],"wp:featuredmedia":[{"embeddable":true,"href":"https:\/\/stoic-curie.212-227-153-4.plesk.page\/pt\/wp-json\/wp\/v2\/media\/5946121"}],"wp:attachment":[{"href":"https:\/\/stoic-curie.212-227-153-4.plesk.page\/pt\/wp-json\/wp\/v2\/media?parent=750885"}],"wp:term":[{"taxonomy":"product_brand","embeddable":true,"href":"https:\/\/stoic-curie.212-227-153-4.plesk.page\/pt\/wp-json\/wp\/v2\/product_brand?post=750885"},{"taxonomy":"product_cat","embeddable":true,"href":"https:\/\/stoic-curie.212-227-153-4.plesk.page\/pt\/wp-json\/wp\/v2\/product_cat?post=750885"},{"taxonomy":"product_tag","embeddable":true,"href":"https:\/\/stoic-curie.212-227-153-4.plesk.page\/pt\/wp-json\/wp\/v2\/product_tag?post=750885"}],"curies":[{"name":"wp","href":"https:\/\/api.w.org\/{rel}","templated":true}]}}