{"id":750889,"date":"2025-03-03T23:20:13","date_gmt":"2025-03-03T22:20:13","guid":{"rendered":"https:\/\/stoic-curie.212-227-153-4.plesk.page\/producto\/jabsco-par-max-hd4-40psi-24v\/"},"modified":"2026-02-25T00:28:16","modified_gmt":"2026-02-25T00:28:16","slug":"jabsco-par-max-hd4-40psi-24v","status":"publish","type":"product","link":"https:\/\/stoic-curie.212-227-153-4.plesk.page\/pt\/product\/jabsco-par-max-hd4-40psi-24v\/","title":{"rendered":"Jabsco Par-Max HD4 40PSI 24v"},"content":{"rendered":"<p>Jabsco Par-Max HD4 40PSI 24v &#8211; A Jabsco Xylem HotShot HD4 24V DC \u00e9 uma bomba de diafragma de lavagem de alta vaz\u00e3o e alta press\u00e3o confi\u00e1vel. Este modelo HD (heavy duty) possui um motor de maior di\u00e2metro (do que modelos padr\u00e3o n\u00e3o-HD) com uma carca\u00e7a revestida a p\u00f3, tampas de alum\u00ednio fundido e um corpo inferior para melhorar a capacidade de press\u00e3o e a vida \u00fatil.<\/p>\n<p>A bomba possui p\u00e9s que amortecem vibra\u00e7\u00f5es para opera\u00e7\u00e3o silenciosa e um interruptor de press\u00e3o selado integrado para opera\u00e7\u00e3o sob demanda. Tem a capacidade de auto-primagem de 2,1 metros (7 p\u00e9s) e pode funcionar a seco sem danos.<\/p>\n<p>A Jabsco Xylem HotShot HD4 \u00e9 fornecida com um conector r\u00e1pido de mangueira reta e acess\u00f3rios GHT, um filtro de conex\u00e3o r\u00e1pida de 90\u00b0 com 20 malhas, e um bico acionador e adaptadores de mangueira com conector r\u00e1pido.<\/p>\n<ul>\n<li>Voltagem: 24V DC<\/li>\n<li>Fluxo aberto: 4 GPM (15 LPM)<\/li>\n<li>Press\u00e3o de desligamento: 60 BAR (4,1 PSI)<\/li>\n<li>M\u00e1ximo de corrente: 6,0 Amperes<\/li>\n<li>Tamanho do fus\u00edvel recomendado: 10A<\/li>\n<li>Dimens\u00f5es: 239mm (C) x 104mm (L) x 97mm (A)<\/li>\n<\/ul>\n","protected":false},"excerpt":{"rendered":"<p>Jabsco Par-Max HD4 40PSI 24v &#8211; A Jabsco Xylem HotShot HD4 24V DC \u00e9 uma bomba de diafragma de lavagem<\/p>\n","protected":false},"featured_media":5946127,"comment_status":"open","ping_status":"closed","template":"","meta":[],"product_brand":[3032],"product_cat":[1935,1947],"product_tag":[],"class_list":{"0":"post-750889","1":"product","2":"type-product","3":"status-publish","4":"has-post-thumbnail","6":"product_brand-jabsco-marine-pt","7":"product_cat-bombas-de-lavagem","8":"product_cat-bombas-de-pressao-de-agua","10":"first","11":"instock","12":"shipping-taxable","13":"purchasable","14":"product-type-simple"},"_links":{"self":[{"href":"https:\/\/stoic-curie.212-227-153-4.plesk.page\/pt\/wp-json\/wp\/v2\/product\/750889","targetHints":{"allow":["GET"]}}],"collection":[{"href":"https:\/\/stoic-curie.212-227-153-4.plesk.page\/pt\/wp-json\/wp\/v2\/product"}],"about":[{"href":"https:\/\/stoic-curie.212-227-153-4.plesk.page\/pt\/wp-json\/wp\/v2\/types\/product"}],"replies":[{"embeddable":true,"href":"https:\/\/stoic-curie.212-227-153-4.plesk.page\/pt\/wp-json\/wp\/v2\/comments?post=750889"}],"version-history":[{"count":0,"href":"https:\/\/stoic-curie.212-227-153-4.plesk.page\/pt\/wp-json\/wp\/v2\/product\/750889\/revisions"}],"wp:featuredmedia":[{"embeddable":true,"href":"https:\/\/stoic-curie.212-227-153-4.plesk.page\/pt\/wp-json\/wp\/v2\/media\/5946127"}],"wp:attachment":[{"href":"https:\/\/stoic-curie.212-227-153-4.plesk.page\/pt\/wp-json\/wp\/v2\/media?parent=750889"}],"wp:term":[{"taxonomy":"product_brand","embeddable":true,"href":"https:\/\/stoic-curie.212-227-153-4.plesk.page\/pt\/wp-json\/wp\/v2\/product_brand?post=750889"},{"taxonomy":"product_cat","embeddable":true,"href":"https:\/\/stoic-curie.212-227-153-4.plesk.page\/pt\/wp-json\/wp\/v2\/product_cat?post=750889"},{"taxonomy":"product_tag","embeddable":true,"href":"https:\/\/stoic-curie.212-227-153-4.plesk.page\/pt\/wp-json\/wp\/v2\/product_tag?post=750889"}],"curies":[{"name":"wp","href":"https:\/\/api.w.org\/{rel}","templated":true}]}}