{"id":750891,"date":"2025-03-03T23:20:13","date_gmt":"2025-03-03T22:20:13","guid":{"rendered":"https:\/\/stoic-curie.212-227-153-4.plesk.page\/producto\/jabsco-par-max-hd6-40psi-24v\/"},"modified":"2026-02-25T00:28:16","modified_gmt":"2026-02-25T00:28:16","slug":"jabsco-par-max-hd6-40psi-24v","status":"publish","type":"product","link":"https:\/\/stoic-curie.212-227-153-4.plesk.page\/pt\/product\/jabsco-par-max-hd6-40psi-24v\/","title":{"rendered":"Jabsco Par-Max HD6 40PSI 24v"},"content":{"rendered":"<p>Jabsco Par-Max HD6 40PSI 24v &#8211; <\/p>\n<div class=\"col-24 col-md-15\">\n<p>Uma bomba de diafragma de alta press\u00e3o e alto fluxo de 24V DC da Jabsco Xylem. Este modelo HotShot HD6 de alto desempenho apresenta um motor de di\u00e2metro largo (em compara\u00e7\u00e3o com modelos n\u00e3o-HD padr\u00e3o), com um revestimento em p\u00f3, tampas de alum\u00ednio fundido e uma carca\u00e7a inferior para melhorar a capacidade de press\u00e3o e a vida \u00fatil.<\/p>\n<p>A bomba possui p\u00e9s que absorvem vibra\u00e7\u00f5es para opera\u00e7\u00e3o silenciosa e um interruptor de press\u00e3o selado integrado para opera\u00e7\u00e3o sob demanda. Possui capacidade de auto-primagem a seco de 2,1 metros (7 p\u00e9s) e pode funcionar a seco sem danos.<\/p>\n<p>A Jabsco Xylem HotShot HD6 \u00e9 fornecida com um conector reto de mangueira de conex\u00e3o r\u00e1pida e conectores GHT, um filtro de conex\u00e3o r\u00e1pida de malha 90\u00b0 de 20 e um bico de acionamento e adaptadores de mangueira de conex\u00e3o r\u00e1pida.<\/p>\n<p>\u2022 Voltagem: 24V DC<\/p>\n<p>\u2022 Fluxo aberto GPM (LPM): 6 (23)<\/p>\n<p>\u2022 Press\u00e3o de desligamento PSI (BAR): 70 (4.8)<\/p>\n<p>\u2022 Corrente m\u00e1xima AMPS: 9.4<\/p>\n<p>\u2022 Tamanho do fus\u00edvel recomendado: 15<\/p>\n<p>\u2022 Dimens\u00f5es: 10,2&#8243; de comprimento, 5,1&#8243; de largura, 4,7&#8243; de altura \/ 259 (L) x 129 (W) x 119 (H) mm<\/p>\n<\/div>\n","protected":false},"excerpt":{"rendered":"<p>Jabsco Par-Max HD6 40PSI 24v &#8211; Uma bomba de diafragma de alta press\u00e3o e alto fluxo de 24V DC da<\/p>\n","protected":false},"featured_media":5946129,"comment_status":"open","ping_status":"closed","template":"","meta":[],"product_brand":[3032],"product_cat":[1935,1947],"product_tag":[],"class_list":{"0":"post-750891","1":"product","2":"type-product","3":"status-publish","4":"has-post-thumbnail","6":"product_brand-jabsco-marine-pt","7":"product_cat-bombas-de-lavagem","8":"product_cat-bombas-de-pressao-de-agua","10":"first","11":"instock","12":"shipping-taxable","13":"purchasable","14":"product-type-simple"},"_links":{"self":[{"href":"https:\/\/stoic-curie.212-227-153-4.plesk.page\/pt\/wp-json\/wp\/v2\/product\/750891","targetHints":{"allow":["GET"]}}],"collection":[{"href":"https:\/\/stoic-curie.212-227-153-4.plesk.page\/pt\/wp-json\/wp\/v2\/product"}],"about":[{"href":"https:\/\/stoic-curie.212-227-153-4.plesk.page\/pt\/wp-json\/wp\/v2\/types\/product"}],"replies":[{"embeddable":true,"href":"https:\/\/stoic-curie.212-227-153-4.plesk.page\/pt\/wp-json\/wp\/v2\/comments?post=750891"}],"version-history":[{"count":0,"href":"https:\/\/stoic-curie.212-227-153-4.plesk.page\/pt\/wp-json\/wp\/v2\/product\/750891\/revisions"}],"wp:featuredmedia":[{"embeddable":true,"href":"https:\/\/stoic-curie.212-227-153-4.plesk.page\/pt\/wp-json\/wp\/v2\/media\/5946129"}],"wp:attachment":[{"href":"https:\/\/stoic-curie.212-227-153-4.plesk.page\/pt\/wp-json\/wp\/v2\/media?parent=750891"}],"wp:term":[{"taxonomy":"product_brand","embeddable":true,"href":"https:\/\/stoic-curie.212-227-153-4.plesk.page\/pt\/wp-json\/wp\/v2\/product_brand?post=750891"},{"taxonomy":"product_cat","embeddable":true,"href":"https:\/\/stoic-curie.212-227-153-4.plesk.page\/pt\/wp-json\/wp\/v2\/product_cat?post=750891"},{"taxonomy":"product_tag","embeddable":true,"href":"https:\/\/stoic-curie.212-227-153-4.plesk.page\/pt\/wp-json\/wp\/v2\/product_tag?post=750891"}],"curies":[{"name":"wp","href":"https:\/\/api.w.org\/{rel}","templated":true}]}}