{"id":750893,"date":"2025-03-03T23:20:14","date_gmt":"2025-03-03T22:20:14","guid":{"rendered":"https:\/\/stoic-curie.212-227-153-4.plesk.page\/producto\/valvula-by-pass-vetus-bypass10-para-tubulacao-de-10mm\/"},"modified":"2026-02-25T00:28:16","modified_gmt":"2026-02-25T00:28:16","slug":"valvula-by-pass-vetus-bypass10-para-tubulacao-de-10mm","status":"publish","type":"product","link":"https:\/\/stoic-curie.212-227-153-4.plesk.page\/pt\/product\/valvula-by-pass-vetus-bypass10-para-tubulacao-de-10mm\/","title":{"rendered":"V\u00e1lvula by-Pass Vetus BYPASS10 para tubula\u00e7\u00e3o de 10mm"},"content":{"rendered":"<p>V\u00e1lvula by-Pass Vetus BYPASS10 para tubula\u00e7\u00e3o de 10mm &#8211; <\/p>\n<div class=\"col-24 col-md-15\">\n<p>Se, em caso de emerg\u00eancia, for necess\u00e1rio uma r\u00e1pida mudan\u00e7a para a dire\u00e7\u00e3o de leme, a instala\u00e7\u00e3o de uma v\u00e1lvula de bypass pr\u00f3ximo ao cilindro \u00e9 necess\u00e1ria. A V\u00e1lvula Vetus BYPASS10 \u00e9 fornecida com conex\u00f5es de compress\u00e3o e azeitonas para tubula\u00e7\u00e3o de cobre de 10 mm.<\/p>\n<p>Para sistemas que usam a mangueira de nylon Vetus HHOSE6 (6 x 10 mm), pe\u00e7a os inserts de manga HS145S.<\/p>\n<p>Lat\u00e3o cromado com cabo remov\u00edvel de a\u00e7o pintado.<\/p>\n<\/div>\n<p><\/p>\n<table class=\"table\">\n<tbody>\n<tr>\n<td><strong>Marca<\/strong><\/td>\n<td>Vetus<\/td>\n<\/tr>\n<tr>\n<td><strong>Modelo<\/strong><\/td>\n<td>BYPASS10<\/td>\n<\/tr>\n<tr>\n<td><strong>Pe\u00e7as e Acess\u00f3rios<\/strong><\/td>\n<td>V\u00e1lvula Bypass<\/td>\n<\/tr>\n<\/tbody>\n<\/table>\n","protected":false},"excerpt":{"rendered":"<p>V\u00e1lvula by-Pass Vetus BYPASS10 para tubula\u00e7\u00e3o de 10mm &#8211; Se, em caso de emerg\u00eancia, for necess\u00e1rio uma r\u00e1pida mudan\u00e7a para<\/p>\n","protected":false},"featured_media":5946134,"comment_status":"open","ping_status":"closed","template":"","meta":[],"product_brand":[3522],"product_cat":[2110],"product_tag":[],"class_list":{"0":"post-750893","1":"product","2":"type-product","3":"status-publish","4":"has-post-thumbnail","6":"product_brand-vetus-pt","7":"product_cat-direcao-hidraulica","9":"first","10":"instock","11":"shipping-taxable","12":"purchasable","13":"product-type-simple"},"_links":{"self":[{"href":"https:\/\/stoic-curie.212-227-153-4.plesk.page\/pt\/wp-json\/wp\/v2\/product\/750893","targetHints":{"allow":["GET"]}}],"collection":[{"href":"https:\/\/stoic-curie.212-227-153-4.plesk.page\/pt\/wp-json\/wp\/v2\/product"}],"about":[{"href":"https:\/\/stoic-curie.212-227-153-4.plesk.page\/pt\/wp-json\/wp\/v2\/types\/product"}],"replies":[{"embeddable":true,"href":"https:\/\/stoic-curie.212-227-153-4.plesk.page\/pt\/wp-json\/wp\/v2\/comments?post=750893"}],"version-history":[{"count":0,"href":"https:\/\/stoic-curie.212-227-153-4.plesk.page\/pt\/wp-json\/wp\/v2\/product\/750893\/revisions"}],"wp:featuredmedia":[{"embeddable":true,"href":"https:\/\/stoic-curie.212-227-153-4.plesk.page\/pt\/wp-json\/wp\/v2\/media\/5946134"}],"wp:attachment":[{"href":"https:\/\/stoic-curie.212-227-153-4.plesk.page\/pt\/wp-json\/wp\/v2\/media?parent=750893"}],"wp:term":[{"taxonomy":"product_brand","embeddable":true,"href":"https:\/\/stoic-curie.212-227-153-4.plesk.page\/pt\/wp-json\/wp\/v2\/product_brand?post=750893"},{"taxonomy":"product_cat","embeddable":true,"href":"https:\/\/stoic-curie.212-227-153-4.plesk.page\/pt\/wp-json\/wp\/v2\/product_cat?post=750893"},{"taxonomy":"product_tag","embeddable":true,"href":"https:\/\/stoic-curie.212-227-153-4.plesk.page\/pt\/wp-json\/wp\/v2\/product_tag?post=750893"}],"curies":[{"name":"wp","href":"https:\/\/api.w.org\/{rel}","templated":true}]}}